{"id":293449,"date":"2025-09-11T13:45:42","date_gmt":"2025-09-11T10:45:42","guid":{"rendered":"https:\/\/glamuur.ee\/?post_type=product&#038;p=293449"},"modified":"2026-04-16T18:00:06","modified_gmt":"2026-04-16T15:00:06","slug":"https-glamuur-ee-wp-content-uploads-2025-09-78039zy_1-scaled-jpg","status":"publish","type":"product","link":"https:\/\/glamuur.ee\/et\/product\/https-glamuur-ee-wp-content-uploads-2025-09-78039zy_1-scaled-jpg\/","title":{"rendered":"TI SENTO k\u00f5rvar\u00f5ngad 78039ZY"},"content":{"rendered":"<p>T\u00f5sta oma v\u00e4limust nende TI SENTO kullatud h\u00f5bedast k\u00f5rvar\u00f5ngastega 78039ZY.<br \/>\nNeed 925 h\u00f5bedast valmistatud piklikud pisarakujulised k\u00f5rvar\u00f5ngad \u00fchendavad s\u00e4rava kollase kullaga kaetud r\u00f5nga ja plaatinaga kaetud avatud tilga, mis on paveeritud briljantidega valge tsirkooniumiga. \u00d5huline siluett loob rafineeritud liikumise ning s\u00e4ra ja s\u00e4ra peene m\u00e4ngu. Need on elegantsed, kuid samas naiselikud ja sobivad ideaalselt n\u00e4o raamimiseks - kandke neid p\u00e4eval pehme kudumiga v\u00f5i \u00f5htul r\u00f5ivastatud kleidiga. Niklivabad ja h\u00fcpoallergeensed, pakuvad kerget luksust ja p\u00fcsivat mugavust tundlikele k\u00f5rvadele.<\/p>","protected":false},"excerpt":{"rendered":"<p>TI SENTO k\u00f5rvar\u00f5ngad 78039ZY. Pikkus: 36,5 mm - Laius: 15 mm - Kivi l\u00e4bim\u00f5\u00f5t: 25,5 mm.<\/p>","protected":false},"featured_media":293288,"comment_status":"open","ping_status":"closed","template":"","meta":{"jetpack_post_was_ever_published":false},"product_brand":[1063],"product_cat":[725,1062,143],"product_tag":[],"giftcard-category":[],"class_list":{"0":"post-293449","1":"product","2":"type-product","3":"status-publish","4":"has-post-thumbnail","6":"product_brand-ti-sento-milano","7":"product_cat-earrings","8":"product_cat-ti-sento-milano-aw25","9":"product_cat-ti-sento-milano-earrings","10":"pa_material-silver","11":"pa_metal-color-yellow-gold","12":"pa_product-brand-ti-sento-milano","13":"pa_stone-color-white","14":"pa_type-category-earrings","16":"first","17":"instock","18":"taxable","19":"shipping-taxable","20":"purchasable","21":"product-type-simple"},"bundled_by":[],"bundle_stock_status":"instock","bundle_stock_quantity":2,"bundle_virtual":false,"bundle_layout":"","bundle_add_to_cart_form_location":"","bundle_editable_in_cart":false,"bundle_sold_individually_context":"","bundle_item_grouping":"","bundle_min_size":"","bundle_max_size":"","bundle_price":[],"bundled_items":[],"bundle_sell_ids":[],"etheme_brands":{"errors":{"invalid_taxonomy":["Lubamatu taksonoomia."]},"error_data":[]},"_links":{"self":[{"href":"https:\/\/glamuur.ee\/et\/wp-json\/wp\/v2\/product\/293449","targetHints":{"allow":["GET"]}}],"collection":[{"href":"https:\/\/glamuur.ee\/et\/wp-json\/wp\/v2\/product"}],"about":[{"href":"https:\/\/glamuur.ee\/et\/wp-json\/wp\/v2\/types\/product"}],"replies":[{"embeddable":true,"href":"https:\/\/glamuur.ee\/et\/wp-json\/wp\/v2\/comments?post=293449"}],"wp:featuredmedia":[{"embeddable":true,"href":"https:\/\/glamuur.ee\/et\/wp-json\/wp\/v2\/media\/293288"}],"wp:attachment":[{"href":"https:\/\/glamuur.ee\/et\/wp-json\/wp\/v2\/media?parent=293449"}],"wp:term":[{"taxonomy":"product_brand","embeddable":true,"href":"https:\/\/glamuur.ee\/et\/wp-json\/wp\/v2\/product_brand?post=293449"},{"taxonomy":"product_cat","embeddable":true,"href":"https:\/\/glamuur.ee\/et\/wp-json\/wp\/v2\/product_cat?post=293449"},{"taxonomy":"product_tag","embeddable":true,"href":"https:\/\/glamuur.ee\/et\/wp-json\/wp\/v2\/product_tag?post=293449"},{"taxonomy":"giftcard-category","embeddable":true,"href":"https:\/\/glamuur.ee\/et\/wp-json\/wp\/v2\/giftcard-category?post=293449"}],"curies":[{"name":"wp","href":"https:\/\/api.w.org\/{rel}","templated":true}]}}