{"id":293448,"date":"2025-09-11T13:45:40","date_gmt":"2025-09-11T10:45:40","guid":{"rendered":"https:\/\/glamuur.ee\/?post_type=product&#038;p=293448"},"modified":"2026-04-10T18:58:11","modified_gmt":"2026-04-10T15:58:11","slug":"https-glamuur-ee-wp-content-uploads-2025-09-78038gg_1-scaled-jpg","status":"publish","type":"product","link":"https:\/\/glamuur.ee\/et\/product\/https-glamuur-ee-wp-content-uploads-2025-09-78038gg_1-scaled-jpg\/","title":{"rendered":"TI SENTO k\u00f5rvar\u00f5ngad 78038GG"},"content":{"rendered":"<p>Avastage rafineeritud liikumine nende TI SENTO plaatinaga kaetud h\u00f5bedast k\u00f5rvar\u00f5ngaste 78038GG abil.<br \/>\nIga 925 sterlingh\u00f5bedast valmistatud ja briljantse lihviga valge tsirkooniumiga paveeritud r\u00f5ngas riputab l\u00e4bipaistvat halli briolett-ehitusega kivi. Pehmelt lihvitud pisarad p\u00fc\u00fcavad valgust peene suitsuliku s\u00e4raga, lisades voolavale siluetile tagasihoidlikku elegantsi. Need k\u00f5rvar\u00f5ngad on viimistletud plaatinaga, mis annab jahedat tooni, ning need k\u00f5rvar\u00f5ngad toovad kaasaegset pehmust nii igap\u00e4evastesse kui ka \u00f5htustesse r\u00f5ivastesse. Niklivabad ja h\u00fcpoallergeensed, pakuvad need lihvitud keerukust ja vaevata mugavust kogu p\u00e4eva jooksul.<\/p>","protected":false},"excerpt":{"rendered":"<p>TI SENTO k\u00f5rvar\u00f5ngad 78038GG. Pikkus: 37 mm - Laius: 12 mm - Kivi l\u00e4bim\u00f5\u00f5t: 18 mm<\/p>","protected":false},"featured_media":293285,"comment_status":"open","ping_status":"closed","template":"","meta":{"jetpack_post_was_ever_published":false},"product_brand":[1063],"product_cat":[725,1062,143],"product_tag":[],"giftcard-category":[],"class_list":{"0":"post-293448","1":"product","2":"type-product","3":"status-publish","4":"has-post-thumbnail","6":"product_brand-ti-sento-milano","7":"product_cat-earrings","8":"product_cat-ti-sento-milano-aw25","9":"product_cat-ti-sento-milano-earrings","10":"pa_material-silver","11":"pa_metal-color-silver","12":"pa_product-brand-ti-sento-milano","13":"pa_stone-color-grey","14":"pa_type-category-earrings","16":"first","17":"instock","18":"taxable","19":"shipping-taxable","20":"purchasable","21":"product-type-simple"},"bundled_by":[],"bundle_stock_status":"instock","bundle_stock_quantity":4,"bundle_virtual":false,"bundle_layout":"","bundle_add_to_cart_form_location":"","bundle_editable_in_cart":false,"bundle_sold_individually_context":"","bundle_item_grouping":"","bundle_min_size":"","bundle_max_size":"","bundle_price":[],"bundled_items":[],"bundle_sell_ids":[],"etheme_brands":{"errors":{"invalid_taxonomy":["Lubamatu taksonoomia."]},"error_data":[]},"_links":{"self":[{"href":"https:\/\/glamuur.ee\/et\/wp-json\/wp\/v2\/product\/293448","targetHints":{"allow":["GET"]}}],"collection":[{"href":"https:\/\/glamuur.ee\/et\/wp-json\/wp\/v2\/product"}],"about":[{"href":"https:\/\/glamuur.ee\/et\/wp-json\/wp\/v2\/types\/product"}],"replies":[{"embeddable":true,"href":"https:\/\/glamuur.ee\/et\/wp-json\/wp\/v2\/comments?post=293448"}],"wp:featuredmedia":[{"embeddable":true,"href":"https:\/\/glamuur.ee\/et\/wp-json\/wp\/v2\/media\/293285"}],"wp:attachment":[{"href":"https:\/\/glamuur.ee\/et\/wp-json\/wp\/v2\/media?parent=293448"}],"wp:term":[{"taxonomy":"product_brand","embeddable":true,"href":"https:\/\/glamuur.ee\/et\/wp-json\/wp\/v2\/product_brand?post=293448"},{"taxonomy":"product_cat","embeddable":true,"href":"https:\/\/glamuur.ee\/et\/wp-json\/wp\/v2\/product_cat?post=293448"},{"taxonomy":"product_tag","embeddable":true,"href":"https:\/\/glamuur.ee\/et\/wp-json\/wp\/v2\/product_tag?post=293448"},{"taxonomy":"giftcard-category","embeddable":true,"href":"https:\/\/glamuur.ee\/et\/wp-json\/wp\/v2\/giftcard-category?post=293448"}],"curies":[{"name":"wp","href":"https:\/\/api.w.org\/{rel}","templated":true}]}}