{"id":293445,"date":"2025-09-11T13:45:29","date_gmt":"2025-09-11T10:45:29","guid":{"rendered":"https:\/\/glamuur.ee\/?post_type=product&#038;p=293445"},"modified":"2026-04-01T15:50:08","modified_gmt":"2026-04-01T12:50:08","slug":"https-glamuur-ee-wp-content-uploads-2025-09-78035zy_1-scaled-jpg","status":"publish","type":"product","link":"https:\/\/glamuur.ee\/et\/product\/https-glamuur-ee-wp-content-uploads-2025-09-78035zy_1-scaled-jpg\/","title":{"rendered":"TI SENTO k\u00f5rvar\u00f5ngad 78035ZY"},"content":{"rendered":"<p>V\u00f5tke omaks skulpturaalne kontrast nende TI SENTO kullatud h\u00f5bedast k\u00f5rvar\u00f5ngaste 78035ZY abil.<br \/>\n925 h\u00f5bedast valmistatud k\u00f5rvar\u00f5ngad moodustavad julge, as\u00fcmmeetrilise r\u00f5nga, mis koosneb kahest omavahel seotud kumerusest: \u00fcks on sile ja kullatud, teine on plaatinaga kaetud ja paveeritud briljantidega valge tsirkooniumiga. Voolav kompositsioon loob peene valguse, v\u00e4rvi ja tekstuuri koosm\u00f5ju - ideaalne nii minimalistlike r\u00f5ivaste kui ka \u00f5htuste siluettide kaunistamiseks. Kompaktsed, kuid samas silmatorkavad, pakuvad need klassikaliste r\u00f5ngaste rafineeritud p\u00f6\u00f6ret. Need on niklivabad ja h\u00fcpoallergeensed, tagades tundlikele k\u00f5rvadele vaevata elegantsuse ja kogu p\u00e4eva mugavuse.<\/p>","protected":false},"excerpt":{"rendered":"<p>TI SENTO k\u00f5rvar\u00f5ngad 78035ZY. Pikkus: 14 mm - Laius: 5,5 mm.<\/p>","protected":false},"featured_media":293274,"comment_status":"open","ping_status":"closed","template":"","meta":{"jetpack_post_was_ever_published":false},"product_brand":[1063],"product_cat":[725,1062,143],"product_tag":[],"giftcard-category":[],"class_list":{"0":"post-293445","1":"product","2":"type-product","3":"status-publish","4":"has-post-thumbnail","6":"product_brand-ti-sento-milano","7":"product_cat-earrings","8":"product_cat-ti-sento-milano-aw25","9":"product_cat-ti-sento-milano-earrings","10":"pa_material-silver","11":"pa_metal-color-yellow-gold","12":"pa_product-brand-ti-sento-milano","13":"pa_stone-color-white","14":"pa_type-category-earrings","16":"first","17":"instock","18":"taxable","19":"shipping-taxable","20":"purchasable","21":"product-type-simple"},"bundled_by":[],"bundle_stock_status":"instock","bundle_stock_quantity":2,"bundle_virtual":false,"bundle_layout":"","bundle_add_to_cart_form_location":"","bundle_editable_in_cart":false,"bundle_sold_individually_context":"","bundle_item_grouping":"","bundle_min_size":"","bundle_max_size":"","bundle_price":[],"bundled_items":[],"bundle_sell_ids":[],"etheme_brands":{"errors":{"invalid_taxonomy":["Lubamatu taksonoomia."]},"error_data":[]},"_links":{"self":[{"href":"https:\/\/glamuur.ee\/et\/wp-json\/wp\/v2\/product\/293445","targetHints":{"allow":["GET"]}}],"collection":[{"href":"https:\/\/glamuur.ee\/et\/wp-json\/wp\/v2\/product"}],"about":[{"href":"https:\/\/glamuur.ee\/et\/wp-json\/wp\/v2\/types\/product"}],"replies":[{"embeddable":true,"href":"https:\/\/glamuur.ee\/et\/wp-json\/wp\/v2\/comments?post=293445"}],"wp:featuredmedia":[{"embeddable":true,"href":"https:\/\/glamuur.ee\/et\/wp-json\/wp\/v2\/media\/293274"}],"wp:attachment":[{"href":"https:\/\/glamuur.ee\/et\/wp-json\/wp\/v2\/media?parent=293445"}],"wp:term":[{"taxonomy":"product_brand","embeddable":true,"href":"https:\/\/glamuur.ee\/et\/wp-json\/wp\/v2\/product_brand?post=293445"},{"taxonomy":"product_cat","embeddable":true,"href":"https:\/\/glamuur.ee\/et\/wp-json\/wp\/v2\/product_cat?post=293445"},{"taxonomy":"product_tag","embeddable":true,"href":"https:\/\/glamuur.ee\/et\/wp-json\/wp\/v2\/product_tag?post=293445"},{"taxonomy":"giftcard-category","embeddable":true,"href":"https:\/\/glamuur.ee\/et\/wp-json\/wp\/v2\/giftcard-category?post=293445"}],"curies":[{"name":"wp","href":"https:\/\/api.w.org\/{rel}","templated":true}]}}