{"id":293444,"date":"2025-09-11T13:45:27","date_gmt":"2025-09-11T10:45:27","guid":{"rendered":"https:\/\/glamuur.ee\/?post_type=product&#038;p=293444"},"modified":"2026-04-15T17:05:10","modified_gmt":"2026-04-15T14:05:10","slug":"https-glamuur-ee-wp-content-uploads-2025-09-78034zy_1-scaled-jpg","status":"publish","type":"product","link":"https:\/\/glamuur.ee\/et\/product\/https-glamuur-ee-wp-content-uploads-2025-09-78034zy_1-scaled-jpg\/","title":{"rendered":"TI SENTO k\u00f5rvar\u00f5ngad 78034ZY"},"content":{"rendered":"<p>Nautige luksust nende TI SENTO kahev\u00e4rviliste h\u00f5bedaste k\u00f5rvar\u00f5ngastega 78034ZY.<br \/>\n925 h\u00f5bedast valmistatud skulpturaalsed, avatud kolmnurksed tilgad on kaetud s\u00e4rava kollase kullaga, nende julged kumerused on peegliks lihvitud. Tipus on plaatinaga kaetud ja briljantidega kaetud valge tsirkooniumiga paveeritud otsik, mis lisab sooja kulla juurde rafineeritud tuld ja jahedat kontrapunkti. Geomeetriline siluett viitab vintage-\u00f6\u00f6elu glamuurile - m\u00f5tle elegantsetele smokist \u00f5lgadele, \u0161ampanja k\u00e4es -, kuid tundub eksimatult moodne. Lase neil paaril \u00fcksi seista kui keskne aktsent v\u00f5i sega need kureeritud k\u00f5rvade virna, et saavutada k\u00f5rgendatud kontrasti. Niklivabad ja h\u00fcpoallergeensed, kombineerivad nad p\u00fcsiva kvaliteedi ja pingevaba, kogu p\u00e4eva kestva mugavuse.<\/p>","protected":false},"excerpt":{"rendered":"<p>TI SENTO k\u00f5rvar\u00f5ngad 78034ZY. Pikkus: 20 mm - Laius: 20 mm - Kivi l\u00e4bim\u00f5\u00f5t: 20 mm.<\/p>","protected":false},"featured_media":293271,"comment_status":"open","ping_status":"closed","template":"","meta":{"jetpack_post_was_ever_published":false},"product_brand":[1063],"product_cat":[725,1062,143],"product_tag":[],"giftcard-category":[],"class_list":{"0":"post-293444","1":"product","2":"type-product","3":"status-publish","4":"has-post-thumbnail","6":"product_brand-ti-sento-milano","7":"product_cat-earrings","8":"product_cat-ti-sento-milano-aw25","9":"product_cat-ti-sento-milano-earrings","10":"pa_material-silver","11":"pa_metal-color-yellow-gold","12":"pa_product-brand-ti-sento-milano","13":"pa_stone-color-white","14":"pa_type-category-earrings","16":"first","17":"instock","18":"taxable","19":"shipping-taxable","20":"purchasable","21":"product-type-simple"},"bundled_by":[],"bundle_stock_status":"instock","bundle_stock_quantity":3,"bundle_virtual":false,"bundle_layout":"","bundle_add_to_cart_form_location":"","bundle_editable_in_cart":false,"bundle_sold_individually_context":"","bundle_item_grouping":"","bundle_min_size":"","bundle_max_size":"","bundle_price":[],"bundled_items":[],"bundle_sell_ids":[],"etheme_brands":{"errors":{"invalid_taxonomy":["Lubamatu taksonoomia."]},"error_data":[]},"_links":{"self":[{"href":"https:\/\/glamuur.ee\/et\/wp-json\/wp\/v2\/product\/293444","targetHints":{"allow":["GET"]}}],"collection":[{"href":"https:\/\/glamuur.ee\/et\/wp-json\/wp\/v2\/product"}],"about":[{"href":"https:\/\/glamuur.ee\/et\/wp-json\/wp\/v2\/types\/product"}],"replies":[{"embeddable":true,"href":"https:\/\/glamuur.ee\/et\/wp-json\/wp\/v2\/comments?post=293444"}],"wp:featuredmedia":[{"embeddable":true,"href":"https:\/\/glamuur.ee\/et\/wp-json\/wp\/v2\/media\/293271"}],"wp:attachment":[{"href":"https:\/\/glamuur.ee\/et\/wp-json\/wp\/v2\/media?parent=293444"}],"wp:term":[{"taxonomy":"product_brand","embeddable":true,"href":"https:\/\/glamuur.ee\/et\/wp-json\/wp\/v2\/product_brand?post=293444"},{"taxonomy":"product_cat","embeddable":true,"href":"https:\/\/glamuur.ee\/et\/wp-json\/wp\/v2\/product_cat?post=293444"},{"taxonomy":"product_tag","embeddable":true,"href":"https:\/\/glamuur.ee\/et\/wp-json\/wp\/v2\/product_tag?post=293444"},{"taxonomy":"giftcard-category","embeddable":true,"href":"https:\/\/glamuur.ee\/et\/wp-json\/wp\/v2\/giftcard-category?post=293444"}],"curies":[{"name":"wp","href":"https:\/\/api.w.org\/{rel}","templated":true}]}}