{"id":293441,"date":"2025-09-11T13:45:20","date_gmt":"2025-09-11T10:45:20","guid":{"rendered":"https:\/\/glamuur.ee\/?post_type=product&#038;p=293441"},"modified":"2026-04-10T18:58:11","modified_gmt":"2026-04-10T15:58:11","slug":"https-glamuur-ee-wp-content-uploads-2025-09-78032zi_1-scaled-jpg","status":"publish","type":"product","link":"https:\/\/glamuur.ee\/et\/product\/https-glamuur-ee-wp-content-uploads-2025-09-78032zi_1-scaled-jpg\/","title":{"rendered":"TI SENTO k\u00f5rvar\u00f5ngad 78032ZI"},"content":{"rendered":"<p>Avastage s\u00e4ravat elegantsi nende TI SENTO plaatinaga kaetud h\u00f5bedast k\u00f5rvar\u00f5ngaste 78032ZI abil.<br \/>\n925 sterlingh\u00f5bedast valmistatud ja k\u00f5rge l\u00e4ikega plaatina kihiga viimistletud k\u00f5rvar\u00f5ngad on pikliku tilga \u00e4\u00e4res peenike rida pav\u00e9-paavistatud valgeid kuubilisi tsirkoone. Allpool ripub briljantl\u00f5ikega solitaar, mis on siledas raamistuses ja k\u00f5igub \u00f5rnalt iga liigutusega, p\u00fc\u00fcdes valgust k\u00f5ikidest nurkadest. Nende sihvakas, piklik siluett lisab rafineeritud s\u00e4ra nii p\u00e4evar\u00f5ivastele kui ka \u00f5htustele r\u00f5ivastele. Tundlikule nahale m\u00f5eldud niklivaba, h\u00fcpoallergeenne konstruktsioon tagab p\u00fcsiva mugavuse iga kandmise korral.<\/p>","protected":false},"excerpt":{"rendered":"<p>TI SENTO k\u00f5rvar\u00f5ngad 78032ZI. Pikkus: 23 mm - Laius: 8 mm<\/p>","protected":false},"featured_media":293259,"comment_status":"open","ping_status":"closed","template":"","meta":{"jetpack_post_was_ever_published":false},"product_brand":[1063],"product_cat":[725,1062,143],"product_tag":[],"giftcard-category":[],"class_list":{"0":"post-293441","1":"product","2":"type-product","3":"status-publish","4":"has-post-thumbnail","6":"product_brand-ti-sento-milano","7":"product_cat-earrings","8":"product_cat-ti-sento-milano-aw25","9":"product_cat-ti-sento-milano-earrings","10":"pa_material-silver","11":"pa_metal-color-silver","12":"pa_product-brand-ti-sento-milano","13":"pa_stone-color-white","14":"pa_type-category-earrings","16":"first","17":"instock","18":"taxable","19":"shipping-taxable","20":"purchasable","21":"product-type-simple"},"bundled_by":[],"bundle_stock_status":"instock","bundle_stock_quantity":1,"bundle_virtual":false,"bundle_layout":"","bundle_add_to_cart_form_location":"","bundle_editable_in_cart":false,"bundle_sold_individually_context":"","bundle_item_grouping":"","bundle_min_size":"","bundle_max_size":"","bundle_price":[],"bundled_items":[],"bundle_sell_ids":[],"etheme_brands":{"errors":{"invalid_taxonomy":["Lubamatu taksonoomia."]},"error_data":[]},"_links":{"self":[{"href":"https:\/\/glamuur.ee\/et\/wp-json\/wp\/v2\/product\/293441","targetHints":{"allow":["GET"]}}],"collection":[{"href":"https:\/\/glamuur.ee\/et\/wp-json\/wp\/v2\/product"}],"about":[{"href":"https:\/\/glamuur.ee\/et\/wp-json\/wp\/v2\/types\/product"}],"replies":[{"embeddable":true,"href":"https:\/\/glamuur.ee\/et\/wp-json\/wp\/v2\/comments?post=293441"}],"wp:featuredmedia":[{"embeddable":true,"href":"https:\/\/glamuur.ee\/et\/wp-json\/wp\/v2\/media\/293259"}],"wp:attachment":[{"href":"https:\/\/glamuur.ee\/et\/wp-json\/wp\/v2\/media?parent=293441"}],"wp:term":[{"taxonomy":"product_brand","embeddable":true,"href":"https:\/\/glamuur.ee\/et\/wp-json\/wp\/v2\/product_brand?post=293441"},{"taxonomy":"product_cat","embeddable":true,"href":"https:\/\/glamuur.ee\/et\/wp-json\/wp\/v2\/product_cat?post=293441"},{"taxonomy":"product_tag","embeddable":true,"href":"https:\/\/glamuur.ee\/et\/wp-json\/wp\/v2\/product_tag?post=293441"},{"taxonomy":"giftcard-category","embeddable":true,"href":"https:\/\/glamuur.ee\/et\/wp-json\/wp\/v2\/giftcard-category?post=293441"}],"curies":[{"name":"wp","href":"https:\/\/api.w.org\/{rel}","templated":true}]}}