{"id":293440,"date":"2025-09-11T13:45:18","date_gmt":"2025-09-11T10:45:18","guid":{"rendered":"https:\/\/glamuur.ee\/?post_type=product&#038;p=293440"},"modified":"2026-04-24T13:20:13","modified_gmt":"2026-04-24T10:20:13","slug":"https-glamuur-ee-wp-content-uploads-2025-09-78031zi_1-scaled-jpg","status":"publish","type":"product","link":"https:\/\/glamuur.ee\/et\/product\/https-glamuur-ee-wp-content-uploads-2025-09-78031zi_1-scaled-jpg\/","title":{"rendered":"TI SENTO k\u00f5rvar\u00f5ngad 78031ZI"},"content":{"rendered":"<p>Hellita need TI SENTO plaatinaga kaetud h\u00f5bedast k\u00f5rvar\u00f5ngad 78031ZI. 925 sterlingh\u00f5bedast valmistatud ja peeglikiirgusega plaatinast viimistletud k\u00f5rvar\u00f5ngad sisaldavad 9 mm suurust valgeid kuubikujulisi tsirkoone, mida \u00fcmbritseb rafineeritud pav\u00e9-kividest koosnev rafineeritud halo. T\u00e4iendav pav\u00e9 piki konksu esiosa v\u00f5imendab tulekahju, luues pideva s\u00e4deleva lindi, mis liigub graatsiliselt iga pea p\u00f6\u00f6ramisega. Kandke seda paari, et t\u00f5sta p\u00e4eval karget pluusi v\u00f5i lisada \u00f5htusele siidile tasakaalukat glamuuri. Need tundlikule nahale loodud niklivabad, h\u00fcpoallergeensed k\u00f5rvar\u00f5ngad pakuvad p\u00fcsivat mugavust ja kestvat s\u00e4ra.<\/p>","protected":false},"excerpt":{"rendered":"<p>TI SENTO k\u00f5rvar\u00f5ngad 78031ZI. Pikkus: 18,5 mm - Laius: 9 mm - Kivi l\u00e4bim\u00f5\u00f5t: 11 mm.<\/p>","protected":false},"featured_media":293255,"comment_status":"open","ping_status":"closed","template":"","meta":{"jetpack_post_was_ever_published":false},"product_brand":[1063],"product_cat":[725,1062,143],"product_tag":[],"giftcard-category":[],"class_list":{"0":"post-293440","1":"product","2":"type-product","3":"status-publish","4":"has-post-thumbnail","6":"product_brand-ti-sento-milano","7":"product_cat-earrings","8":"product_cat-ti-sento-milano-aw25","9":"product_cat-ti-sento-milano-earrings","10":"pa_material-silver","11":"pa_metal-color-silver","12":"pa_product-brand-ti-sento-milano","13":"pa_stone-color-white","14":"pa_type-category-earrings","16":"first","17":"instock","18":"sale","19":"taxable","20":"shipping-taxable","21":"purchasable","22":"product-type-simple"},"bundled_by":[],"bundle_stock_status":"instock","bundle_stock_quantity":2,"bundle_virtual":false,"bundle_layout":"","bundle_add_to_cart_form_location":"","bundle_editable_in_cart":false,"bundle_sold_individually_context":"","bundle_item_grouping":"","bundle_min_size":"","bundle_max_size":"","bundle_price":[],"bundled_items":[],"bundle_sell_ids":[],"etheme_brands":{"errors":{"invalid_taxonomy":["Lubamatu taksonoomia."]},"error_data":[]},"_links":{"self":[{"href":"https:\/\/glamuur.ee\/et\/wp-json\/wp\/v2\/product\/293440","targetHints":{"allow":["GET"]}}],"collection":[{"href":"https:\/\/glamuur.ee\/et\/wp-json\/wp\/v2\/product"}],"about":[{"href":"https:\/\/glamuur.ee\/et\/wp-json\/wp\/v2\/types\/product"}],"replies":[{"embeddable":true,"href":"https:\/\/glamuur.ee\/et\/wp-json\/wp\/v2\/comments?post=293440"}],"wp:featuredmedia":[{"embeddable":true,"href":"https:\/\/glamuur.ee\/et\/wp-json\/wp\/v2\/media\/293255"}],"wp:attachment":[{"href":"https:\/\/glamuur.ee\/et\/wp-json\/wp\/v2\/media?parent=293440"}],"wp:term":[{"taxonomy":"product_brand","embeddable":true,"href":"https:\/\/glamuur.ee\/et\/wp-json\/wp\/v2\/product_brand?post=293440"},{"taxonomy":"product_cat","embeddable":true,"href":"https:\/\/glamuur.ee\/et\/wp-json\/wp\/v2\/product_cat?post=293440"},{"taxonomy":"product_tag","embeddable":true,"href":"https:\/\/glamuur.ee\/et\/wp-json\/wp\/v2\/product_tag?post=293440"},{"taxonomy":"giftcard-category","embeddable":true,"href":"https:\/\/glamuur.ee\/et\/wp-json\/wp\/v2\/giftcard-category?post=293440"}],"curies":[{"name":"wp","href":"https:\/\/api.w.org\/{rel}","templated":true}]}}