{"id":293438,"date":"2025-09-11T13:45:13","date_gmt":"2025-09-11T10:45:13","guid":{"rendered":"https:\/\/glamuur.ee\/?post_type=product&#038;p=293438"},"modified":"2026-04-15T17:05:10","modified_gmt":"2026-04-15T14:05:10","slug":"https-glamuur-ee-wp-content-uploads-2025-09-78029zi_1-scaled-jpg","status":"publish","type":"product","link":"https:\/\/glamuur.ee\/et\/product\/https-glamuur-ee-wp-content-uploads-2025-09-78029zi_1-scaled-jpg\/","title":{"rendered":"TI SENTO k\u00f5rvar\u00f5ngad 78029ZI"},"content":{"rendered":"<p>T\u00f5sta klassikalist s\u00e4ra nende TI SENTO plaatinaga kaetud h\u00f5bedast k\u00f5rvar\u00f5ngaste 78029ZI abil. Iga 7 mm suurune valge kuubiline tsirkoonium on kesksel kohal, mida \u00fcmbritseb peenike pav\u00e9-kivide halo, mis v\u00f5imendab selle s\u00e4ravat s\u00fcgavust, hoides samas v\u00e4limuse elegantselt tagasihoidlikuna. 925 sterlingh\u00f5bedast valmistatud ja peeglikiirgusega plaatina kihiga suletud poleeritud n\u00f6\u00f6pn\u00f5elad p\u00fc\u00fcavad valgust iga nurga alt, kuid j\u00e4\u00e4vad siiski sulgkergedeks. Kandke neid igap\u00e4evase s\u00e4rava s\u00e4ra andjana - v\u00f5i \u00fchendage need sobiva ripatsiga ja s\u00f5rmusega, et luua t\u00e4iuslik harmooniline komplekt. Need niklivabad ja h\u00fcpoallergeensed k\u00f5rvar\u00f5ngad on tundlikule nahale \u00f5rnad ning pakuvad p\u00fcsivat s\u00e4ra ja vaevata mugavust.<\/p>","protected":false},"excerpt":{"rendered":"<p>TI SENTO k\u00f5rvar\u00f5ngad 78029ZI. Pikkus: 7 mm - Laius: 7 mm - Kivi l\u00e4bim\u00f5\u00f5t: 8 mm.<\/p>","protected":false},"featured_media":293248,"comment_status":"open","ping_status":"closed","template":"","meta":{"jetpack_post_was_ever_published":false},"product_brand":[1063],"product_cat":[725,1062,143],"product_tag":[],"giftcard-category":[],"class_list":{"0":"post-293438","1":"product","2":"type-product","3":"status-publish","4":"has-post-thumbnail","6":"product_brand-ti-sento-milano","7":"product_cat-earrings","8":"product_cat-ti-sento-milano-aw25","9":"product_cat-ti-sento-milano-earrings","10":"pa_material-silver","11":"pa_metal-color-silver","12":"pa_product-brand-ti-sento-milano","13":"pa_stone-color-white","14":"pa_type-category-earrings","16":"first","17":"instock","18":"taxable","19":"shipping-taxable","20":"purchasable","21":"product-type-simple"},"bundled_by":[],"bundle_stock_status":"instock","bundle_stock_quantity":1,"bundle_virtual":false,"bundle_layout":"","bundle_add_to_cart_form_location":"","bundle_editable_in_cart":false,"bundle_sold_individually_context":"","bundle_item_grouping":"","bundle_min_size":"","bundle_max_size":"","bundle_price":[],"bundled_items":[],"bundle_sell_ids":[],"etheme_brands":{"errors":{"invalid_taxonomy":["Lubamatu taksonoomia."]},"error_data":[]},"_links":{"self":[{"href":"https:\/\/glamuur.ee\/et\/wp-json\/wp\/v2\/product\/293438","targetHints":{"allow":["GET"]}}],"collection":[{"href":"https:\/\/glamuur.ee\/et\/wp-json\/wp\/v2\/product"}],"about":[{"href":"https:\/\/glamuur.ee\/et\/wp-json\/wp\/v2\/types\/product"}],"replies":[{"embeddable":true,"href":"https:\/\/glamuur.ee\/et\/wp-json\/wp\/v2\/comments?post=293438"}],"wp:featuredmedia":[{"embeddable":true,"href":"https:\/\/glamuur.ee\/et\/wp-json\/wp\/v2\/media\/293248"}],"wp:attachment":[{"href":"https:\/\/glamuur.ee\/et\/wp-json\/wp\/v2\/media?parent=293438"}],"wp:term":[{"taxonomy":"product_brand","embeddable":true,"href":"https:\/\/glamuur.ee\/et\/wp-json\/wp\/v2\/product_brand?post=293438"},{"taxonomy":"product_cat","embeddable":true,"href":"https:\/\/glamuur.ee\/et\/wp-json\/wp\/v2\/product_cat?post=293438"},{"taxonomy":"product_tag","embeddable":true,"href":"https:\/\/glamuur.ee\/et\/wp-json\/wp\/v2\/product_tag?post=293438"},{"taxonomy":"giftcard-category","embeddable":true,"href":"https:\/\/glamuur.ee\/et\/wp-json\/wp\/v2\/giftcard-category?post=293438"}],"curies":[{"name":"wp","href":"https:\/\/api.w.org\/{rel}","templated":true}]}}