{"id":293436,"date":"2025-09-11T13:45:04","date_gmt":"2025-09-11T10:45:04","guid":{"rendered":"https:\/\/glamuur.ee\/?post_type=product&#038;p=293436"},"modified":"2026-01-16T20:20:29","modified_gmt":"2026-01-16T18:20:29","slug":"https-glamuur-ee-wp-content-uploads-2025-09-78027zy_1-scaled-jpg","status":"publish","type":"product","link":"https:\/\/glamuur.ee\/et\/product\/https-glamuur-ee-wp-content-uploads-2025-09-78027zy_1-scaled-jpg\/","title":{"rendered":"TI SENTO k\u00f5rvar\u00f5ngad 78027ZY"},"content":{"rendered":"<p>T\u00f5sta oma s\u00e4ra nende TI SENTO kullatud h\u00f5bedast k\u00f5rvar\u00f5ngaste 78027ZY abil. 925 h\u00f5bedast valmistatud \u00f5hukesed vedrulukuga r\u00f5ngad on kaetud jaheda plaatinaga, langedes orgaanilise kivikujuga, mida \u00e4\u00e4ristab s\u00e4rav kollakuldne \u00e4\u00e4ris. Keskus on t\u00e4ielikult pav\u00e9-komplektiga, milles on briljantse lihviga valgeid kuubilisi tsirkoone, mis loovad valgusvaiba, mis nihkub iga pea p\u00f6\u00f6ramisega. Kandke seda paari \u00fcksi, et saavutada s\u00e4ra v\u00f5i kombineerige neid \u00f5rnade n\u00f6\u00f6pn\u00f5eltega, et luua mitmekihiline, tekstuuri ja toonidega rikkalik k\u00f5rvakujundus. Nende niklivaba, h\u00fcpoallergeenne viimistlus on tundlikule nahale \u00f5rn, pakkudes vaevata mugavust ja p\u00fcsivat ilu.<\/p>","protected":false},"excerpt":{"rendered":"<p>TI SENTO k\u00f5rvar\u00f5ngad 78027ZY. Pikkus: 29 mm - Laius: 13 mm - Kivi l\u00e4bim\u00f5\u00f5t: 16 mm.<\/p>","protected":false},"featured_media":293242,"comment_status":"open","ping_status":"closed","template":"","meta":{"jetpack_post_was_ever_published":false},"product_brand":[1063],"product_cat":[725,1062,143],"product_tag":[],"giftcard-category":[],"class_list":{"0":"post-293436","1":"product","2":"type-product","3":"status-publish","4":"has-post-thumbnail","6":"product_brand-ti-sento-milano","7":"product_cat-earrings","8":"product_cat-ti-sento-milano-aw25","9":"product_cat-ti-sento-milano-earrings","10":"pa_material-silver","11":"pa_metal-color-yellow-gold","12":"pa_product-brand-ti-sento-milano","13":"pa_stone-color-white","14":"pa_type-category-earrings","16":"first","17":"instock","18":"taxable","19":"shipping-taxable","20":"purchasable","21":"product-type-simple"},"bundled_by":[],"bundle_stock_status":"instock","bundle_stock_quantity":4,"bundle_virtual":false,"bundle_layout":"","bundle_add_to_cart_form_location":"","bundle_editable_in_cart":false,"bundle_sold_individually_context":"","bundle_item_grouping":"","bundle_min_size":"","bundle_max_size":"","bundle_price":[],"bundled_items":[],"bundle_sell_ids":[],"etheme_brands":{"errors":{"invalid_taxonomy":["Lubamatu taksonoomia."]},"error_data":[]},"_links":{"self":[{"href":"https:\/\/glamuur.ee\/et\/wp-json\/wp\/v2\/product\/293436","targetHints":{"allow":["GET"]}}],"collection":[{"href":"https:\/\/glamuur.ee\/et\/wp-json\/wp\/v2\/product"}],"about":[{"href":"https:\/\/glamuur.ee\/et\/wp-json\/wp\/v2\/types\/product"}],"replies":[{"embeddable":true,"href":"https:\/\/glamuur.ee\/et\/wp-json\/wp\/v2\/comments?post=293436"}],"wp:featuredmedia":[{"embeddable":true,"href":"https:\/\/glamuur.ee\/et\/wp-json\/wp\/v2\/media\/293242"}],"wp:attachment":[{"href":"https:\/\/glamuur.ee\/et\/wp-json\/wp\/v2\/media?parent=293436"}],"wp:term":[{"taxonomy":"product_brand","embeddable":true,"href":"https:\/\/glamuur.ee\/et\/wp-json\/wp\/v2\/product_brand?post=293436"},{"taxonomy":"product_cat","embeddable":true,"href":"https:\/\/glamuur.ee\/et\/wp-json\/wp\/v2\/product_cat?post=293436"},{"taxonomy":"product_tag","embeddable":true,"href":"https:\/\/glamuur.ee\/et\/wp-json\/wp\/v2\/product_tag?post=293436"},{"taxonomy":"giftcard-category","embeddable":true,"href":"https:\/\/glamuur.ee\/et\/wp-json\/wp\/v2\/giftcard-category?post=293436"}],"curies":[{"name":"wp","href":"https:\/\/api.w.org\/{rel}","templated":true}]}}