{"id":293434,"date":"2025-09-11T13:44:59","date_gmt":"2025-09-11T10:44:59","guid":{"rendered":"https:\/\/glamuur.ee\/?post_type=product&#038;p=293434"},"modified":"2026-04-14T16:38:05","modified_gmt":"2026-04-14T13:38:05","slug":"https-glamuur-ee-wp-content-uploads-2025-09-78026by_1-scaled-jpg","status":"publish","type":"product","link":"https:\/\/glamuur.ee\/et\/product\/https-glamuur-ee-wp-content-uploads-2025-09-78026by_1-scaled-jpg\/","title":{"rendered":"TI SENTO k\u00f5rvar\u00f5ngad 78026BY"},"content":{"rendered":"<p>Avastage kesk\u00f6ine v\u00f5lu nende TI SENTO kullatud h\u00f5bedast k\u00f5rvar\u00f5ngaste 78026BY abil. 925 sterlingh\u00f5bedast sepistatud ja plaatinaga viimistletud ning briljantselt l\u00f5igatud valge tsirkooniumiga kaunistatud riba, mis pakub teravat valguse raami. R\u00f5ngast ripub l\u00e4ikiv, s\u00fcgavmusta kivi, mis on kujundatud ebakorrap\u00e4rase fantaasiaga \"kivideks\" ja \u00fcmbritsetud s\u00e4rava kollakuldse raamiga. Dramaatiline kontrast jaheda h\u00f5beda, sooja kulla ja tumedate kalliskivide vahel annab rafineeritud s\u00e4rmi nii r\u00f5ivastele \u00fclikondadele kui ka tumedale siidile. Kandke neid \u00fcksinda, et saavutada enesekindel m\u00f5ju, v\u00f5i kandke neid koos \u00f5rnade n\u00f6\u00f6pidega, et luua kureeritud k\u00f5rvade virn. Niklivabad ja h\u00fcpoallergeensed, lubavad nad luksuslikku mugavust iga kandmisega.<\/p>","protected":false},"excerpt":{"rendered":"<p>TI SENTO k\u00f5rvar\u00f5ngad 78026BY. Pikkus: 31,5 mm - Laius: 15 mm - K\u00f5rvar\u00f5nga v\u00e4lisl\u00e4bim\u00f5\u00f5t: 19 mm<\/p>","protected":false},"featured_media":293236,"comment_status":"open","ping_status":"closed","template":"","meta":{"jetpack_post_was_ever_published":false},"product_brand":[1063],"product_cat":[725,1062,143],"product_tag":[],"giftcard-category":[],"class_list":{"0":"post-293434","1":"product","2":"type-product","3":"status-publish","4":"has-post-thumbnail","6":"product_brand-ti-sento-milano","7":"product_cat-earrings","8":"product_cat-ti-sento-milano-aw25","9":"product_cat-ti-sento-milano-earrings","10":"pa_material-silver","11":"pa_metal-color-yellow-gold","12":"pa_product-brand-ti-sento-milano","13":"pa_stone-color-black","14":"pa_type-category-earrings","16":"first","17":"instock","18":"taxable","19":"shipping-taxable","20":"purchasable","21":"product-type-simple"},"bundled_by":[],"bundle_stock_status":"instock","bundle_stock_quantity":1,"bundle_virtual":false,"bundle_layout":"","bundle_add_to_cart_form_location":"","bundle_editable_in_cart":false,"bundle_sold_individually_context":"","bundle_item_grouping":"","bundle_min_size":"","bundle_max_size":"","bundle_price":[],"bundled_items":[],"bundle_sell_ids":[],"etheme_brands":{"errors":{"invalid_taxonomy":["Lubamatu taksonoomia."]},"error_data":[]},"_links":{"self":[{"href":"https:\/\/glamuur.ee\/et\/wp-json\/wp\/v2\/product\/293434","targetHints":{"allow":["GET"]}}],"collection":[{"href":"https:\/\/glamuur.ee\/et\/wp-json\/wp\/v2\/product"}],"about":[{"href":"https:\/\/glamuur.ee\/et\/wp-json\/wp\/v2\/types\/product"}],"replies":[{"embeddable":true,"href":"https:\/\/glamuur.ee\/et\/wp-json\/wp\/v2\/comments?post=293434"}],"wp:featuredmedia":[{"embeddable":true,"href":"https:\/\/glamuur.ee\/et\/wp-json\/wp\/v2\/media\/293236"}],"wp:attachment":[{"href":"https:\/\/glamuur.ee\/et\/wp-json\/wp\/v2\/media?parent=293434"}],"wp:term":[{"taxonomy":"product_brand","embeddable":true,"href":"https:\/\/glamuur.ee\/et\/wp-json\/wp\/v2\/product_brand?post=293434"},{"taxonomy":"product_cat","embeddable":true,"href":"https:\/\/glamuur.ee\/et\/wp-json\/wp\/v2\/product_cat?post=293434"},{"taxonomy":"product_tag","embeddable":true,"href":"https:\/\/glamuur.ee\/et\/wp-json\/wp\/v2\/product_tag?post=293434"},{"taxonomy":"giftcard-category","embeddable":true,"href":"https:\/\/glamuur.ee\/et\/wp-json\/wp\/v2\/giftcard-category?post=293434"}],"curies":[{"name":"wp","href":"https:\/\/api.w.org\/{rel}","templated":true}]}}