{"id":293430,"date":"2025-09-11T13:44:51","date_gmt":"2025-09-11T10:44:51","guid":{"rendered":"https:\/\/glamuur.ee\/?post_type=product&#038;p=293430"},"modified":"2026-04-15T17:05:10","modified_gmt":"2026-04-15T14:05:10","slug":"https-glamuur-ee-wp-content-uploads-2025-09-78023zi_1-scaled-jpg","status":"publish","type":"product","link":"https:\/\/glamuur.ee\/et\/product\/https-glamuur-ee-wp-content-uploads-2025-09-78023zi_1-scaled-jpg\/","title":{"rendered":"TI SENTO k\u00f5rvar\u00f5ngad 78023ZI"},"content":{"rendered":"<p>V\u00e4rskenda oma rotatsiooni nende TI SENTO h\u00f5bedast k\u00f5rvar\u00f5ngaste 78023ZI abil. Massiivsest 925 sterlingh\u00f5bedast valatud ja peegeldava roodiumviimistlusega kaitstud \u00f5hukesed k\u00f5rvar\u00f5ngad annavad iga nurga alt terava ja laheda s\u00e4ra. Peenike pael valgetest kuubikulistest tsirkooniatest on esikaarel, mis lisab tagasihoidlikku s\u00e4ra, mis sobib vaevata t\u00f6\u00f6laualt \u00f5htus\u00f6\u00f6gile. T\u00e4nu turvalisele hingedega sulgemisele ja kergele profiilile sobituvad nad sujuvalt mis tahes k\u00f5rvakomplekti v\u00f5i teevad h\u00f5ivatud p\u00e4evadel lihvitud sooloavalduse. Niklivabad ja h\u00fcpoallergeensed, pakuvad need kogu p\u00e4eva mugavust, ilma et see ohustaks stiili.<\/p>","protected":false},"excerpt":{"rendered":"<p>TI SENTO k\u00f5rvar\u00f5ngad 78023ZI. Pikkus: 12 mm - Laius: 3 mm - K\u00f5rvar\u00f5nga v\u00e4lisl\u00e4bim\u00f5\u00f5t: 15 mm<\/p>","protected":false},"featured_media":293220,"comment_status":"open","ping_status":"closed","template":"","meta":{"jetpack_post_was_ever_published":false},"product_brand":[1063],"product_cat":[725,1062,143],"product_tag":[],"giftcard-category":[],"class_list":{"0":"post-293430","1":"product","2":"type-product","3":"status-publish","4":"has-post-thumbnail","6":"product_brand-ti-sento-milano","7":"product_cat-earrings","8":"product_cat-ti-sento-milano-aw25","9":"product_cat-ti-sento-milano-earrings","10":"pa_material-silver","11":"pa_metal-color-silver","12":"pa_product-brand-ti-sento-milano","13":"pa_stone-color-white","14":"pa_type-category-earrings","16":"first","17":"instock","18":"taxable","19":"shipping-taxable","20":"purchasable","21":"product-type-simple"},"bundled_by":[],"bundle_stock_status":"instock","bundle_stock_quantity":5,"bundle_virtual":false,"bundle_layout":"","bundle_add_to_cart_form_location":"","bundle_editable_in_cart":false,"bundle_sold_individually_context":"","bundle_item_grouping":"","bundle_min_size":"","bundle_max_size":"","bundle_price":[],"bundled_items":[],"bundle_sell_ids":[],"etheme_brands":{"errors":{"invalid_taxonomy":["Lubamatu taksonoomia."]},"error_data":[]},"_links":{"self":[{"href":"https:\/\/glamuur.ee\/et\/wp-json\/wp\/v2\/product\/293430","targetHints":{"allow":["GET"]}}],"collection":[{"href":"https:\/\/glamuur.ee\/et\/wp-json\/wp\/v2\/product"}],"about":[{"href":"https:\/\/glamuur.ee\/et\/wp-json\/wp\/v2\/types\/product"}],"replies":[{"embeddable":true,"href":"https:\/\/glamuur.ee\/et\/wp-json\/wp\/v2\/comments?post=293430"}],"wp:featuredmedia":[{"embeddable":true,"href":"https:\/\/glamuur.ee\/et\/wp-json\/wp\/v2\/media\/293220"}],"wp:attachment":[{"href":"https:\/\/glamuur.ee\/et\/wp-json\/wp\/v2\/media?parent=293430"}],"wp:term":[{"taxonomy":"product_brand","embeddable":true,"href":"https:\/\/glamuur.ee\/et\/wp-json\/wp\/v2\/product_brand?post=293430"},{"taxonomy":"product_cat","embeddable":true,"href":"https:\/\/glamuur.ee\/et\/wp-json\/wp\/v2\/product_cat?post=293430"},{"taxonomy":"product_tag","embeddable":true,"href":"https:\/\/glamuur.ee\/et\/wp-json\/wp\/v2\/product_tag?post=293430"},{"taxonomy":"giftcard-category","embeddable":true,"href":"https:\/\/glamuur.ee\/et\/wp-json\/wp\/v2\/giftcard-category?post=293430"}],"curies":[{"name":"wp","href":"https:\/\/api.w.org\/{rel}","templated":true}]}}