{"id":293429,"date":"2025-09-11T13:44:48","date_gmt":"2025-09-11T10:44:48","guid":{"rendered":"https:\/\/glamuur.ee\/?post_type=product&#038;p=293429"},"modified":"2026-04-09T20:00:07","modified_gmt":"2026-04-09T17:00:07","slug":"https-glamuur-ee-wp-content-uploads-2025-09-78012zt_1-scaled-jpg","status":"publish","type":"product","link":"https:\/\/glamuur.ee\/et\/product\/https-glamuur-ee-wp-content-uploads-2025-09-78012zt_1-scaled-jpg\/","title":{"rendered":"TI SENTO k\u00f5rvar\u00f5ngad 78012ZT"},"content":{"rendered":"<p>T\u00e4histage kaasaegset tasakaalu nende TI SENTO trikolooriliste h\u00f5bedast k\u00f5rvar\u00f5ngaste 78012ZT abil.<br \/>\n925 h\u00f5bedast valmistatud 16 mm r\u00f5ngad on segatud s\u00e4rava kollase kulla, pehme roosa kulla ja jaheda plaatina plaadistusega, mis on sujuvalt ristuvas disainis. Piki esiosa kumab pav\u00e9-komplektiga valgeid kuubilisi tsirkoone sisaldav pael, mis p\u00fc\u00fcab valgust igal liigutusel. Skulptuurne siluett annab s\u00fcgavust ja kontrasti, samas kui kompaktne suurus muudab need ideaalseks igap\u00e4evaseks kandmiseks, mis on lihvitud. Need niklivabad ja h\u00fcpoallergeensed k\u00f5rvar\u00f5ngad pakuvad p\u00fcsivat mugavust ja rafineeritud s\u00e4ra igal juhul.<\/p>","protected":false},"excerpt":{"rendered":"<p>TI SENTO k\u00f5rvar\u00f5ngad 78012ZT. Pikkus: 14 mm - Laius: 5 mm - K\u00f5rvar\u00f5nga v\u00e4lisl\u00e4bim\u00f5\u00f5t: 16 mm - K\u00f5rvar\u00f5nga sisel\u00e4bim\u00f5\u00f5t: 11 mm<\/p>","protected":false},"featured_media":293216,"comment_status":"open","ping_status":"closed","template":"","meta":{"jetpack_post_was_ever_published":false},"product_brand":[1063],"product_cat":[725,1062,143],"product_tag":[],"giftcard-category":[],"class_list":{"0":"post-293429","1":"product","2":"type-product","3":"status-publish","4":"has-post-thumbnail","6":"product_brand-ti-sento-milano","7":"product_cat-earrings","8":"product_cat-ti-sento-milano-aw25","9":"product_cat-ti-sento-milano-earrings","10":"pa_material-silver","11":"pa_metal-color-yellow-gold","12":"pa_product-brand-ti-sento-milano","13":"pa_stone-color-white","14":"pa_type-category-earrings","16":"first","17":"instock","18":"taxable","19":"shipping-taxable","20":"purchasable","21":"product-type-simple"},"bundled_by":[],"bundle_stock_status":"instock","bundle_stock_quantity":2,"bundle_virtual":false,"bundle_layout":"","bundle_add_to_cart_form_location":"","bundle_editable_in_cart":false,"bundle_sold_individually_context":"","bundle_item_grouping":"","bundle_min_size":"","bundle_max_size":"","bundle_price":[],"bundled_items":[],"bundle_sell_ids":[],"etheme_brands":{"errors":{"invalid_taxonomy":["Lubamatu taksonoomia."]},"error_data":[]},"_links":{"self":[{"href":"https:\/\/glamuur.ee\/et\/wp-json\/wp\/v2\/product\/293429","targetHints":{"allow":["GET"]}}],"collection":[{"href":"https:\/\/glamuur.ee\/et\/wp-json\/wp\/v2\/product"}],"about":[{"href":"https:\/\/glamuur.ee\/et\/wp-json\/wp\/v2\/types\/product"}],"replies":[{"embeddable":true,"href":"https:\/\/glamuur.ee\/et\/wp-json\/wp\/v2\/comments?post=293429"}],"wp:featuredmedia":[{"embeddable":true,"href":"https:\/\/glamuur.ee\/et\/wp-json\/wp\/v2\/media\/293216"}],"wp:attachment":[{"href":"https:\/\/glamuur.ee\/et\/wp-json\/wp\/v2\/media?parent=293429"}],"wp:term":[{"taxonomy":"product_brand","embeddable":true,"href":"https:\/\/glamuur.ee\/et\/wp-json\/wp\/v2\/product_brand?post=293429"},{"taxonomy":"product_cat","embeddable":true,"href":"https:\/\/glamuur.ee\/et\/wp-json\/wp\/v2\/product_cat?post=293429"},{"taxonomy":"product_tag","embeddable":true,"href":"https:\/\/glamuur.ee\/et\/wp-json\/wp\/v2\/product_tag?post=293429"},{"taxonomy":"giftcard-category","embeddable":true,"href":"https:\/\/glamuur.ee\/et\/wp-json\/wp\/v2\/giftcard-category?post=293429"}],"curies":[{"name":"wp","href":"https:\/\/api.w.org\/{rel}","templated":true}]}}