{"id":293428,"date":"2025-09-11T13:44:47","date_gmt":"2025-09-11T10:44:47","guid":{"rendered":"https:\/\/glamuur.ee\/?post_type=product&#038;p=293428"},"modified":"2026-04-10T18:58:10","modified_gmt":"2026-04-10T15:58:10","slug":"https-glamuur-ee-wp-content-uploads-2025-09-78009zi_1-scaled-jpg","status":"publish","type":"product","link":"https:\/\/glamuur.ee\/et\/product\/https-glamuur-ee-wp-content-uploads-2025-09-78009zi_1-scaled-jpg\/","title":{"rendered":"TI SENTO k\u00f5rvar\u00f5ngad 78009ZI"},"content":{"rendered":"<p>Need TI SENTO h\u00f5bedast Solitaire Drop K\u00f5rvar\u00f5ngad 78009ZI on rafineeritud elegantsi m\u00e4\u00e4ratlus, mis \u00fchendab klassikalise v\u00f5lu ja kaasaegse elegantsi. 925 sterlingh\u00f5bedast valmistatud ja peeglikiirgusega plaatina viimistlusega pitseeritud, iga libedas kangitaguses tilgakeses on \u00fcks kuubiline tsirkoonium, mida hoitakse klassikalises neljakandilises kinnituses, mis v\u00f5imaldab maksimaalselt valgust l\u00e4bi iga tahu tantsida. Voolujoonelised konksud hoiavad kivid rafineeritud liikuvuse tagamiseks kobarale l\u00e4hedal, mis viib teid vaevata p\u00e4evasest r\u00f5ivastusest k\u00fc\u00fcnlavalguses \u00f5htus\u00f6\u00f6gini. Tagasihoidlikud, kuid vaieldamatult lihvitud, lisavad need solitaire'i tilgad igale v\u00e4limusele jahedat s\u00e4ra. Niklivabad ja h\u00fcpoallergeensed, \u00fchendavad need p\u00fcsiva s\u00e4ra ja kogu p\u00e4eva kestva mugavuse, mida v\u00f5ite usaldada.<\/p>","protected":false},"excerpt":{"rendered":"<p>TI SENTO k\u00f5rvar\u00f5ngad 78009ZI. Pikkus: 20 mm - Laius: 7 mm - Kivi l\u00e4bim\u00f5\u00f5t: 9 mm - K\u00f5rvar\u00f5nga v\u00e4lisl\u00e4bim\u00f5\u00f5t: 18,5 mm - K\u00f5rvar\u00f5nga sisel\u00e4bim\u00f5\u00f5t: 14 mm<\/p>","protected":false},"featured_media":293213,"comment_status":"open","ping_status":"closed","template":"","meta":{"jetpack_post_was_ever_published":false},"product_brand":[1063],"product_cat":[725,1062,143],"product_tag":[],"giftcard-category":[],"class_list":{"0":"post-293428","1":"product","2":"type-product","3":"status-publish","4":"has-post-thumbnail","6":"product_brand-ti-sento-milano","7":"product_cat-earrings","8":"product_cat-ti-sento-milano-aw25","9":"product_cat-ti-sento-milano-earrings","10":"pa_material-silver","11":"pa_metal-color-silver","12":"pa_product-brand-ti-sento-milano","13":"pa_stone-color-white","14":"pa_type-category-earrings","16":"first","17":"instock","18":"taxable","19":"shipping-taxable","20":"purchasable","21":"product-type-simple"},"bundled_by":[],"bundle_stock_status":"instock","bundle_stock_quantity":1,"bundle_virtual":false,"bundle_layout":"","bundle_add_to_cart_form_location":"","bundle_editable_in_cart":false,"bundle_sold_individually_context":"","bundle_item_grouping":"","bundle_min_size":"","bundle_max_size":"","bundle_price":[],"bundled_items":[],"bundle_sell_ids":[],"etheme_brands":{"errors":{"invalid_taxonomy":["Lubamatu taksonoomia."]},"error_data":[]},"_links":{"self":[{"href":"https:\/\/glamuur.ee\/et\/wp-json\/wp\/v2\/product\/293428","targetHints":{"allow":["GET"]}}],"collection":[{"href":"https:\/\/glamuur.ee\/et\/wp-json\/wp\/v2\/product"}],"about":[{"href":"https:\/\/glamuur.ee\/et\/wp-json\/wp\/v2\/types\/product"}],"replies":[{"embeddable":true,"href":"https:\/\/glamuur.ee\/et\/wp-json\/wp\/v2\/comments?post=293428"}],"wp:featuredmedia":[{"embeddable":true,"href":"https:\/\/glamuur.ee\/et\/wp-json\/wp\/v2\/media\/293213"}],"wp:attachment":[{"href":"https:\/\/glamuur.ee\/et\/wp-json\/wp\/v2\/media?parent=293428"}],"wp:term":[{"taxonomy":"product_brand","embeddable":true,"href":"https:\/\/glamuur.ee\/et\/wp-json\/wp\/v2\/product_brand?post=293428"},{"taxonomy":"product_cat","embeddable":true,"href":"https:\/\/glamuur.ee\/et\/wp-json\/wp\/v2\/product_cat?post=293428"},{"taxonomy":"product_tag","embeddable":true,"href":"https:\/\/glamuur.ee\/et\/wp-json\/wp\/v2\/product_tag?post=293428"},{"taxonomy":"giftcard-category","embeddable":true,"href":"https:\/\/glamuur.ee\/et\/wp-json\/wp\/v2\/giftcard-category?post=293428"}],"curies":[{"name":"wp","href":"https:\/\/api.w.org\/{rel}","templated":true}]}}