{"id":293427,"date":"2025-09-11T13:44:44","date_gmt":"2025-09-11T10:44:44","guid":{"rendered":"https:\/\/glamuur.ee\/?post_type=product&#038;p=293427"},"modified":"2026-04-10T18:58:10","modified_gmt":"2026-04-10T15:58:10","slug":"https-glamuur-ee-wp-content-uploads-2025-09-7784by_1-scaled-jpg","status":"publish","type":"product","link":"https:\/\/glamuur.ee\/et\/product\/https-glamuur-ee-wp-content-uploads-2025-09-7784by_1-scaled-jpg\/","title":{"rendered":"TI SENTO k\u00f5rvar\u00f5ngad 7784BY"},"content":{"rendered":"<p>Avasta nende TI SENTO kullatud h\u00f5bedast Infinity k\u00f5rvar\u00f5ngaste 7784BY aegumatu v\u00f5lu. Need 925 h\u00f5bedast valmistatud ja p\u00fcsiva s\u00e4ra tagamiseks plaatinaga kaetud k\u00f5rvar\u00f5ngad kujutavad kahte omavahel seotud ringi, mis s\u00fcmboliseerivad elu l\u00f5pmatuid v\u00f5imalusi. \u00dcks ring on kaetud s\u00e4rava kollase kullaga, mis loob silmatorkava kontrasti musta tsirkooniaga, mis lisab peent s\u00e4ra. See paar k\u00f5rvar\u00f5ngaid on tunnistuseks peenestatud ehtekunstist, mis pakub harmoonilist segu traditsioonidest ja modernsusest. Kandke neid \u00fcksinda minimalistliku avalduse tegemiseks v\u00f5i kihiliselt koos teiste TI SENTO k\u00f5rvar\u00f5ngastega, et saavutada isikup\u00e4rane m\u00f5ju, mis annab enesekindlust ja veetlust. See niklivaba ja h\u00fcpoallergeenne s\u00f5rmus on valmistatud tundlikku nahka s\u00e4\u00e4stvalt, tagades p\u00fcsiva mugavuse ja kvaliteedi.<\/p>","protected":false},"excerpt":{"rendered":"<p>TI SENTO k\u00f5rvar\u00f5ngad 7784BY. Pikkus: 7 mm - Laius: 8,5 mm - Kivi l\u00e4bim\u00f5\u00f5t: 8 mm.<\/p>","protected":false},"featured_media":292957,"comment_status":"open","ping_status":"closed","template":"","meta":{"jetpack_post_was_ever_published":false},"product_brand":[1063],"product_cat":[725,1062,143],"product_tag":[],"giftcard-category":[],"class_list":{"0":"post-293427","1":"product","2":"type-product","3":"status-publish","4":"has-post-thumbnail","6":"product_brand-ti-sento-milano","7":"product_cat-earrings","8":"product_cat-ti-sento-milano-aw25","9":"product_cat-ti-sento-milano-earrings","10":"pa_material-silver","11":"pa_metal-color-yellow-gold","12":"pa_product-brand-ti-sento-milano","13":"pa_stone-color-black","14":"pa_type-category-earrings","16":"first","17":"instock","18":"taxable","19":"shipping-taxable","20":"purchasable","21":"product-type-simple"},"bundled_by":[],"bundle_stock_status":"instock","bundle_stock_quantity":3,"bundle_virtual":false,"bundle_layout":"","bundle_add_to_cart_form_location":"","bundle_editable_in_cart":false,"bundle_sold_individually_context":"","bundle_item_grouping":"","bundle_min_size":"","bundle_max_size":"","bundle_price":[],"bundled_items":[],"bundle_sell_ids":[],"etheme_brands":{"errors":{"invalid_taxonomy":["Lubamatu taksonoomia."]},"error_data":[]},"_links":{"self":[{"href":"https:\/\/glamuur.ee\/et\/wp-json\/wp\/v2\/product\/293427","targetHints":{"allow":["GET"]}}],"collection":[{"href":"https:\/\/glamuur.ee\/et\/wp-json\/wp\/v2\/product"}],"about":[{"href":"https:\/\/glamuur.ee\/et\/wp-json\/wp\/v2\/types\/product"}],"replies":[{"embeddable":true,"href":"https:\/\/glamuur.ee\/et\/wp-json\/wp\/v2\/comments?post=293427"}],"wp:featuredmedia":[{"embeddable":true,"href":"https:\/\/glamuur.ee\/et\/wp-json\/wp\/v2\/media\/292957"}],"wp:attachment":[{"href":"https:\/\/glamuur.ee\/et\/wp-json\/wp\/v2\/media?parent=293427"}],"wp:term":[{"taxonomy":"product_brand","embeddable":true,"href":"https:\/\/glamuur.ee\/et\/wp-json\/wp\/v2\/product_brand?post=293427"},{"taxonomy":"product_cat","embeddable":true,"href":"https:\/\/glamuur.ee\/et\/wp-json\/wp\/v2\/product_cat?post=293427"},{"taxonomy":"product_tag","embeddable":true,"href":"https:\/\/glamuur.ee\/et\/wp-json\/wp\/v2\/product_tag?post=293427"},{"taxonomy":"giftcard-category","embeddable":true,"href":"https:\/\/glamuur.ee\/et\/wp-json\/wp\/v2\/giftcard-category?post=293427"}],"curies":[{"name":"wp","href":"https:\/\/api.w.org\/{rel}","templated":true}]}}