{"id":293425,"date":"2025-09-11T13:44:35","date_gmt":"2025-09-11T10:44:35","guid":{"rendered":"https:\/\/glamuur.ee\/?post_type=product&#038;p=293425"},"modified":"2025-11-16T14:00:37","modified_gmt":"2025-11-16T12:00:37","slug":"https-glamuur-ee-wp-content-uploads-2025-09-6859zi_1-scaled-jpg","status":"publish","type":"product","link":"https:\/\/glamuur.ee\/et\/product\/https-glamuur-ee-wp-content-uploads-2025-09-6859zi_1-scaled-jpg\/","title":{"rendered":"TI SENTO riputusvahendi 6859ZI"},"content":{"rendered":"<p>T\u00e4histage kiirgavat lihtsust selle TI SENTO h\u00f5bedast s\u00fcdamega ripatsiga 6859ZI.<br \/>\n925 sterlingh\u00f5bedast valmistatud avatud s\u00fcdamekujundus on kaetud \u00f5rnade kuubikulistest tsirkooniumidest paveeritud kividega - iga kivi on k\u00e4sitsi paigaldatud, et peegeldada valgust graatsiliselt s\u00e4ravalt. Selle rafineeritud siluett v\u00e4ljendab emotsioone selguse ja kergusega, mis sobib ideaalselt kihiliseks v\u00f5i t\u00e4hendusliku aktsendina \u00fcksi kandmiseks. See niklivaba ja h\u00fcpoallergeenne ehitis on nii \u00f5rn nahale kui ka v\u00e4ljendusrikkale stiilile. Ripatsiga on kaasas \u00f5rn h\u00f5bedane kaelakee. <\/p>","protected":false},"excerpt":{"rendered":"<p>TI SENTO ripats 6859ZI. Pikkus: 28 mm - Laius: 19 mm - Kivi l\u00e4bim\u00f5\u00f5t: 19 mm - Kaelakee pikkus: 45 cm <\/p>","protected":false},"featured_media":292945,"comment_status":"open","ping_status":"closed","template":"","meta":{"jetpack_post_was_ever_published":false},"product_brand":[1063],"product_cat":[729,1062,149,941],"product_tag":[],"giftcard-category":[],"class_list":{"0":"post-293425","1":"product","2":"type-product","3":"status-publish","4":"has-post-thumbnail","6":"product_brand-ti-sento-milano","7":"product_cat-pendants","8":"product_cat-ti-sento-milano-aw25","9":"product_cat-ti-sento-milano-pendants","10":"product_cat-valentines-day","11":"pa_material-silver","12":"pa_metal-color-silver","13":"pa_product-brand-ti-sento-milano","14":"pa_stone-color-white","15":"pa_type-category-pendants","17":"first","18":"instock","19":"taxable","20":"shipping-taxable","21":"purchasable","22":"product-type-simple"},"bundled_by":[],"bundle_stock_status":"instock","bundle_stock_quantity":1,"bundle_virtual":false,"bundle_layout":"","bundle_add_to_cart_form_location":"","bundle_editable_in_cart":false,"bundle_sold_individually_context":"","bundle_item_grouping":"","bundle_min_size":"","bundle_max_size":"","bundle_price":[],"bundled_items":[],"bundle_sell_ids":[],"etheme_brands":{"errors":{"invalid_taxonomy":["Lubamatu taksonoomia."]},"error_data":[]},"_links":{"self":[{"href":"https:\/\/glamuur.ee\/et\/wp-json\/wp\/v2\/product\/293425","targetHints":{"allow":["GET"]}}],"collection":[{"href":"https:\/\/glamuur.ee\/et\/wp-json\/wp\/v2\/product"}],"about":[{"href":"https:\/\/glamuur.ee\/et\/wp-json\/wp\/v2\/types\/product"}],"replies":[{"embeddable":true,"href":"https:\/\/glamuur.ee\/et\/wp-json\/wp\/v2\/comments?post=293425"}],"wp:featuredmedia":[{"embeddable":true,"href":"https:\/\/glamuur.ee\/et\/wp-json\/wp\/v2\/media\/292945"}],"wp:attachment":[{"href":"https:\/\/glamuur.ee\/et\/wp-json\/wp\/v2\/media?parent=293425"}],"wp:term":[{"taxonomy":"product_brand","embeddable":true,"href":"https:\/\/glamuur.ee\/et\/wp-json\/wp\/v2\/product_brand?post=293425"},{"taxonomy":"product_cat","embeddable":true,"href":"https:\/\/glamuur.ee\/et\/wp-json\/wp\/v2\/product_cat?post=293425"},{"taxonomy":"product_tag","embeddable":true,"href":"https:\/\/glamuur.ee\/et\/wp-json\/wp\/v2\/product_tag?post=293425"},{"taxonomy":"giftcard-category","embeddable":true,"href":"https:\/\/glamuur.ee\/et\/wp-json\/wp\/v2\/giftcard-category?post=293425"}],"curies":[{"name":"wp","href":"https:\/\/api.w.org\/{rel}","templated":true}]}}