{"id":293420,"date":"2025-09-11T13:44:25","date_gmt":"2025-09-11T10:44:25","guid":{"rendered":"https:\/\/glamuur.ee\/?post_type=product&#038;p=293420"},"modified":"2026-01-23T12:57:43","modified_gmt":"2026-01-23T10:57:43","slug":"https-glamuur-ee-wp-content-uploads-2025-09-6855yp_1-scaled-jpg","status":"publish","type":"product","link":"https:\/\/glamuur.ee\/et\/product\/https-glamuur-ee-wp-content-uploads-2025-09-6855yp_1-scaled-jpg\/","title":{"rendered":"TI SENTO rippmudel 6855YP"},"content":{"rendered":"<p>Sellel TI SENTO kullatud h\u00f5bedast ripatsil 6855YP on l\u00e4ikiv valge p\u00e4rl, mida hoiab kullatud kinnitus. Selle valge toon on eksimatult rafineeritud ja maandav. Ripats, mis on valmistatud 925 h\u00f5bedast, on varustatud peene h\u00f5bedase ketiga. Kombineerige seda teiste ripatsite vormide ja v\u00e4rvidega; kandke seda alati naeratusega! See niklivaba ja h\u00fcpoallergeenne kaelakee on loodud tundliku naha jaoks, mis tagab kestva mugavuse, muutes selle nii \u00f5rnaks kui ka uimastavaks. Ripatsiga on kaasas \u00f5rn h\u00f5bedane kaelakee. <\/p>","protected":false},"excerpt":{"rendered":"<p>TI SENTO Pendant 6855YP. Pikkus: 18,5 mm - Laius: 10 mm - Kivi l\u00e4bim\u00f5\u00f5t: 10 mm - Kaelakee pikkus: 45 cm <\/p>","protected":false},"featured_media":292925,"comment_status":"open","ping_status":"closed","template":"","meta":{"jetpack_post_was_ever_published":false},"product_brand":[1063],"product_cat":[729,1062,149],"product_tag":[],"giftcard-category":[],"class_list":{"0":"post-293420","1":"product","2":"type-product","3":"status-publish","4":"has-post-thumbnail","6":"product_brand-ti-sento-milano","7":"product_cat-pendants","8":"product_cat-ti-sento-milano-aw25","9":"product_cat-ti-sento-milano-pendants","10":"pa_material-silver","11":"pa_metal-color-yellow-gold","12":"pa_product-brand-ti-sento-milano","13":"pa_stone-color-pearl","14":"pa_type-category-pendants","16":"first","17":"instock","18":"taxable","19":"shipping-taxable","20":"purchasable","21":"product-type-simple"},"bundled_by":[],"bundle_stock_status":"instock","bundle_stock_quantity":1,"bundle_virtual":false,"bundle_layout":"","bundle_add_to_cart_form_location":"","bundle_editable_in_cart":false,"bundle_sold_individually_context":"","bundle_item_grouping":"","bundle_min_size":"","bundle_max_size":"","bundle_price":[],"bundled_items":[],"bundle_sell_ids":[],"etheme_brands":{"errors":{"invalid_taxonomy":["Lubamatu taksonoomia."]},"error_data":[]},"_links":{"self":[{"href":"https:\/\/glamuur.ee\/et\/wp-json\/wp\/v2\/product\/293420","targetHints":{"allow":["GET"]}}],"collection":[{"href":"https:\/\/glamuur.ee\/et\/wp-json\/wp\/v2\/product"}],"about":[{"href":"https:\/\/glamuur.ee\/et\/wp-json\/wp\/v2\/types\/product"}],"replies":[{"embeddable":true,"href":"https:\/\/glamuur.ee\/et\/wp-json\/wp\/v2\/comments?post=293420"}],"wp:featuredmedia":[{"embeddable":true,"href":"https:\/\/glamuur.ee\/et\/wp-json\/wp\/v2\/media\/292925"}],"wp:attachment":[{"href":"https:\/\/glamuur.ee\/et\/wp-json\/wp\/v2\/media?parent=293420"}],"wp:term":[{"taxonomy":"product_brand","embeddable":true,"href":"https:\/\/glamuur.ee\/et\/wp-json\/wp\/v2\/product_brand?post=293420"},{"taxonomy":"product_cat","embeddable":true,"href":"https:\/\/glamuur.ee\/et\/wp-json\/wp\/v2\/product_cat?post=293420"},{"taxonomy":"product_tag","embeddable":true,"href":"https:\/\/glamuur.ee\/et\/wp-json\/wp\/v2\/product_tag?post=293420"},{"taxonomy":"giftcard-category","embeddable":true,"href":"https:\/\/glamuur.ee\/et\/wp-json\/wp\/v2\/giftcard-category?post=293420"}],"curies":[{"name":"wp","href":"https:\/\/api.w.org\/{rel}","templated":true}]}}