{"id":293418,"date":"2025-09-11T13:44:21","date_gmt":"2025-09-11T10:44:21","guid":{"rendered":"https:\/\/glamuur.ee\/?post_type=product&#038;p=293418"},"modified":"2026-01-23T12:57:43","modified_gmt":"2026-01-23T10:57:43","slug":"https-glamuur-ee-wp-content-uploads-2025-09-6854ka_1-scaled-jpg","status":"publish","type":"product","link":"https:\/\/glamuur.ee\/et\/product\/https-glamuur-ee-wp-content-uploads-2025-09-6854ka_1-scaled-jpg\/","title":{"rendered":"TI SENTO riputusvahendi 6854KA"},"content":{"rendered":"<p>Avastage orgaaniline s\u00e4ra selle TI SENTO kullatud h\u00f5bedast ripatsiga 6854KA.<br \/>\nSee ripats, mis on asetatud l\u00e4bipaistva kaki v\u00e4rvi kiviga, toob igap\u00e4evaellu maal\u00e4hedast elegantsi. 8 mm kivi on kinnitatud nelja pringiga ja raamitud sooja kollase kullaga kaetud raamistusega, mis loob ilusa kontrasti plaatinaga kaetud h\u00f5bedase k\u00e4epidemega ja sobiva ketiga. Selle looduslik toon lisab pehmete kudumite v\u00f5i teravate r\u00f5ivaste juurde rafineeritud, maandava aktsendi. See niklivaba, h\u00fcpoallergeenne ripats on valmistatud esmaklassilisest 925 h\u00f5bedast ja pakub ajatuid mugavusi ja kvaliteeti. Ripatsiga on kaasas \u00f5rn h\u00f5bedane kaelakee. <\/p>","protected":false},"excerpt":{"rendered":"<p>TI SENTO rippvalgusti 6854KA. Pikkus: 17 mm - Laius: 8 mm - Kivi l\u00e4bim\u00f5\u00f5t: 11 mm - Kaelakee pikkus: 45 cm <\/p>","protected":false},"featured_media":292917,"comment_status":"open","ping_status":"closed","template":"","meta":{"jetpack_post_was_ever_published":false},"product_brand":[1063],"product_cat":[729,1062,149],"product_tag":[],"giftcard-category":[],"class_list":{"0":"post-293418","1":"product","2":"type-product","3":"status-publish","4":"has-post-thumbnail","6":"product_brand-ti-sento-milano","7":"product_cat-pendants","8":"product_cat-ti-sento-milano-aw25","9":"product_cat-ti-sento-milano-pendants","10":"pa_material-silver","11":"pa_metal-color-yellow-gold","12":"pa_product-brand-ti-sento-milano","13":"pa_stone-color-brown","14":"pa_type-category-pendants","16":"first","17":"instock","18":"taxable","19":"shipping-taxable","20":"purchasable","21":"product-type-simple"},"bundled_by":[],"bundle_stock_status":"instock","bundle_stock_quantity":2,"bundle_virtual":false,"bundle_layout":"","bundle_add_to_cart_form_location":"","bundle_editable_in_cart":false,"bundle_sold_individually_context":"","bundle_item_grouping":"","bundle_min_size":"","bundle_max_size":"","bundle_price":[],"bundled_items":[],"bundle_sell_ids":[],"etheme_brands":{"errors":{"invalid_taxonomy":["Lubamatu taksonoomia."]},"error_data":[]},"_links":{"self":[{"href":"https:\/\/glamuur.ee\/et\/wp-json\/wp\/v2\/product\/293418","targetHints":{"allow":["GET"]}}],"collection":[{"href":"https:\/\/glamuur.ee\/et\/wp-json\/wp\/v2\/product"}],"about":[{"href":"https:\/\/glamuur.ee\/et\/wp-json\/wp\/v2\/types\/product"}],"replies":[{"embeddable":true,"href":"https:\/\/glamuur.ee\/et\/wp-json\/wp\/v2\/comments?post=293418"}],"wp:featuredmedia":[{"embeddable":true,"href":"https:\/\/glamuur.ee\/et\/wp-json\/wp\/v2\/media\/292917"}],"wp:attachment":[{"href":"https:\/\/glamuur.ee\/et\/wp-json\/wp\/v2\/media?parent=293418"}],"wp:term":[{"taxonomy":"product_brand","embeddable":true,"href":"https:\/\/glamuur.ee\/et\/wp-json\/wp\/v2\/product_brand?post=293418"},{"taxonomy":"product_cat","embeddable":true,"href":"https:\/\/glamuur.ee\/et\/wp-json\/wp\/v2\/product_cat?post=293418"},{"taxonomy":"product_tag","embeddable":true,"href":"https:\/\/glamuur.ee\/et\/wp-json\/wp\/v2\/product_tag?post=293418"},{"taxonomy":"giftcard-category","embeddable":true,"href":"https:\/\/glamuur.ee\/et\/wp-json\/wp\/v2\/giftcard-category?post=293418"}],"curies":[{"name":"wp","href":"https:\/\/api.w.org\/{rel}","templated":true}]}}