{"id":293416,"date":"2025-09-11T13:44:14","date_gmt":"2025-09-11T10:44:14","guid":{"rendered":"https:\/\/glamuur.ee\/?post_type=product&#038;p=293416"},"modified":"2026-04-30T19:21:17","modified_gmt":"2026-04-30T16:21:17","slug":"https-glamuur-ee-wp-content-uploads-2025-09-6853gg_1-scaled-jpg","status":"publish","type":"product","link":"https:\/\/glamuur.ee\/et\/product\/https-glamuur-ee-wp-content-uploads-2025-09-6853gg_1-scaled-jpg\/","title":{"rendered":"TI SENTO riputusvariant 6853GG"},"content":{"rendered":"<p>Avasta vaikne rafineeritus selle TI SENTO kullatud h\u00f5bedast ripatsiga 6853GG.<br \/>\nSelle keskmes on padjakujuline l\u00e4bipaistev hall kivi, mis pakub peent s\u00fcgavust ja elegantsust ning on pehmelt lihvitud, et p\u00fc\u00fcda valgust iga nurga alt. 925 sterlingh\u00f5bedast valmistatud raamistuses on keerdunud kollakuldne \u00fcmbris, mis lisab rafineeritud, tuntavust serva, samas kui plaatinaga kaetud kinnitus on pav\u00e9-komplektis briljantse lihviga valge kuubilise tsirkooniumiga, mis annab \u00fcleval pehme s\u00e4ra. See tagasihoidlik, kuid omap\u00e4rane ripats sobib suurep\u00e4raselt nii tagasihoidlike toonide kui ka julgemate kihtidega. Niklivaba ja h\u00fcpoallergeenne, tagab see p\u00fcsiva mugavuse ja ajatu mitmek\u00fclgsuse. Ripatsiga on kaasas \u00f5rn h\u00f5bedane kaelakee. <\/p>","protected":false},"excerpt":{"rendered":"<p>TI SENTO rippvalgusti 6853GG. Pikkus: 23 mm - Laius: 14 mm - Kivi l\u00e4bim\u00f5\u00f5t: 16 mm - Kaelakee pikkus: 45 cm <\/p>","protected":false},"featured_media":292909,"comment_status":"open","ping_status":"closed","template":"","meta":{"jetpack_post_was_ever_published":false},"product_brand":[1063],"product_cat":[729,1062,149],"product_tag":[],"giftcard-category":[],"class_list":{"0":"post-293416","1":"product","2":"type-product","3":"status-publish","4":"has-post-thumbnail","6":"product_brand-ti-sento-milano","7":"product_cat-pendants","8":"product_cat-ti-sento-milano-aw25","9":"product_cat-ti-sento-milano-pendants","10":"pa_material-silver","11":"pa_metal-color-yellow-gold","12":"pa_product-brand-ti-sento-milano","13":"pa_stone-color-green","14":"pa_type-category-pendants","16":"first","17":"instock","18":"sale","19":"taxable","20":"shipping-taxable","21":"purchasable","22":"product-type-simple"},"bundled_by":[],"bundle_stock_status":"instock","bundle_stock_quantity":1,"bundle_virtual":false,"bundle_layout":"","bundle_add_to_cart_form_location":"","bundle_editable_in_cart":false,"bundle_sold_individually_context":"","bundle_item_grouping":"","bundle_min_size":"","bundle_max_size":"","bundle_price":[],"bundled_items":[],"bundle_sell_ids":[],"etheme_brands":{"errors":{"invalid_taxonomy":["Lubamatu taksonoomia."]},"error_data":[]},"_links":{"self":[{"href":"https:\/\/glamuur.ee\/et\/wp-json\/wp\/v2\/product\/293416","targetHints":{"allow":["GET"]}}],"collection":[{"href":"https:\/\/glamuur.ee\/et\/wp-json\/wp\/v2\/product"}],"about":[{"href":"https:\/\/glamuur.ee\/et\/wp-json\/wp\/v2\/types\/product"}],"replies":[{"embeddable":true,"href":"https:\/\/glamuur.ee\/et\/wp-json\/wp\/v2\/comments?post=293416"}],"wp:featuredmedia":[{"embeddable":true,"href":"https:\/\/glamuur.ee\/et\/wp-json\/wp\/v2\/media\/292909"}],"wp:attachment":[{"href":"https:\/\/glamuur.ee\/et\/wp-json\/wp\/v2\/media?parent=293416"}],"wp:term":[{"taxonomy":"product_brand","embeddable":true,"href":"https:\/\/glamuur.ee\/et\/wp-json\/wp\/v2\/product_brand?post=293416"},{"taxonomy":"product_cat","embeddable":true,"href":"https:\/\/glamuur.ee\/et\/wp-json\/wp\/v2\/product_cat?post=293416"},{"taxonomy":"product_tag","embeddable":true,"href":"https:\/\/glamuur.ee\/et\/wp-json\/wp\/v2\/product_tag?post=293416"},{"taxonomy":"giftcard-category","embeddable":true,"href":"https:\/\/glamuur.ee\/et\/wp-json\/wp\/v2\/giftcard-category?post=293416"}],"curies":[{"name":"wp","href":"https:\/\/api.w.org\/{rel}","templated":true}]}}