{"id":293414,"date":"2025-09-11T13:44:10","date_gmt":"2025-09-11T10:44:10","guid":{"rendered":"https:\/\/glamuur.ee\/?post_type=product&#038;p=293414"},"modified":"2026-04-02T14:51:23","modified_gmt":"2026-04-02T11:51:23","slug":"https-glamuur-ee-wp-content-uploads-2025-09-6852sq_1-scaled-jpg","status":"publish","type":"product","link":"https:\/\/glamuur.ee\/et\/product\/https-glamuur-ee-wp-content-uploads-2025-09-6852sq_1-scaled-jpg\/","title":{"rendered":"TI SENTO rippvalgusti 6852SQ"},"content":{"rendered":"<p>Lisage sooja s\u00fcgavust selle TI SENTO kullatud h\u00f5bedast ripatsiga 6852SQ.<br \/>\n925 sterlingh\u00f5bedast valmistatud piklik padja kuju sisaldab l\u00e4bipaistvat suitsukaskarva kivi, mis on rikkaliku tooniga ja pehmelt lihvitud, et peegeldada valgust. Kuldkangaga kullatud \u00fcmbris raamib kivi peene soojusega, samal ajal kui plaatinaga kaetud kinnitus, milles on briljantse lihviga valge tsirkoonium, lisab \u00fclalpool rafineeritud s\u00e4ra. Mahe toon ja klassikaline siluett teevad sellest ripatsist mitmek\u00fclgse lemmiku nii igap\u00e4evaelu kui ka v\u00e4ljapeetud s\u00fcndmuste jaoks. Niklivaba ja h\u00fcpoallergeenne, tagab see p\u00fcsiva mugavuse ja k\u00f5rgendatud elegantsi kogu p\u00e4eva jooksul. Ripatsiga on kaasas \u00f5rn h\u00f5bedane kaelakee. <\/p>","protected":false},"excerpt":{"rendered":"<p>TI SENTO Pendant 6852SQ. Pikkus: 23 mm - Laius: 12 mm - Kivi l\u00e4bim\u00f5\u00f5t: 14 mm - Kaelakee pikkus: 45 cm <\/p>","protected":false},"featured_media":292901,"comment_status":"open","ping_status":"closed","template":"","meta":{"jetpack_post_was_ever_published":false},"product_brand":[1063],"product_cat":[729,1062,149],"product_tag":[],"giftcard-category":[],"class_list":{"0":"post-293414","1":"product","2":"type-product","3":"status-publish","4":"has-post-thumbnail","6":"product_brand-ti-sento-milano","7":"product_cat-pendants","8":"product_cat-ti-sento-milano-aw25","9":"product_cat-ti-sento-milano-pendants","10":"pa_material-silver","11":"pa_metal-color-yellow-gold","12":"pa_product-brand-ti-sento-milano","13":"pa_stone-color-brown","14":"pa_type-category-pendants","16":"first","17":"instock","18":"taxable","19":"shipping-taxable","20":"purchasable","21":"product-type-simple"},"bundled_by":[],"bundle_stock_status":"instock","bundle_stock_quantity":1,"bundle_virtual":false,"bundle_layout":"","bundle_add_to_cart_form_location":"","bundle_editable_in_cart":false,"bundle_sold_individually_context":"","bundle_item_grouping":"","bundle_min_size":"","bundle_max_size":"","bundle_price":[],"bundled_items":[],"bundle_sell_ids":[],"etheme_brands":{"errors":{"invalid_taxonomy":["Lubamatu taksonoomia."]},"error_data":[]},"_links":{"self":[{"href":"https:\/\/glamuur.ee\/et\/wp-json\/wp\/v2\/product\/293414","targetHints":{"allow":["GET"]}}],"collection":[{"href":"https:\/\/glamuur.ee\/et\/wp-json\/wp\/v2\/product"}],"about":[{"href":"https:\/\/glamuur.ee\/et\/wp-json\/wp\/v2\/types\/product"}],"replies":[{"embeddable":true,"href":"https:\/\/glamuur.ee\/et\/wp-json\/wp\/v2\/comments?post=293414"}],"wp:featuredmedia":[{"embeddable":true,"href":"https:\/\/glamuur.ee\/et\/wp-json\/wp\/v2\/media\/292901"}],"wp:attachment":[{"href":"https:\/\/glamuur.ee\/et\/wp-json\/wp\/v2\/media?parent=293414"}],"wp:term":[{"taxonomy":"product_brand","embeddable":true,"href":"https:\/\/glamuur.ee\/et\/wp-json\/wp\/v2\/product_brand?post=293414"},{"taxonomy":"product_cat","embeddable":true,"href":"https:\/\/glamuur.ee\/et\/wp-json\/wp\/v2\/product_cat?post=293414"},{"taxonomy":"product_tag","embeddable":true,"href":"https:\/\/glamuur.ee\/et\/wp-json\/wp\/v2\/product_tag?post=293414"},{"taxonomy":"giftcard-category","embeddable":true,"href":"https:\/\/glamuur.ee\/et\/wp-json\/wp\/v2\/giftcard-category?post=293414"}],"curies":[{"name":"wp","href":"https:\/\/api.w.org\/{rel}","templated":true}]}}