{"id":293412,"date":"2025-09-11T13:43:53","date_gmt":"2025-09-11T10:43:53","guid":{"rendered":"https:\/\/glamuur.ee\/?post_type=product&#038;p=293412"},"modified":"2026-01-23T12:57:41","modified_gmt":"2026-01-23T10:57:41","slug":"https-glamuur-ee-wp-content-uploads-2025-09-6851zy_1-scaled-jpg","status":"publish","type":"product","link":"https:\/\/glamuur.ee\/et\/product\/https-glamuur-ee-wp-content-uploads-2025-09-6851zy_1-scaled-jpg\/","title":{"rendered":"TI SENTO riputusvariant 6851ZY"},"content":{"rendered":"<p>Nautige skulptuurset s\u00e4ra selle TI SENTO kullatud h\u00f5bedast ripatsiga 6851ZY.<br \/>\n925 h\u00f5bedast valmistatud ripatsil on kaks omavahel seotud ringi: \u00fcks on poleeritud s\u00e4rava kollase kullaga, teine on plaatinaga kaetud ja paveeritud briljantidega valge tsirkooniumiga. Kattuv disain loob rafineeritud valguse ja kontrasti spiraali, mis s\u00fcmboliseerib \u00fchtsust ja liikumist. Korralik plaatinaga kaetud kinnitus riputatakse teie lemmikahelale - see on ideaalne, et lisada s\u00fcgavust mitmekihilisele v\u00e4limusele v\u00f5i kanda seda \u00fcksi t\u00e4hendusliku aktsendina. See on niklivaba ja h\u00fcpoallergeenne, pakkudes p\u00fcsivat s\u00e4ra ja sulnukerget mugavust. Ripatsiga on kaasas \u00f5rn h\u00f5bedane kaelakee.<\/p>","protected":false},"excerpt":{"rendered":"<p>TI SENTO rippvalgusti 6851ZY. Pikkus: 37 mm - Laius: 27,5 mm - Kivi l\u00e4bim\u00f5\u00f5t: 28 mm - Kaelakee pikkus: 45 cm<\/p>","protected":false},"featured_media":292893,"comment_status":"open","ping_status":"closed","template":"","meta":{"jetpack_post_was_ever_published":false},"product_brand":[1063],"product_cat":[729,1062,149],"product_tag":[],"giftcard-category":[],"class_list":{"0":"post-293412","1":"product","2":"type-product","3":"status-publish","4":"has-post-thumbnail","6":"product_brand-ti-sento-milano","7":"product_cat-pendants","8":"product_cat-ti-sento-milano-aw25","9":"product_cat-ti-sento-milano-pendants","10":"pa_material-silver","11":"pa_metal-color-yellow-gold","12":"pa_product-brand-ti-sento-milano","13":"pa_stone-color-white","14":"pa_type-category-pendants","16":"first","17":"instock","18":"taxable","19":"shipping-taxable","20":"purchasable","21":"product-type-simple"},"bundled_by":[],"bundle_stock_status":"instock","bundle_stock_quantity":2,"bundle_virtual":false,"bundle_layout":"","bundle_add_to_cart_form_location":"","bundle_editable_in_cart":false,"bundle_sold_individually_context":"","bundle_item_grouping":"","bundle_min_size":"","bundle_max_size":"","bundle_price":[],"bundled_items":[],"bundle_sell_ids":[],"etheme_brands":{"errors":{"invalid_taxonomy":["Lubamatu taksonoomia."]},"error_data":[]},"_links":{"self":[{"href":"https:\/\/glamuur.ee\/et\/wp-json\/wp\/v2\/product\/293412","targetHints":{"allow":["GET"]}}],"collection":[{"href":"https:\/\/glamuur.ee\/et\/wp-json\/wp\/v2\/product"}],"about":[{"href":"https:\/\/glamuur.ee\/et\/wp-json\/wp\/v2\/types\/product"}],"replies":[{"embeddable":true,"href":"https:\/\/glamuur.ee\/et\/wp-json\/wp\/v2\/comments?post=293412"}],"wp:featuredmedia":[{"embeddable":true,"href":"https:\/\/glamuur.ee\/et\/wp-json\/wp\/v2\/media\/292893"}],"wp:attachment":[{"href":"https:\/\/glamuur.ee\/et\/wp-json\/wp\/v2\/media?parent=293412"}],"wp:term":[{"taxonomy":"product_brand","embeddable":true,"href":"https:\/\/glamuur.ee\/et\/wp-json\/wp\/v2\/product_brand?post=293412"},{"taxonomy":"product_cat","embeddable":true,"href":"https:\/\/glamuur.ee\/et\/wp-json\/wp\/v2\/product_cat?post=293412"},{"taxonomy":"product_tag","embeddable":true,"href":"https:\/\/glamuur.ee\/et\/wp-json\/wp\/v2\/product_tag?post=293412"},{"taxonomy":"giftcard-category","embeddable":true,"href":"https:\/\/glamuur.ee\/et\/wp-json\/wp\/v2\/giftcard-category?post=293412"}],"curies":[{"name":"wp","href":"https:\/\/api.w.org\/{rel}","templated":true}]}}