{"id":293410,"date":"2025-09-11T13:43:49","date_gmt":"2025-09-11T10:43:49","guid":{"rendered":"https:\/\/glamuur.ee\/?post_type=product&#038;p=293410"},"modified":"2026-04-08T14:50:07","modified_gmt":"2026-04-08T11:50:07","slug":"https-glamuur-ee-wp-content-uploads-2025-09-6849gg_1-scaled-jpg","status":"publish","type":"product","link":"https:\/\/glamuur.ee\/et\/product\/https-glamuur-ee-wp-content-uploads-2025-09-6849gg_1-scaled-jpg\/","title":{"rendered":"TI SENTO riputusvariant 6849GG"},"content":{"rendered":"<p>See TI SENTO plaatinaga kaetud h\u00f5bedast ripats 6849GG on pehmelt helendav.<br \/>\nDisaini s\u00fcdames ripub l\u00e4bikumav hall briolettl\u00f5ikega kivi, mis on peenelt lihvitud, et peegeldada valgust peene, suitsuliku s\u00e4raga. Pikliku pisaratropi tipus on plaatinaga kaetud kinnitus, mis on paveeritud briljantlihvitud valge tsirkooniumiga, mis lisab selle jaheda elegantsi s\u00e4delust ja rafineeritud s\u00e4ra. See ripub peene h\u00f5bedase keti k\u00fcljes ja langeb graatsiliselt piki kraepealset l\u00fcli - ideaalne sobitamiseks karge valge pluusiga v\u00f5i l\u00fchemate kaelakeedega \u00fchendatuna isikup\u00e4rasema v\u00e4limuse loomiseks. See niklivaba ja h\u00fcpoallergeenne ripats pakub p\u00fcsivat mugavust ja vaikselt enesekindlat viimistlust. Ripatsiga on kaasas \u00f5rn h\u00f5bedane kaelakee. <\/p>","protected":false},"excerpt":{"rendered":"<p>TI SENTO rippvalgusti 6849GG. Pikkus: 30 mm - Laius: 12 mm - Kivi l\u00e4bim\u00f5\u00f5t: 18 mm - Kaelakee pikkus: 45 cm <\/p>","protected":false},"featured_media":292885,"comment_status":"open","ping_status":"closed","template":"","meta":{"jetpack_post_was_ever_published":false},"product_brand":[1063],"product_cat":[729,1062,149],"product_tag":[],"giftcard-category":[],"class_list":{"0":"post-293410","1":"product","2":"type-product","3":"status-publish","4":"has-post-thumbnail","6":"product_brand-ti-sento-milano","7":"product_cat-pendants","8":"product_cat-ti-sento-milano-aw25","9":"product_cat-ti-sento-milano-pendants","10":"pa_material-silver","11":"pa_metal-color-yellow-gold","12":"pa_product-brand-ti-sento-milano","13":"pa_stone-color-brown","14":"pa_type-category-pendants","16":"first","17":"instock","18":"taxable","19":"shipping-taxable","20":"purchasable","21":"product-type-simple"},"bundled_by":[],"bundle_stock_status":"instock","bundle_stock_quantity":2,"bundle_virtual":false,"bundle_layout":"","bundle_add_to_cart_form_location":"","bundle_editable_in_cart":false,"bundle_sold_individually_context":"","bundle_item_grouping":"","bundle_min_size":"","bundle_max_size":"","bundle_price":[],"bundled_items":[],"bundle_sell_ids":[],"etheme_brands":{"errors":{"invalid_taxonomy":["Lubamatu taksonoomia."]},"error_data":[]},"_links":{"self":[{"href":"https:\/\/glamuur.ee\/et\/wp-json\/wp\/v2\/product\/293410","targetHints":{"allow":["GET"]}}],"collection":[{"href":"https:\/\/glamuur.ee\/et\/wp-json\/wp\/v2\/product"}],"about":[{"href":"https:\/\/glamuur.ee\/et\/wp-json\/wp\/v2\/types\/product"}],"replies":[{"embeddable":true,"href":"https:\/\/glamuur.ee\/et\/wp-json\/wp\/v2\/comments?post=293410"}],"wp:featuredmedia":[{"embeddable":true,"href":"https:\/\/glamuur.ee\/et\/wp-json\/wp\/v2\/media\/292885"}],"wp:attachment":[{"href":"https:\/\/glamuur.ee\/et\/wp-json\/wp\/v2\/media?parent=293410"}],"wp:term":[{"taxonomy":"product_brand","embeddable":true,"href":"https:\/\/glamuur.ee\/et\/wp-json\/wp\/v2\/product_brand?post=293410"},{"taxonomy":"product_cat","embeddable":true,"href":"https:\/\/glamuur.ee\/et\/wp-json\/wp\/v2\/product_cat?post=293410"},{"taxonomy":"product_tag","embeddable":true,"href":"https:\/\/glamuur.ee\/et\/wp-json\/wp\/v2\/product_tag?post=293410"},{"taxonomy":"giftcard-category","embeddable":true,"href":"https:\/\/glamuur.ee\/et\/wp-json\/wp\/v2\/giftcard-category?post=293410"}],"curies":[{"name":"wp","href":"https:\/\/api.w.org\/{rel}","templated":true}]}}