{"id":293408,"date":"2025-09-11T13:43:44","date_gmt":"2025-09-11T10:43:44","guid":{"rendered":"https:\/\/glamuur.ee\/?post_type=product&#038;p=293408"},"modified":"2026-03-16T18:30:09","modified_gmt":"2026-03-16T16:30:09","slug":"https-glamuur-ee-wp-content-uploads-2025-09-6847zy_1-scaled-jpg","status":"publish","type":"product","link":"https:\/\/glamuur.ee\/et\/product\/https-glamuur-ee-wp-content-uploads-2025-09-6847zy_1-scaled-jpg\/","title":{"rendered":"TI SENTO riputusvariant 6847ZY"},"content":{"rendered":"<p>Avasta rafineeritud s\u00e4ra selle TI SENTO kullatud h\u00f5bedast ripatsiga 6847ZY. Selle 925 h\u00f5bedast valmistatud kruusakujuline ripats on t\u00e4ielikult paveeritud s\u00e4ravate valgete kuubiliste tsirkooniatega, mis s\u00e4ravad nagu valguse lammas. Soe kollakuldne \u00e4\u00e4ris joonistab orgaanilist kontuuri, samal ajal kui sileda plaatinaga kaetud ripatsiga kinnitub \u00f5rnale h\u00f5bekettale. Kandke seda \u00fcksinda, et saavutada s\u00e4ra, v\u00f5i \u00fchendage see l\u00fchemate kaelakeedega, et luua isikup\u00e4rane, tekstuuri ja toonidega rikkalik kollektsioon. See on tundlikule nahale m\u00f5eldud, niklivaba ja h\u00fcpoallergeenne, tagades vaevatu mugavuse ja kestva kvaliteedi. Ripatsiga on kaasas \u00f5rn h\u00f5bedane kaelakee. <\/p>","protected":false},"excerpt":{"rendered":"<p>TI SENTO rippvalgusti 6847ZY. Pikkus: 29 mm - Laius: 15 mm - Kivi l\u00e4bim\u00f5\u00f5t: 19,5 mm - Kaelakee pikkus: 45 cm <\/p>","protected":false},"featured_media":292877,"comment_status":"open","ping_status":"closed","template":"","meta":{"jetpack_post_was_ever_published":false},"product_brand":[1063],"product_cat":[729,1062,149],"product_tag":[],"giftcard-category":[],"class_list":{"0":"post-293408","1":"product","2":"type-product","3":"status-publish","4":"has-post-thumbnail","6":"product_brand-ti-sento-milano","7":"product_cat-pendants","8":"product_cat-ti-sento-milano-aw25","9":"product_cat-ti-sento-milano-pendants","10":"pa_material-silver","11":"pa_metal-color-yellow-gold","12":"pa_product-brand-ti-sento-milano","13":"pa_stone-color-white","14":"pa_type-category-pendants","16":"first","17":"instock","18":"taxable","19":"shipping-taxable","20":"purchasable","21":"product-type-simple"},"bundled_by":[],"bundle_stock_status":"instock","bundle_stock_quantity":1,"bundle_virtual":false,"bundle_layout":"","bundle_add_to_cart_form_location":"","bundle_editable_in_cart":false,"bundle_sold_individually_context":"","bundle_item_grouping":"","bundle_min_size":"","bundle_max_size":"","bundle_price":[],"bundled_items":[],"bundle_sell_ids":[],"etheme_brands":{"errors":{"invalid_taxonomy":["Lubamatu taksonoomia."]},"error_data":[]},"_links":{"self":[{"href":"https:\/\/glamuur.ee\/et\/wp-json\/wp\/v2\/product\/293408","targetHints":{"allow":["GET"]}}],"collection":[{"href":"https:\/\/glamuur.ee\/et\/wp-json\/wp\/v2\/product"}],"about":[{"href":"https:\/\/glamuur.ee\/et\/wp-json\/wp\/v2\/types\/product"}],"replies":[{"embeddable":true,"href":"https:\/\/glamuur.ee\/et\/wp-json\/wp\/v2\/comments?post=293408"}],"wp:featuredmedia":[{"embeddable":true,"href":"https:\/\/glamuur.ee\/et\/wp-json\/wp\/v2\/media\/292877"}],"wp:attachment":[{"href":"https:\/\/glamuur.ee\/et\/wp-json\/wp\/v2\/media?parent=293408"}],"wp:term":[{"taxonomy":"product_brand","embeddable":true,"href":"https:\/\/glamuur.ee\/et\/wp-json\/wp\/v2\/product_brand?post=293408"},{"taxonomy":"product_cat","embeddable":true,"href":"https:\/\/glamuur.ee\/et\/wp-json\/wp\/v2\/product_cat?post=293408"},{"taxonomy":"product_tag","embeddable":true,"href":"https:\/\/glamuur.ee\/et\/wp-json\/wp\/v2\/product_tag?post=293408"},{"taxonomy":"giftcard-category","embeddable":true,"href":"https:\/\/glamuur.ee\/et\/wp-json\/wp\/v2\/giftcard-category?post=293408"}],"curies":[{"name":"wp","href":"https:\/\/api.w.org\/{rel}","templated":true}]}}