{"id":293399,"date":"2025-09-11T13:43:07","date_gmt":"2025-09-11T10:43:07","guid":{"rendered":"https:\/\/glamuur.ee\/?post_type=product&#038;p=293399"},"modified":"2026-04-15T17:05:08","modified_gmt":"2026-04-15T14:05:08","slug":"https-glamuur-ee-wp-content-uploads-2025-09-34113pw_1-scaled-jpg","status":"publish","type":"product","link":"https:\/\/glamuur.ee\/et\/product\/https-glamuur-ee-wp-content-uploads-2025-09-34113pw_1-scaled-jpg\/","title":{"rendered":"TI SENTO kaelakee 34113PW"},"content":{"rendered":"<p>Kaelakee standardpikkus on 38 cm. Sellel on 10 cm pikkune pikendust\u00fckk, mis v\u00f5imaldab kanda seda 5 erinevas pikkuses: 38 cm, 40 cm, 42 cm, 45 cm ja 48 cm.<\/p>","protected":false},"excerpt":{"rendered":"<p>TI SENTO kaelakee 34113PW. Pikkus: 38 - 48 cm - Laius: 10 mm - Kivide arv: 2 - Kivide l\u00e4bim\u00f5\u00f5t: 10 mm - Ripatsite pikkus: 24 mm - Reguleeritav sulgemine: Jah.<\/p>","protected":false},"featured_media":293201,"comment_status":"open","ping_status":"closed","template":"","meta":{"jetpack_post_was_ever_published":false},"product_brand":[1063],"product_cat":[727,1062,146],"product_tag":[],"giftcard-category":[],"class_list":{"0":"post-293399","1":"product","2":"type-product","3":"status-publish","4":"has-post-thumbnail","6":"product_brand-ti-sento-milano","7":"product_cat-necklaces","8":"product_cat-ti-sento-milano-aw25","9":"product_cat-ti-sento-milano-necklaces","10":"pa_material-silver","11":"pa_metal-color-silver","12":"pa_product-brand-ti-sento-milano","13":"pa_stone-color-pearl","14":"pa_type-category-necklaces","16":"first","17":"instock","18":"taxable","19":"shipping-taxable","20":"purchasable","21":"product-type-simple"},"bundled_by":[],"bundle_stock_status":"instock","bundle_stock_quantity":1,"bundle_virtual":false,"bundle_layout":"","bundle_add_to_cart_form_location":"","bundle_editable_in_cart":false,"bundle_sold_individually_context":"","bundle_item_grouping":"","bundle_min_size":"","bundle_max_size":"","bundle_price":[],"bundled_items":[],"bundle_sell_ids":[],"etheme_brands":{"errors":{"invalid_taxonomy":["Lubamatu taksonoomia."]},"error_data":[]},"_links":{"self":[{"href":"https:\/\/glamuur.ee\/et\/wp-json\/wp\/v2\/product\/293399","targetHints":{"allow":["GET"]}}],"collection":[{"href":"https:\/\/glamuur.ee\/et\/wp-json\/wp\/v2\/product"}],"about":[{"href":"https:\/\/glamuur.ee\/et\/wp-json\/wp\/v2\/types\/product"}],"replies":[{"embeddable":true,"href":"https:\/\/glamuur.ee\/et\/wp-json\/wp\/v2\/comments?post=293399"}],"wp:featuredmedia":[{"embeddable":true,"href":"https:\/\/glamuur.ee\/et\/wp-json\/wp\/v2\/media\/293201"}],"wp:attachment":[{"href":"https:\/\/glamuur.ee\/et\/wp-json\/wp\/v2\/media?parent=293399"}],"wp:term":[{"taxonomy":"product_brand","embeddable":true,"href":"https:\/\/glamuur.ee\/et\/wp-json\/wp\/v2\/product_brand?post=293399"},{"taxonomy":"product_cat","embeddable":true,"href":"https:\/\/glamuur.ee\/et\/wp-json\/wp\/v2\/product_cat?post=293399"},{"taxonomy":"product_tag","embeddable":true,"href":"https:\/\/glamuur.ee\/et\/wp-json\/wp\/v2\/product_tag?post=293399"},{"taxonomy":"giftcard-category","embeddable":true,"href":"https:\/\/glamuur.ee\/et\/wp-json\/wp\/v2\/giftcard-category?post=293399"}],"curies":[{"name":"wp","href":"https:\/\/api.w.org\/{rel}","templated":true}]}}