{"id":293370,"date":"2025-09-11T13:42:08","date_gmt":"2025-09-11T10:42:08","guid":{"rendered":"https:\/\/glamuur.ee\/?post_type=product&#038;p=293370"},"modified":"2026-04-15T16:43:21","modified_gmt":"2026-04-15T13:43:21","slug":"https-glamuur-ee-wp-content-uploads-2025-09-23088yp_1-scaled-jpg-2","status":"publish","type":"product","link":"https:\/\/glamuur.ee\/et\/product\/https-glamuur-ee-wp-content-uploads-2025-09-23088yp_1-scaled-jpg-2\/","title":{"rendered":"TI SENTO k\u00e4ev\u00f5ru 23088YP"},"content":{"rendered":"<p>V\u00f5tke omaks helendav pehmus TI SENTO kullatud h\u00f5bedast k\u00e4ev\u00f5ru 23088YP. Poleeritud 925 h\u00f5bedast l\u00fclid on kaetud s\u00e4rava kollase kullaga ja kaunistatud 8 mm kabohhoonega valgeid p\u00e4rleid t\u00e4is, mille loomulik l\u00e4ige p\u00fc\u00fcab valgust. Peenike lukk kordab iga p\u00e4rli sujuvat k\u00f5verust, tagades nii turvalisuse kui ka stiili. Kandke seda koos \u00f5hukeste kettidega, et saavutada mitmekihiline rikkus, v\u00f5i kandke seda \u00fcksinda, et saavutada vaevata elegantsi. See on niklivaba ja h\u00fcpoallergeenne, mis lubab vaevata mugavust kogu p\u00e4eva.<\/p>","protected":false},"excerpt":{"rendered":"<p>TI SENTO Bracelet 23088YP. Length: 15,6 &#8211; 17,4 cm &#8211; Width: 8 mm &#8211; Stone diameter: 8 mm &#8211; Diameter of closure: 8 mm<\/p>","protected":false},"featured_media":293134,"comment_status":"open","ping_status":"closed","template":"","meta":{"jetpack_post_was_ever_published":false},"product_brand":[1063],"product_cat":[726,1062,147],"product_tag":[],"giftcard-category":[],"class_list":{"0":"post-293370","1":"product","2":"type-product","3":"status-publish","4":"has-post-thumbnail","6":"product_brand-ti-sento-milano","7":"product_cat-bracelets","8":"product_cat-ti-sento-milano-aw25","9":"product_cat-ti-sento-milano-bracelets","10":"pa_material-silver","11":"pa_metal-color-yellow-gold","12":"pa_product-brand-ti-sento-milano","13":"pa_stone-color-pearl","14":"pa_type-category-bracelets","16":"first","17":"instock","18":"taxable","19":"shipping-taxable","20":"purchasable","21":"product-type-simple"},"bundled_by":[],"bundle_stock_status":"instock","bundle_stock_quantity":2,"bundle_virtual":false,"bundle_layout":"","bundle_add_to_cart_form_location":"","bundle_editable_in_cart":false,"bundle_sold_individually_context":"","bundle_item_grouping":"","bundle_min_size":"","bundle_max_size":"","bundle_price":[],"bundled_items":[],"bundle_sell_ids":[],"etheme_brands":{"errors":{"invalid_taxonomy":["Lubamatu taksonoomia."]},"error_data":[]},"_links":{"self":[{"href":"https:\/\/glamuur.ee\/et\/wp-json\/wp\/v2\/product\/293370","targetHints":{"allow":["GET"]}}],"collection":[{"href":"https:\/\/glamuur.ee\/et\/wp-json\/wp\/v2\/product"}],"about":[{"href":"https:\/\/glamuur.ee\/et\/wp-json\/wp\/v2\/types\/product"}],"replies":[{"embeddable":true,"href":"https:\/\/glamuur.ee\/et\/wp-json\/wp\/v2\/comments?post=293370"}],"wp:featuredmedia":[{"embeddable":true,"href":"https:\/\/glamuur.ee\/et\/wp-json\/wp\/v2\/media\/293134"}],"wp:attachment":[{"href":"https:\/\/glamuur.ee\/et\/wp-json\/wp\/v2\/media?parent=293370"}],"wp:term":[{"taxonomy":"product_brand","embeddable":true,"href":"https:\/\/glamuur.ee\/et\/wp-json\/wp\/v2\/product_brand?post=293370"},{"taxonomy":"product_cat","embeddable":true,"href":"https:\/\/glamuur.ee\/et\/wp-json\/wp\/v2\/product_cat?post=293370"},{"taxonomy":"product_tag","embeddable":true,"href":"https:\/\/glamuur.ee\/et\/wp-json\/wp\/v2\/product_tag?post=293370"},{"taxonomy":"giftcard-category","embeddable":true,"href":"https:\/\/glamuur.ee\/et\/wp-json\/wp\/v2\/giftcard-category?post=293370"}],"curies":[{"name":"wp","href":"https:\/\/api.w.org\/{rel}","templated":true}]}}