{"id":293365,"date":"2025-09-11T13:41:56","date_gmt":"2025-09-11T10:41:56","guid":{"rendered":"https:\/\/glamuur.ee\/?post_type=product&#038;p=293365"},"modified":"2026-04-15T16:46:39","modified_gmt":"2026-04-15T13:46:39","slug":"https-glamuur-ee-wp-content-uploads-2025-09-23086zy_1-scaled-jpg","status":"publish","type":"product","link":"https:\/\/glamuur.ee\/et\/product\/https-glamuur-ee-wp-content-uploads-2025-09-23086zy_1-scaled-jpg\/","title":{"rendered":"TI SENTO k\u00e4ev\u00f5ru 23086ZY"},"content":{"rendered":"<p>T\u00e4iusta oma kollektsiooni selle TI SENTO kullatud h\u00f5bedast k\u00e4ev\u00f5ru 23086ZY abil.<br \/>\nSee 925 h\u00f5bedast valmistatud peenike k\u00e4ev\u00f5ru \u00fchendab minimalistliku vormi ja efektsed detailid: sile kollakuldne kaar moodustab p\u00f5hja, samas kui \u00fclemine osa on viimistletud plaatinaga ja pav\u00e9-varustatud valge kuubilise tsirkooniumiga, mis on briljantse l\u00f5ikega. \u00dclimalt \u00f5huke siluett sobitub vaevata mitmekihilistesse look'idesse v\u00f5i seisab \u00fcksinda vaikse elegantsi avaldusena. Turvaline varjatud sulgur tagab \u00f5mblusteta sobivuse randme \u00fcmber. See niklivaba ja h\u00fcpoallergeenne ehitis on valmistatud nii, et see pakub p\u00fcsivat mugavust ja s\u00e4ravat s\u00e4ra kogu p\u00e4eva.<\/p>","protected":false},"excerpt":{"rendered":"<p>TI SENTO k\u00e4ev\u00f5ru 23086ZY. Pikkus: 50 mm - Laius: 60 mm - Rihma laius \u00fcleval: Laius: 7 mm - Riba laius all: 3 mm<\/p>","protected":false},"featured_media":293128,"comment_status":"open","ping_status":"closed","template":"","meta":{"jetpack_post_was_ever_published":false},"product_brand":[1063],"product_cat":[726,1062,147],"product_tag":[],"giftcard-category":[],"class_list":{"0":"post-293365","1":"product","2":"type-product","3":"status-publish","4":"has-post-thumbnail","6":"product_brand-ti-sento-milano","7":"product_cat-bracelets","8":"product_cat-ti-sento-milano-aw25","9":"product_cat-ti-sento-milano-bracelets","10":"pa_material-silver","11":"pa_metal-color-yellow-gold","12":"pa_product-brand-ti-sento-milano","13":"pa_stone-color-white","14":"pa_type-category-bracelets","16":"first","17":"instock","18":"taxable","19":"shipping-taxable","20":"purchasable","21":"product-type-simple"},"bundled_by":[],"bundle_stock_status":"instock","bundle_stock_quantity":1,"bundle_virtual":false,"bundle_layout":"","bundle_add_to_cart_form_location":"","bundle_editable_in_cart":false,"bundle_sold_individually_context":"","bundle_item_grouping":"","bundle_min_size":"","bundle_max_size":"","bundle_price":[],"bundled_items":[],"bundle_sell_ids":[],"etheme_brands":{"errors":{"invalid_taxonomy":["Lubamatu taksonoomia."]},"error_data":[]},"_links":{"self":[{"href":"https:\/\/glamuur.ee\/et\/wp-json\/wp\/v2\/product\/293365","targetHints":{"allow":["GET"]}}],"collection":[{"href":"https:\/\/glamuur.ee\/et\/wp-json\/wp\/v2\/product"}],"about":[{"href":"https:\/\/glamuur.ee\/et\/wp-json\/wp\/v2\/types\/product"}],"replies":[{"embeddable":true,"href":"https:\/\/glamuur.ee\/et\/wp-json\/wp\/v2\/comments?post=293365"}],"wp:featuredmedia":[{"embeddable":true,"href":"https:\/\/glamuur.ee\/et\/wp-json\/wp\/v2\/media\/293128"}],"wp:attachment":[{"href":"https:\/\/glamuur.ee\/et\/wp-json\/wp\/v2\/media?parent=293365"}],"wp:term":[{"taxonomy":"product_brand","embeddable":true,"href":"https:\/\/glamuur.ee\/et\/wp-json\/wp\/v2\/product_brand?post=293365"},{"taxonomy":"product_cat","embeddable":true,"href":"https:\/\/glamuur.ee\/et\/wp-json\/wp\/v2\/product_cat?post=293365"},{"taxonomy":"product_tag","embeddable":true,"href":"https:\/\/glamuur.ee\/et\/wp-json\/wp\/v2\/product_tag?post=293365"},{"taxonomy":"giftcard-category","embeddable":true,"href":"https:\/\/glamuur.ee\/et\/wp-json\/wp\/v2\/giftcard-category?post=293365"}],"curies":[{"name":"wp","href":"https:\/\/api.w.org\/{rel}","templated":true}]}}