{"id":292623,"date":"2023-08-28T08:16:15","date_gmt":"2023-08-28T05:16:15","guid":{"rendered":"https:\/\/glamuur.ee\/?post_type=product&#038;p=292623"},"modified":"2026-04-15T16:49:11","modified_gmt":"2026-04-15T13:49:11","slug":"ti-sento-milano-komplekt-122","status":"publish","type":"product","link":"https:\/\/glamuur.ee\/et\/product\/ti-sento-milano-set-122\/","title":{"rendered":"TI SENTO - Milano komplekt"},"content":{"rendered":"<p><strong>TI SENTO \u2013 Milano komplekt<\/strong><\/p>\n<ul>\n<li><strong>K\u00f5rvar\u00f5ngad:<\/strong> Need TI SENTO kullatud h\u00f5bedast k\u00f5rvar\u00f5ngad 7845SY on kaks rafineeritud ovaalset kullatud linki.<\/li>\n<li><strong>K\u00f5rvar\u00f5nga ripatsid<\/strong>: Need TI SENTO kullatud h\u00f5bedast k\u00f5rvar\u00f5ngad 9249PW uhkeldavad ebakorrap\u00e4raseid valgeid p\u00e4rleid, mis on asetatud kullatud seadistustesse.<\/li>\n<li><strong>Kaelakee:<\/strong> See TI SENTO kullatud h\u00f5bedast kaelakee 3995PW uhkeldab ebakorrap\u00e4rase valge p\u00e4rli k\u00e4ek\u00f5rval kullatud raamistuses.<\/li>\n<\/ul>","protected":false},"excerpt":{"rendered":"<p><strong>Omadused<\/strong>:<\/p>\n<ul>\n<li><strong>P\u00f6\u00f6ratav disain<\/strong>: Kandke baask\u00f5rvar\u00f5ngaid pav\u00e9-poolt s\u00e4rava v\u00f5i sileda poolega lihtsama ja rafineeritud v\u00e4limuse saavutamiseks.<\/li>\n<li><strong>Kohandatav<\/strong>: Paari lisatud v\u00f5lusid v\u00f5i segada ja sobitada teiste <em><a href=\"https:\/\/glamuur.ee\/et\/tootekategooria\/ti-sento-milano\/ti-sento-milano-korva-volusid\/\">TI SENTO v\u00f5lusid<\/a><\/em> luua unikaalseid kombinatsioone.<\/li>\n<li><strong>Premium materjalid<\/strong>: Valmistatud kvaliteetsest 18k kullatud h\u00f5bedast, mis tagab vastupidavuse ja luksusliku viimistluse.<\/li>\n<\/ul>","protected":false},"featured_media":292624,"comment_status":"open","ping_status":"closed","template":"","meta":{"jetpack_post_was_ever_published":false},"product_brand":[1057],"product_cat":[1461,968,980,744,964,72,813],"product_tag":[],"giftcard-category":[],"class_list":{"0":"post-292623","1":"product","2":"type-product","3":"status-publish","4":"has-post-thumbnail","6":"product_brand-ti-sento","7":"product_cat-hullud-paevad-by-glanzglamuur","8":"product_cat-mothers-day-2025-ti-sento","9":"product_cat-ready-for-vacation","10":"product_cat-sets","11":"product_cat-summer-sale-ti-sento","12":"product_cat-ti-sento-milano","13":"product_cat-womens-day","14":"pa_material-silver","15":"pa_metal-color-yellow-gold","16":"pa_product-brand-ti-sento-milano","17":"pa_stone-color-pearl","18":"pa_type-category-sets","20":"first","21":"instock","22":"featured","23":"virtual","24":"taxable","25":"purchasable","26":"product-type-bundle"},"bundled_by":[],"bundle_stock_status":"instock","bundle_stock_quantity":3,"bundle_virtual":false,"bundle_layout":"default","bundle_add_to_cart_form_location":"default","bundle_editable_in_cart":false,"bundle_sold_individually_context":"product","bundle_item_grouping":"parent","bundle_min_size":"","bundle_max_size":"","bundle_price":{"price":{"min":{"incl_tax":"341.99","excl_tax":"275.8"},"max":{"incl_tax":"341.99","excl_tax":"275.8"}},"regular_price":{"min":{"incl_tax":"341.99","excl_tax":"275.8"},"max":{"incl_tax":"341.99","excl_tax":"275.8"}}},"bundled_items":[{"bundled_item_id":235,"product_id":14163,"menu_order":0,"quantity_min":1,"quantity_max":1,"quantity_default":1,"priced_individually":true,"shipped_individually":false,"override_title":false,"title":"TI SENTO - Milano kaelakee","override_description":false,"description":"","optional":false,"hide_thumbnail":false,"discount":"","override_variations":false,"allowed_variations":[],"override_default_variation_attributes":false,"default_variation_attributes":[],"single_product_visibility":"visible","cart_visibility":"visible","order_visibility":"visible","single_product_price_visibility":"visible","cart_price_visibility":"visible","order_price_visibility":"visible","stock_status":"in_stock"},{"bundled_item_id":236,"product_id":11339,"menu_order":1,"quantity_min":1,"quantity_max":1,"quantity_default":1,"priced_individually":true,"shipped_individually":false,"override_title":false,"title":"TI SENTO \u2013 Milano K\u00f5rvar\u00f5ngad","override_description":false,"description":"","optional":false,"hide_thumbnail":false,"discount":"","override_variations":false,"allowed_variations":[],"override_default_variation_attributes":false,"default_variation_attributes":[],"single_product_visibility":"visible","cart_visibility":"visible","order_visibility":"visible","single_product_price_visibility":"visible","cart_price_visibility":"visible","order_price_visibility":"visible","stock_status":"in_stock"},{"bundled_item_id":237,"product_id":8606,"menu_order":2,"quantity_min":1,"quantity_max":1,"quantity_default":1,"priced_individually":true,"shipped_individually":false,"override_title":false,"title":"TI SENTO \u2013 Milano K\u00f5rvar\u00f5nga ripatsid","override_description":false,"description":"","optional":false,"hide_thumbnail":false,"discount":"","override_variations":false,"allowed_variations":[],"override_default_variation_attributes":false,"default_variation_attributes":[],"single_product_visibility":"visible","cart_visibility":"visible","order_visibility":"visible","single_product_price_visibility":"visible","cart_price_visibility":"visible","order_price_visibility":"visible","stock_status":"in_stock"}],"bundle_sell_ids":[],"etheme_brands":{"errors":{"invalid_taxonomy":["Lubamatu taksonoomia."]},"error_data":[]},"_links":{"self":[{"href":"https:\/\/glamuur.ee\/et\/wp-json\/wp\/v2\/product\/292623","targetHints":{"allow":["GET"]}}],"collection":[{"href":"https:\/\/glamuur.ee\/et\/wp-json\/wp\/v2\/product"}],"about":[{"href":"https:\/\/glamuur.ee\/et\/wp-json\/wp\/v2\/types\/product"}],"replies":[{"embeddable":true,"href":"https:\/\/glamuur.ee\/et\/wp-json\/wp\/v2\/comments?post=292623"}],"wp:featuredmedia":[{"embeddable":true,"href":"https:\/\/glamuur.ee\/et\/wp-json\/wp\/v2\/media\/292624"}],"wp:attachment":[{"href":"https:\/\/glamuur.ee\/et\/wp-json\/wp\/v2\/media?parent=292623"}],"wp:term":[{"taxonomy":"product_brand","embeddable":true,"href":"https:\/\/glamuur.ee\/et\/wp-json\/wp\/v2\/product_brand?post=292623"},{"taxonomy":"product_cat","embeddable":true,"href":"https:\/\/glamuur.ee\/et\/wp-json\/wp\/v2\/product_cat?post=292623"},{"taxonomy":"product_tag","embeddable":true,"href":"https:\/\/glamuur.ee\/et\/wp-json\/wp\/v2\/product_tag?post=292623"},{"taxonomy":"giftcard-category","embeddable":true,"href":"https:\/\/glamuur.ee\/et\/wp-json\/wp\/v2\/giftcard-category?post=292623"}],"curies":[{"name":"wp","href":"https:\/\/api.w.org\/{rel}","templated":true}]}}