{"id":292608,"date":"2023-08-28T08:16:15","date_gmt":"2023-08-28T05:16:15","guid":{"rendered":"https:\/\/glamuur.ee\/?post_type=product&#038;p=292608"},"modified":"2025-08-28T14:25:30","modified_gmt":"2025-08-28T11:25:30","slug":"ti-sento-milano-set-119","status":"publish","type":"product","link":"https:\/\/glamuur.ee\/et\/product\/ti-sento-milano-set-119\/","title":{"rendered":"TI SENTO - Milano komplekt"},"content":{"rendered":"<p><strong>TI SENTO \u2013 Milano komplekt<\/strong><\/p>\n<ul>\n<li><strong>K\u00f5rvar\u00f5ngad<\/strong>: These TI SENTO gold-plated sunshine earrings 7972ZY features a radiant stylised sun shape with a dazzling pave of cubic zirconia stones.<\/li>\n<li><strong>Ripats: <\/strong>This TI SENTO gold-plated sunshine pendant 6832ZY showcases a radiant stylised sun shape with a dazzling pave of cubic zirconia stones.<\/li>\n<\/ul>","protected":false},"excerpt":{"rendered":"<p><strong>Omadused<\/strong>:<\/p>\n<ul>\n<li><strong>P\u00f6\u00f6ratav disain<\/strong>: Kandke baask\u00f5rvar\u00f5ngaid pav\u00e9-poolt s\u00e4rava v\u00f5i sileda poolega lihtsama ja rafineeritud v\u00e4limuse saavutamiseks.<\/li>\n<li><strong>Kohandatav<\/strong>: Paari lisatud v\u00f5lusid v\u00f5i segada ja sobitada teiste <em><a href=\"https:\/\/glamuur.ee\/et\/tootekategooria\/ti-sento-milano\/ti-sento-milano-korva-volusid\/\">TI SENTO v\u00f5lusid<\/a><\/em> luua unikaalseid kombinatsioone.<\/li>\n<li><strong>Premium materjalid<\/strong>: Valmistatud kvaliteetsest 18k kullatud h\u00f5bedast, mis tagab vastupidavuse ja luksusliku viimistluse.<\/li>\n<\/ul>","protected":false},"featured_media":292609,"comment_status":"open","ping_status":"closed","template":"","meta":{"jetpack_post_was_ever_published":false},"product_brand":[1057],"product_cat":[968,980,744,964,72,813],"product_tag":[],"giftcard-category":[],"class_list":{"0":"post-292608","1":"product","2":"type-product","3":"status-publish","4":"has-post-thumbnail","6":"product_brand-ti-sento","7":"product_cat-mothers-day-2025-ti-sento","8":"product_cat-ready-for-vacation","9":"product_cat-sets","10":"product_cat-summer-sale-ti-sento","11":"product_cat-ti-sento-milano","12":"product_cat-womens-day","13":"pa_material-silver","14":"pa_metal-color-yellow-gold","15":"pa_product-brand-ti-sento-milano","16":"pa_stone-color-white","17":"pa_type-category-sets","19":"first","20":"instock","21":"featured","22":"virtual","23":"taxable","24":"purchasable","25":"product-type-bundle"},"bundled_by":[],"bundle_stock_status":"instock","bundle_stock_quantity":4,"bundle_virtual":false,"bundle_layout":"default","bundle_add_to_cart_form_location":"default","bundle_editable_in_cart":false,"bundle_sold_individually_context":"product","bundle_item_grouping":"parent","bundle_min_size":"","bundle_max_size":"","bundle_price":{"price":{"min":{"incl_tax":"116.5","excl_tax":"93.95"},"max":{"incl_tax":"116.5","excl_tax":"93.95"}},"regular_price":{"min":{"incl_tax":"233","excl_tax":"187.9"},"max":{"incl_tax":"233","excl_tax":"187.9"}}},"bundled_items":[{"bundled_item_id":217,"product_id":253696,"menu_order":0,"quantity_min":1,"quantity_max":1,"quantity_default":1,"priced_individually":true,"shipped_individually":false,"override_title":false,"title":"TI SENTO \u2013 Milano K\u00f5rvar\u00f5ngad","override_description":false,"description":"","optional":false,"hide_thumbnail":false,"discount":"","override_variations":false,"allowed_variations":[],"override_default_variation_attributes":false,"default_variation_attributes":[],"single_product_visibility":"visible","cart_visibility":"visible","order_visibility":"visible","single_product_price_visibility":"visible","cart_price_visibility":"visible","order_price_visibility":"visible","stock_status":"in_stock"}],"bundle_sell_ids":[],"etheme_brands":{"errors":{"invalid_taxonomy":["Lubamatu taksonoomia."]},"error_data":[]},"_links":{"self":[{"href":"https:\/\/glamuur.ee\/et\/wp-json\/wp\/v2\/product\/292608","targetHints":{"allow":["GET"]}}],"collection":[{"href":"https:\/\/glamuur.ee\/et\/wp-json\/wp\/v2\/product"}],"about":[{"href":"https:\/\/glamuur.ee\/et\/wp-json\/wp\/v2\/types\/product"}],"replies":[{"embeddable":true,"href":"https:\/\/glamuur.ee\/et\/wp-json\/wp\/v2\/comments?post=292608"}],"wp:featuredmedia":[{"embeddable":true,"href":"https:\/\/glamuur.ee\/et\/wp-json\/wp\/v2\/media\/292609"}],"wp:attachment":[{"href":"https:\/\/glamuur.ee\/et\/wp-json\/wp\/v2\/media?parent=292608"}],"wp:term":[{"taxonomy":"product_brand","embeddable":true,"href":"https:\/\/glamuur.ee\/et\/wp-json\/wp\/v2\/product_brand?post=292608"},{"taxonomy":"product_cat","embeddable":true,"href":"https:\/\/glamuur.ee\/et\/wp-json\/wp\/v2\/product_cat?post=292608"},{"taxonomy":"product_tag","embeddable":true,"href":"https:\/\/glamuur.ee\/et\/wp-json\/wp\/v2\/product_tag?post=292608"},{"taxonomy":"giftcard-category","embeddable":true,"href":"https:\/\/glamuur.ee\/et\/wp-json\/wp\/v2\/giftcard-category?post=292608"}],"curies":[{"name":"wp","href":"https:\/\/api.w.org\/{rel}","templated":true}]}}