{"id":291924,"date":"2025-07-01T16:34:15","date_gmt":"2025-07-01T13:34:15","guid":{"rendered":"https:\/\/glamuur.ee\/?post_type=product&#038;p=291924"},"modified":"2026-02-16T13:53:23","modified_gmt":"2026-02-16T11:53:23","slug":"ti-sento-milano-kaevoru-2981sy-l-2","status":"publish","type":"product","link":"https:\/\/glamuur.ee\/et\/product\/ti-sento-milano-bracelet-2981sy-l-2\/","title":{"rendered":"TI SENTO - Milano k\u00e4ev\u00f5ru 2981SY\/L"},"content":{"rendered":"<p>See TI SENTO kullatud h\u00f5bedast k\u00e4ev\u00f5ru 2981SY\/L uhkeldab kohvipabude m\u00e4rgid, mida hoiab koos h\u00f5bedane lukk. K\u00e4ev\u00f5ru on valmistatud 925 h\u00f5bedast. Klassikalised kohviubade kujud on \u00fcmber kujundatud s\u00e4rtsaka v\u00e4\u00e4ndega. Selle eriti turvaline lukk on loodud selleks, et see ese oleks kogu aeg kaasas.<\/p>","protected":false},"excerpt":{"rendered":"<h2>See k\u00e4ev\u00f5ru on suurus L ja sobib randmetele m\u00f5\u00f5tudega 17.6cm - 19.5cm.<\/h2>","protected":false},"featured_media":10402,"comment_status":"open","ping_status":"closed","template":"","meta":{"jetpack_post_was_ever_published":true},"product_brand":[1057],"product_cat":[726,979,939,964,72,147],"product_tag":[],"giftcard-category":[],"class_list":{"0":"post-291924","1":"product","2":"type-product","3":"status-publish","4":"has-post-thumbnail","6":"product_brand-ti-sento","7":"product_cat-bracelets","8":"product_cat-graduation-2025","9":"product_cat-ti-sento-sale-europe","10":"product_cat-summer-sale-ti-sento","11":"product_cat-ti-sento-milano","12":"product_cat-ti-sento-milano-bracelets","13":"pa_material-silver","14":"pa_metal-color-yellow-gold","15":"pa_product-brand-ti-sento-milano","16":"pa_stone-color-without-stones","17":"pa_type-category-bracelets","19":"first","20":"instock","21":"sale","22":"featured","23":"taxable","24":"shipping-taxable","25":"purchasable","26":"product-type-simple"},"bundled_by":[],"bundle_stock_status":"instock","bundle_stock_quantity":3,"bundle_virtual":false,"bundle_layout":"","bundle_add_to_cart_form_location":"","bundle_editable_in_cart":false,"bundle_sold_individually_context":"","bundle_item_grouping":"","bundle_min_size":"","bundle_max_size":"","bundle_price":[],"bundled_items":[],"bundle_sell_ids":[],"etheme_brands":{"errors":{"invalid_taxonomy":["Lubamatu taksonoomia."]},"error_data":[]},"_links":{"self":[{"href":"https:\/\/glamuur.ee\/et\/wp-json\/wp\/v2\/product\/291924","targetHints":{"allow":["GET"]}}],"collection":[{"href":"https:\/\/glamuur.ee\/et\/wp-json\/wp\/v2\/product"}],"about":[{"href":"https:\/\/glamuur.ee\/et\/wp-json\/wp\/v2\/types\/product"}],"replies":[{"embeddable":true,"href":"https:\/\/glamuur.ee\/et\/wp-json\/wp\/v2\/comments?post=291924"}],"wp:featuredmedia":[{"embeddable":true,"href":"https:\/\/glamuur.ee\/et\/wp-json\/wp\/v2\/media\/10402"}],"wp:attachment":[{"href":"https:\/\/glamuur.ee\/et\/wp-json\/wp\/v2\/media?parent=291924"}],"wp:term":[{"taxonomy":"product_brand","embeddable":true,"href":"https:\/\/glamuur.ee\/et\/wp-json\/wp\/v2\/product_brand?post=291924"},{"taxonomy":"product_cat","embeddable":true,"href":"https:\/\/glamuur.ee\/et\/wp-json\/wp\/v2\/product_cat?post=291924"},{"taxonomy":"product_tag","embeddable":true,"href":"https:\/\/glamuur.ee\/et\/wp-json\/wp\/v2\/product_tag?post=291924"},{"taxonomy":"giftcard-category","embeddable":true,"href":"https:\/\/glamuur.ee\/et\/wp-json\/wp\/v2\/giftcard-category?post=291924"}],"curies":[{"name":"wp","href":"https:\/\/api.w.org\/{rel}","templated":true}]}}