{"id":291922,"date":"2025-07-01T16:28:13","date_gmt":"2025-07-01T13:28:13","guid":{"rendered":"https:\/\/glamuur.ee\/?post_type=product&#038;p=291922"},"modified":"2026-02-16T13:53:37","modified_gmt":"2026-02-16T11:53:37","slug":"ti-sento-milano-bracelet-2993zy-l-2","status":"publish","type":"product","link":"https:\/\/glamuur.ee\/et\/product\/ti-sento-milano-bracelet-2993zy-l-2\/","title":{"rendered":"TI SENTO &#8211; Milano Bracelet 2993ZY\/L"},"content":{"rendered":"<p>This TI SENTO  gold-plated silver bangle 2993ZY features an elegant, braided pattern that intertwines silver, pav\u00e9 and gold-plated silver. The bracelet is crafted from 925 sterling silver and coated with a thick layer of platinum to protect it and keep it luminous. A classic design with a playful twist. Decorate your wrists with this sophisticated statement piece.<\/p>","protected":false},"excerpt":{"rendered":"<h2>See k\u00e4ev\u00f5ru on suurus L ja sobib randmetele m\u00f5\u00f5tudega 17.6cm - 19.5cm.<\/h2>","protected":false},"featured_media":10656,"comment_status":"open","ping_status":"closed","template":"","meta":{"jetpack_post_was_ever_published":false},"product_brand":[],"product_cat":[726,72,147],"product_tag":[],"giftcard-category":[],"class_list":{"0":"post-291922","1":"product","2":"type-product","3":"status-publish","4":"has-post-thumbnail","6":"product_cat-bracelets","7":"product_cat-ti-sento-milano","8":"product_cat-ti-sento-milano-bracelets","9":"pa_material-silver","10":"pa_metal-color-yellow-gold","11":"pa_product-brand-ti-sento-milano","12":"pa_size-m","13":"pa_stone-color-white","14":"pa_type-category-bracelets","16":"first","17":"instock","18":"sale","19":"featured","20":"taxable","21":"shipping-taxable","22":"purchasable","23":"product-type-simple"},"bundled_by":[],"bundle_stock_status":"instock","bundle_stock_quantity":3,"bundle_virtual":false,"bundle_layout":"","bundle_add_to_cart_form_location":"","bundle_editable_in_cart":false,"bundle_sold_individually_context":"","bundle_item_grouping":"","bundle_min_size":"","bundle_max_size":"","bundle_price":[],"bundled_items":[],"bundle_sell_ids":[],"etheme_brands":{"errors":{"invalid_taxonomy":["Lubamatu taksonoomia."]},"error_data":[]},"_links":{"self":[{"href":"https:\/\/glamuur.ee\/et\/wp-json\/wp\/v2\/product\/291922","targetHints":{"allow":["GET"]}}],"collection":[{"href":"https:\/\/glamuur.ee\/et\/wp-json\/wp\/v2\/product"}],"about":[{"href":"https:\/\/glamuur.ee\/et\/wp-json\/wp\/v2\/types\/product"}],"replies":[{"embeddable":true,"href":"https:\/\/glamuur.ee\/et\/wp-json\/wp\/v2\/comments?post=291922"}],"wp:featuredmedia":[{"embeddable":true,"href":"https:\/\/glamuur.ee\/et\/wp-json\/wp\/v2\/media\/10656"}],"wp:attachment":[{"href":"https:\/\/glamuur.ee\/et\/wp-json\/wp\/v2\/media?parent=291922"}],"wp:term":[{"taxonomy":"product_brand","embeddable":true,"href":"https:\/\/glamuur.ee\/et\/wp-json\/wp\/v2\/product_brand?post=291922"},{"taxonomy":"product_cat","embeddable":true,"href":"https:\/\/glamuur.ee\/et\/wp-json\/wp\/v2\/product_cat?post=291922"},{"taxonomy":"product_tag","embeddable":true,"href":"https:\/\/glamuur.ee\/et\/wp-json\/wp\/v2\/product_tag?post=291922"},{"taxonomy":"giftcard-category","embeddable":true,"href":"https:\/\/glamuur.ee\/et\/wp-json\/wp\/v2\/giftcard-category?post=291922"}],"curies":[{"name":"wp","href":"https:\/\/api.w.org\/{rel}","templated":true}]}}