{"id":291752,"date":"2023-01-06T13:59:29","date_gmt":"2023-01-06T13:59:29","guid":{"rendered":"https:\/\/glamuur.ee\/product\/ania-haie-kaevoru-5\/"},"modified":"2026-04-15T17:08:56","modified_gmt":"2026-04-15T14:08:56","slug":"ania-haie-kaevoru-5","status":"publish","type":"product","link":"https:\/\/glamuur.ee\/et\/product\/ania-haie-kaevoru-5\/","title":{"rendered":"Ania Haie k\u00e4ev\u00f5ru"},"content":{"rendered":"<p>K\u00e4ev\u00f5ru pikkus = 16,5 cm<br \/>\n Pikendusvarda pikkus = 2 cm<br \/>\n Kogupikkus = 18,5 cm<br \/>\n Kivi = SI1 klassi looduslik teemant<br \/>\n Teemanti suurus = 1,9 mm Kogus = 1<br \/>\n Karaatide kogukaal = 0,03 karaadi<\/p>","protected":false},"excerpt":{"rendered":"<p>K\u00e4ev\u00f5ru pikkus = 16,5 cm Pikendusvarda pikkus = 2 cm Kogupikkus = 18,5 cm Kivi = SI1 klassi looduslik teemant Teemanti suurus = 1,9 mm Kogus = 1 Karaatide kogukaal = 0,03 karaadi<\/p>","protected":false},"featured_media":291754,"comment_status":"open","ping_status":"closed","template":"","meta":{"jetpack_post_was_ever_published":false},"product_brand":[],"product_cat":[200],"product_tag":[],"giftcard-category":[],"class_list":{"0":"post-291752","1":"product","2":"type-product","3":"status-publish","4":"has-post-thumbnail","6":"product_cat-ania-haie","7":"pa_material-silver","8":"pa_metal-color-yellow-gold","9":"pa_product-brand-ti-sento-milano","10":"pa_stone-color-without-stones","11":"pa_type-category-rings","13":"first","14":"instock","15":"featured","16":"taxable","17":"shipping-taxable","18":"purchasable","19":"product-type-simple"},"bundled_by":[],"bundle_stock_status":"instock","bundle_stock_quantity":2,"bundle_virtual":false,"bundle_layout":"","bundle_add_to_cart_form_location":"","bundle_editable_in_cart":false,"bundle_sold_individually_context":"","bundle_item_grouping":"","bundle_min_size":"","bundle_max_size":"","bundle_price":[],"bundled_items":[],"bundle_sell_ids":[],"etheme_brands":{"errors":{"invalid_taxonomy":["Lubamatu taksonoomia."]},"error_data":[]},"_links":{"self":[{"href":"https:\/\/glamuur.ee\/et\/wp-json\/wp\/v2\/product\/291752","targetHints":{"allow":["GET"]}}],"collection":[{"href":"https:\/\/glamuur.ee\/et\/wp-json\/wp\/v2\/product"}],"about":[{"href":"https:\/\/glamuur.ee\/et\/wp-json\/wp\/v2\/types\/product"}],"replies":[{"embeddable":true,"href":"https:\/\/glamuur.ee\/et\/wp-json\/wp\/v2\/comments?post=291752"}],"wp:featuredmedia":[{"embeddable":true,"href":"https:\/\/glamuur.ee\/et\/wp-json\/wp\/v2\/media\/291754"}],"wp:attachment":[{"href":"https:\/\/glamuur.ee\/et\/wp-json\/wp\/v2\/media?parent=291752"}],"wp:term":[{"taxonomy":"product_brand","embeddable":true,"href":"https:\/\/glamuur.ee\/et\/wp-json\/wp\/v2\/product_brand?post=291752"},{"taxonomy":"product_cat","embeddable":true,"href":"https:\/\/glamuur.ee\/et\/wp-json\/wp\/v2\/product_cat?post=291752"},{"taxonomy":"product_tag","embeddable":true,"href":"https:\/\/glamuur.ee\/et\/wp-json\/wp\/v2\/product_tag?post=291752"},{"taxonomy":"giftcard-category","embeddable":true,"href":"https:\/\/glamuur.ee\/et\/wp-json\/wp\/v2\/giftcard-category?post=291752"}],"curies":[{"name":"wp","href":"https:\/\/api.w.org\/{rel}","templated":true}]}}