{"id":28884,"date":"2023-01-10T14:04:36","date_gmt":"2023-01-10T14:04:36","guid":{"rendered":"https:\/\/dev.glamuur.ee\/product\/erwa-heart-nro1-mr\/"},"modified":"2026-04-15T14:24:19","modified_gmt":"2026-04-15T11:24:19","slug":"erwa-heart-nro1-mr","status":"publish","type":"product","link":"https:\/\/glamuur.ee\/et\/product\/erwa-heart-nro1-mr\/","title":{"rendered":"Engelsrufer K\u00e4ekell"},"content":{"rendered":"<p>Kell Happy Hearts roosa | Roostevaba teras IP ros\u00e9 | nubuknahk roosa | \u00d8 34 mm<\/p>","protected":false},"excerpt":{"rendered":"<p>Kell Happy Hearts roosa | Roostevaba teras IP ros\u00e9 | nubuknahk roosa | \u00d8 34 mm<\/p>","protected":false},"featured_media":29639,"comment_status":"open","ping_status":"closed","template":"","meta":{"jetpack_post_was_ever_published":false},"product_brand":[],"product_cat":[210,213,941,745],"product_tag":[942],"giftcard-category":[],"class_list":{"0":"post-28884","1":"product","2":"type-product","3":"status-publish","4":"has-post-thumbnail","6":"product_cat-engelsrufer","7":"product_cat-engelsrufer-watches","8":"product_cat-valentines-day","9":"product_cat-watches","10":"product_tag-valentines-day","11":"pa_material-silver","12":"pa_metal-color-rose-gold","13":"pa_product-brand-engelsrufer","14":"pa_stone-color-pink","15":"pa_type-category-watches","17":"first","18":"instock","19":"featured","20":"taxable","21":"shipping-taxable","22":"purchasable","23":"product-type-simple"},"bundled_by":[],"bundle_stock_status":"instock","bundle_stock_quantity":1,"bundle_virtual":false,"bundle_layout":"","bundle_add_to_cart_form_location":"","bundle_editable_in_cart":false,"bundle_sold_individually_context":"","bundle_item_grouping":"","bundle_min_size":"","bundle_max_size":"","bundle_price":[],"bundled_items":[],"bundle_sell_ids":[],"etheme_brands":{"errors":{"invalid_taxonomy":["Lubamatu taksonoomia."]},"error_data":[]},"_links":{"self":[{"href":"https:\/\/glamuur.ee\/et\/wp-json\/wp\/v2\/product\/28884","targetHints":{"allow":["GET"]}}],"collection":[{"href":"https:\/\/glamuur.ee\/et\/wp-json\/wp\/v2\/product"}],"about":[{"href":"https:\/\/glamuur.ee\/et\/wp-json\/wp\/v2\/types\/product"}],"replies":[{"embeddable":true,"href":"https:\/\/glamuur.ee\/et\/wp-json\/wp\/v2\/comments?post=28884"}],"wp:featuredmedia":[{"embeddable":true,"href":"https:\/\/glamuur.ee\/et\/wp-json\/wp\/v2\/media\/29639"}],"wp:attachment":[{"href":"https:\/\/glamuur.ee\/et\/wp-json\/wp\/v2\/media?parent=28884"}],"wp:term":[{"taxonomy":"product_brand","embeddable":true,"href":"https:\/\/glamuur.ee\/et\/wp-json\/wp\/v2\/product_brand?post=28884"},{"taxonomy":"product_cat","embeddable":true,"href":"https:\/\/glamuur.ee\/et\/wp-json\/wp\/v2\/product_cat?post=28884"},{"taxonomy":"product_tag","embeddable":true,"href":"https:\/\/glamuur.ee\/et\/wp-json\/wp\/v2\/product_tag?post=28884"},{"taxonomy":"giftcard-category","embeddable":true,"href":"https:\/\/glamuur.ee\/et\/wp-json\/wp\/v2\/giftcard-category?post=28884"}],"curies":[{"name":"wp","href":"https:\/\/api.w.org\/{rel}","templated":true}]}}