{"id":28460,"date":"2023-01-10T14:00:32","date_gmt":"2023-01-10T14:00:32","guid":{"rendered":"https:\/\/dev.glamuur.ee\/product\/engelsrufer-pendant-erp-chakra-06\/"},"modified":"2025-04-30T17:04:03","modified_gmt":"2025-04-30T14:04:03","slug":"engelsrufer-ripats-erp-chakra-06","status":"publish","type":"product","link":"https:\/\/glamuur.ee\/et\/product\/engelsrufer-pendant-erp-chakra-06\/","title":{"rendered":"Engelsrufer Kaelakee"},"content":{"rendered":"<p>Engelsrufer h\u00f5bedast ripats ERP-CHAKRA-06<\/p>\n<p>Teie Sakraalne t\u0161akra - meie vaimse t\u0161akra helil\u00e4\u00e4ts v\u00f5lub teid oma paljude l\u00e4bim\u00f5eldud detailidega. Sakraalne t\u0161akra stimuleerib teie seksuaalsust ja entusiasmi. Samuti tugevdab see teie tundeid ja loovust. Oran\u017ei v\u00e4rvi teostus annab teile j\u00f5udu, energiat ja soodustab aktiivsust. \u00dcksikud helid annavad inimkehale vaimset j\u00f5udu, andes teile harmooniat ja tasakaalu.<\/p>\n<p>Oran\u017e t\u00e4histab energiat. See annab j\u00f5udu, enesehinnangut ja stimuleerib aktiivsust.<\/p>","protected":false},"excerpt":{"rendered":"<p>Engelsrufer Silver Pendant ERP-CHAKRA-06 Your Sacral chakra &#8211; our spiritual chakra sound lens enchants you with its multitude of thoughtful details. The sacral chakra stimulates your sexuality and enthusiasm. It also strengthens your feelings and your creativity. The execution in the colour orange gives you&#8230;<\/p>","protected":false},"featured_media":52590,"comment_status":"open","ping_status":"closed","template":"","meta":{"jetpack_post_was_ever_published":false},"product_brand":[],"product_cat":[210,215,794,729],"product_tag":[],"giftcard-category":[],"class_list":{"0":"post-28460","1":"product","2":"type-product","3":"status-publish","4":"has-post-thumbnail","6":"product_cat-engelsrufer","7":"product_cat-engelsrufer-pendants-necklaces","8":"product_cat-gift-ideas-up-to-100e","9":"product_cat-pendants","10":"pa_material-silver","11":"pa_metal-color-silver","12":"pa_product-brand-engelsrufer","13":"pa_stone-color-orange","14":"pa_type-category-pendants","16":"first","17":"instock","18":"featured","19":"taxable","20":"shipping-taxable","21":"purchasable","22":"product-type-simple"},"bundled_by":[],"bundle_stock_status":"instock","bundle_stock_quantity":6,"bundle_virtual":false,"bundle_layout":"","bundle_add_to_cart_form_location":"","bundle_editable_in_cart":false,"bundle_sold_individually_context":"","bundle_item_grouping":"","bundle_min_size":"","bundle_max_size":"","bundle_price":[],"bundled_items":[],"bundle_sell_ids":[],"etheme_brands":{"errors":{"invalid_taxonomy":["Lubamatu taksonoomia."]},"error_data":[]},"_links":{"self":[{"href":"https:\/\/glamuur.ee\/et\/wp-json\/wp\/v2\/product\/28460","targetHints":{"allow":["GET"]}}],"collection":[{"href":"https:\/\/glamuur.ee\/et\/wp-json\/wp\/v2\/product"}],"about":[{"href":"https:\/\/glamuur.ee\/et\/wp-json\/wp\/v2\/types\/product"}],"replies":[{"embeddable":true,"href":"https:\/\/glamuur.ee\/et\/wp-json\/wp\/v2\/comments?post=28460"}],"wp:featuredmedia":[{"embeddable":true,"href":"https:\/\/glamuur.ee\/et\/wp-json\/wp\/v2\/media\/52590"}],"wp:attachment":[{"href":"https:\/\/glamuur.ee\/et\/wp-json\/wp\/v2\/media?parent=28460"}],"wp:term":[{"taxonomy":"product_brand","embeddable":true,"href":"https:\/\/glamuur.ee\/et\/wp-json\/wp\/v2\/product_brand?post=28460"},{"taxonomy":"product_cat","embeddable":true,"href":"https:\/\/glamuur.ee\/et\/wp-json\/wp\/v2\/product_cat?post=28460"},{"taxonomy":"product_tag","embeddable":true,"href":"https:\/\/glamuur.ee\/et\/wp-json\/wp\/v2\/product_tag?post=28460"},{"taxonomy":"giftcard-category","embeddable":true,"href":"https:\/\/glamuur.ee\/et\/wp-json\/wp\/v2\/giftcard-category?post=28460"}],"curies":[{"name":"wp","href":"https:\/\/api.w.org\/{rel}","templated":true}]}}