{"id":28348,"date":"2023-01-10T13:59:39","date_gmt":"2023-01-10T13:59:39","guid":{"rendered":"https:\/\/dev.glamuur.ee\/product\/engelsrufer-pendant-erp-20-tear-bizi-mr\/"},"modified":"2026-03-23T11:10:05","modified_gmt":"2026-03-23T09:10:05","slug":"engelsrufer-rippuva-erp-20-pisar-bizi-mr","status":"publish","type":"product","link":"https:\/\/glamuur.ee\/et\/product\/engelsrufer-pendant-erp-20-tear-bizi-mr\/","title":{"rendered":"Engelsrufer Kaelakee ripats"},"content":{"rendered":"<p>...rahu ja selguse s\u00fcmboliks. Halvad kogemused koorivad v\u00e4lisserva. Head m\u00e4lestused hoitakse Taevase pisara sees, et tuua tasakaalu ja harmooniat oma ellu.<\/p>\n<p>Artikli number:ERP-20-TEAR-BIZI-MR<\/p>\n<p>Materjal: 925 Sterling h\u00f5be, 18K roosaga kaetud, 200 valge s\u00fcnteetikumi. Kuubiline tsirkoonium<\/p>\n<p>Suurus: 32 mm<\/p>\n<p>Helipall: p\u00e4rl, M ca. 17 mm<\/p>","protected":false},"excerpt":{"rendered":"<p>\u2026as a symbol of peace and clarity. The bad experiences peel off the outer edge. The good memories are kept save inside the Tear of Heaven to bring balance and harmony in one\u2019s life. Article number:ERP-20-TEAR-BIZI-MR Material: 925 Sterling silver, 18K ros\u00e9 plated, 200 white&#8230;<\/p>","protected":false},"featured_media":28349,"comment_status":"open","ping_status":"closed","template":"","meta":{"jetpack_post_was_ever_published":false},"product_brand":[],"product_cat":[210,215,729],"product_tag":[],"giftcard-category":[],"class_list":{"0":"post-28348","1":"product","2":"type-product","3":"status-publish","4":"has-post-thumbnail","6":"product_cat-engelsrufer","7":"product_cat-engelsrufer-pendants-necklaces","8":"product_cat-pendants","9":"pa_material-silver","10":"pa_metal-color-rose-gold","11":"pa_product-brand-engelsrufer","12":"pa_stone-color-white","13":"pa_type-category-pendants","15":"first","16":"instock","17":"sale","18":"featured","19":"taxable","20":"shipping-taxable","21":"purchasable","22":"product-type-simple"},"bundled_by":[],"bundle_stock_status":"instock","bundle_stock_quantity":1,"bundle_virtual":false,"bundle_layout":"","bundle_add_to_cart_form_location":"","bundle_editable_in_cart":false,"bundle_sold_individually_context":"","bundle_item_grouping":"","bundle_min_size":"","bundle_max_size":"","bundle_price":[],"bundled_items":[],"bundle_sell_ids":[],"etheme_brands":{"errors":{"invalid_taxonomy":["Lubamatu taksonoomia."]},"error_data":[]},"_links":{"self":[{"href":"https:\/\/glamuur.ee\/et\/wp-json\/wp\/v2\/product\/28348","targetHints":{"allow":["GET"]}}],"collection":[{"href":"https:\/\/glamuur.ee\/et\/wp-json\/wp\/v2\/product"}],"about":[{"href":"https:\/\/glamuur.ee\/et\/wp-json\/wp\/v2\/types\/product"}],"replies":[{"embeddable":true,"href":"https:\/\/glamuur.ee\/et\/wp-json\/wp\/v2\/comments?post=28348"}],"wp:featuredmedia":[{"embeddable":true,"href":"https:\/\/glamuur.ee\/et\/wp-json\/wp\/v2\/media\/28349"}],"wp:attachment":[{"href":"https:\/\/glamuur.ee\/et\/wp-json\/wp\/v2\/media?parent=28348"}],"wp:term":[{"taxonomy":"product_brand","embeddable":true,"href":"https:\/\/glamuur.ee\/et\/wp-json\/wp\/v2\/product_brand?post=28348"},{"taxonomy":"product_cat","embeddable":true,"href":"https:\/\/glamuur.ee\/et\/wp-json\/wp\/v2\/product_cat?post=28348"},{"taxonomy":"product_tag","embeddable":true,"href":"https:\/\/glamuur.ee\/et\/wp-json\/wp\/v2\/product_tag?post=28348"},{"taxonomy":"giftcard-category","embeddable":true,"href":"https:\/\/glamuur.ee\/et\/wp-json\/wp\/v2\/giftcard-category?post=28348"}],"curies":[{"name":"wp","href":"https:\/\/api.w.org\/{rel}","templated":true}]}}