{"id":28256,"date":"2023-01-10T13:58:58","date_gmt":"2023-01-10T13:58:58","guid":{"rendered":"https:\/\/dev.glamuur.ee\/product\/engelsrufer-pendant-er-08-s\/"},"modified":"2025-04-30T17:04:14","modified_gmt":"2025-04-30T14:04:14","slug":"engelsrufer-rippkinnitus-er-08-s","status":"publish","type":"product","link":"https:\/\/glamuur.ee\/et\/product\/engelsrufer-pendant-er-08-s\/","title":{"rendered":"Engelsrufer Kaelakee ripats"},"content":{"rendered":"<p>Lilla on s\u00f5ltumatute inimeste v\u00e4rv, mis t\u00e4histab arvamusvabadust ja tasakaalustatust.<\/p>\n<p>Artikli number: ER-08-S<\/p>\n<p>Materjal: 925 h\u00f5be, roodiumiga kaetud.<\/p>\n<p>Suurus: 16 mm<\/p>\n<p>Helipall: lilla, S u. 14 mm<\/p>","protected":false},"excerpt":{"rendered":"<p>Purple is the colour of independent individuals.It stands for freedom of opinion and balance. Article number: ER-08-S Material: 925 sterling silver, rhodium-plated Size: 16 mm Sound ball: purple, S approx. 14 mm<\/p>","protected":false},"featured_media":28257,"comment_status":"open","ping_status":"closed","template":"","meta":{"jetpack_post_was_ever_published":false},"product_brand":[],"product_cat":[210,215,794,729],"product_tag":[],"giftcard-category":[],"class_list":{"0":"post-28256","1":"product","2":"type-product","3":"status-publish","4":"has-post-thumbnail","6":"product_cat-engelsrufer","7":"product_cat-engelsrufer-pendants-necklaces","8":"product_cat-gift-ideas-up-to-100e","9":"product_cat-pendants","10":"pa_material-silver","11":"pa_metal-color-silver","12":"pa_product-brand-engelsrufer","13":"pa_stone-color-purple","14":"pa_type-category-pendants","16":"first","17":"instock","18":"featured","19":"taxable","20":"shipping-taxable","21":"purchasable","22":"product-type-simple"},"bundled_by":[],"bundle_stock_status":"instock","bundle_stock_quantity":2,"bundle_virtual":false,"bundle_layout":"","bundle_add_to_cart_form_location":"","bundle_editable_in_cart":false,"bundle_sold_individually_context":"","bundle_item_grouping":"","bundle_min_size":"","bundle_max_size":"","bundle_price":[],"bundled_items":[],"bundle_sell_ids":[],"etheme_brands":{"errors":{"invalid_taxonomy":["Lubamatu taksonoomia."]},"error_data":[]},"_links":{"self":[{"href":"https:\/\/glamuur.ee\/et\/wp-json\/wp\/v2\/product\/28256","targetHints":{"allow":["GET"]}}],"collection":[{"href":"https:\/\/glamuur.ee\/et\/wp-json\/wp\/v2\/product"}],"about":[{"href":"https:\/\/glamuur.ee\/et\/wp-json\/wp\/v2\/types\/product"}],"replies":[{"embeddable":true,"href":"https:\/\/glamuur.ee\/et\/wp-json\/wp\/v2\/comments?post=28256"}],"wp:featuredmedia":[{"embeddable":true,"href":"https:\/\/glamuur.ee\/et\/wp-json\/wp\/v2\/media\/28257"}],"wp:attachment":[{"href":"https:\/\/glamuur.ee\/et\/wp-json\/wp\/v2\/media?parent=28256"}],"wp:term":[{"taxonomy":"product_brand","embeddable":true,"href":"https:\/\/glamuur.ee\/et\/wp-json\/wp\/v2\/product_brand?post=28256"},{"taxonomy":"product_cat","embeddable":true,"href":"https:\/\/glamuur.ee\/et\/wp-json\/wp\/v2\/product_cat?post=28256"},{"taxonomy":"product_tag","embeddable":true,"href":"https:\/\/glamuur.ee\/et\/wp-json\/wp\/v2\/product_tag?post=28256"},{"taxonomy":"giftcard-category","embeddable":true,"href":"https:\/\/glamuur.ee\/et\/wp-json\/wp\/v2\/giftcard-category?post=28256"}],"curies":[{"name":"wp","href":"https:\/\/api.w.org\/{rel}","templated":true}]}}