{"id":28160,"date":"2023-01-10T13:58:13","date_gmt":"2023-01-10T13:58:13","guid":{"rendered":"https:\/\/dev.glamuur.ee\/product\/engelsrufer-pendant-er-01-zi-lb\/"},"modified":"2025-04-30T17:04:19","modified_gmt":"2025-04-30T14:04:19","slug":"engelsrufer-pendant-er-01-zi-lb","status":"publish","type":"product","link":"https:\/\/glamuur.ee\/et\/product\/engelsrufer-pendant-er-01-zi-lb\/","title":{"rendered":"Engelsrufer Kaelakee ripats"},"content":{"rendered":"<p>Valge t\u00e4histab s\u00e4ravat t\u00e4iuslikkust, s\u00fc\u00fctust, puhtust ja surematust.<\/p>\n<p>Artikli number: ER-01-ZI-LB<\/p>\n<p>Materjal: 925 h\u00f5bedast, musta ruteeniumiga kaetud, 121 suitsuhall s\u00fcnt. Tsirkooniumiga kivid<\/p>\n<p>Suurus: 24 mm<\/p>\n<p>Helipall: valge, pikkus umbes 20 mm.<\/p>","protected":false},"excerpt":{"rendered":"<p>White stands for brilliant perfection, innocence, purity and immortality. Article number: ER-01-ZI-LB Material: 925 sterling silver black ruthenium plated, 121 smoky grey synth. Zirconia stones Size: 24 mm Sound ball: white, L approx. 20 mm<\/p>","protected":false},"featured_media":28161,"comment_status":"open","ping_status":"closed","template":"","meta":{"jetpack_post_was_ever_published":false},"product_brand":[],"product_cat":[210,215,729],"product_tag":[],"giftcard-category":[],"class_list":{"0":"post-28160","1":"product","2":"type-product","3":"status-publish","4":"has-post-thumbnail","6":"product_cat-engelsrufer","7":"product_cat-engelsrufer-pendants-necklaces","8":"product_cat-pendants","9":"pa_material-silver","10":"pa_metal-color-silver","11":"pa_product-brand-engelsrufer","12":"pa_stone-color-black","13":"pa_type-category-pendants","15":"first","16":"instock","17":"featured","18":"taxable","19":"shipping-taxable","20":"purchasable","21":"product-type-simple"},"bundled_by":[],"bundle_stock_status":"instock","bundle_stock_quantity":2,"bundle_virtual":false,"bundle_layout":"","bundle_add_to_cart_form_location":"","bundle_editable_in_cart":false,"bundle_sold_individually_context":"","bundle_item_grouping":"","bundle_min_size":"","bundle_max_size":"","bundle_price":[],"bundled_items":[],"bundle_sell_ids":[],"etheme_brands":{"errors":{"invalid_taxonomy":["Lubamatu taksonoomia."]},"error_data":[]},"_links":{"self":[{"href":"https:\/\/glamuur.ee\/et\/wp-json\/wp\/v2\/product\/28160","targetHints":{"allow":["GET"]}}],"collection":[{"href":"https:\/\/glamuur.ee\/et\/wp-json\/wp\/v2\/product"}],"about":[{"href":"https:\/\/glamuur.ee\/et\/wp-json\/wp\/v2\/types\/product"}],"replies":[{"embeddable":true,"href":"https:\/\/glamuur.ee\/et\/wp-json\/wp\/v2\/comments?post=28160"}],"wp:featuredmedia":[{"embeddable":true,"href":"https:\/\/glamuur.ee\/et\/wp-json\/wp\/v2\/media\/28161"}],"wp:attachment":[{"href":"https:\/\/glamuur.ee\/et\/wp-json\/wp\/v2\/media?parent=28160"}],"wp:term":[{"taxonomy":"product_brand","embeddable":true,"href":"https:\/\/glamuur.ee\/et\/wp-json\/wp\/v2\/product_brand?post=28160"},{"taxonomy":"product_cat","embeddable":true,"href":"https:\/\/glamuur.ee\/et\/wp-json\/wp\/v2\/product_cat?post=28160"},{"taxonomy":"product_tag","embeddable":true,"href":"https:\/\/glamuur.ee\/et\/wp-json\/wp\/v2\/product_tag?post=28160"},{"taxonomy":"giftcard-category","embeddable":true,"href":"https:\/\/glamuur.ee\/et\/wp-json\/wp\/v2\/giftcard-category?post=28160"}],"curies":[{"name":"wp","href":"https:\/\/api.w.org\/{rel}","templated":true}]}}