{"id":277912,"date":"2025-06-05T17:23:30","date_gmt":"2025-06-05T14:23:30","guid":{"rendered":"https:\/\/glamuur.ee\/?post_type=product&#038;p=277912"},"modified":"2025-11-09T12:41:09","modified_gmt":"2025-11-09T10:41:09","slug":"kaevoru-bronzallure-3","status":"publish","type":"product","link":"https:\/\/glamuur.ee\/et\/product\/bracelet-bronzallure-3\/","title":{"rendered":"K\u00e4ev\u00f5ru Bronzallure"},"content":{"rendered":"<p>Bronzallure tennise k\u00e4ev\u00f5ru, mis on valmistatud 18 kt kollase kullaga kaetud ja kaunistatud kuubiliste tsirkooniatega, helendav kvaliteet, valge. Praktiline kanda, karabiinikinnitusega, saadaval kahes suuruses: v\u00e4ike (17,4) ja suur (18,4). Elegantne looming, mille t\u00e4iuslik disain paneb teie v\u00e4limuse s\u00e4rama. Patenteeritud Golden Ros\u00e9 sulam Disainitud ja valmistatud Itaalias Nikli- ja kaadmiumivaba h\u00fcpoallergeenne <\/p>","protected":false},"excerpt":{"rendered":"<p>Bronzallure tennis bracelet made of Golden Ros\u00e9 alloy, 18kt yellow gold plated and embellished with cubic zirconia, luminous quality, in white. Practical to wear, with a lobster clasp, available in two sizes: small (17.4) and large (18.4). An elegant creation with the perfect design to&#8230;<\/p>","protected":false},"featured_media":277913,"comment_status":"open","ping_status":"closed","template":"","meta":{"jetpack_post_was_ever_published":false},"product_brand":[],"product_cat":[726,193,196,962,964],"product_tag":[],"giftcard-category":[],"class_list":{"0":"post-277912","1":"product","2":"type-product","3":"status-publish","4":"has-post-thumbnail","6":"product_cat-bracelets","7":"product_cat-bronzallure","8":"product_cat-bronzallure-bracelets","9":"product_cat-bronzallure-ss25","10":"product_cat-summer-sale-ti-sento","11":"pa_material-golden-rose","12":"pa_metal-color-yellow-gold","13":"pa_product-brand-bronzallure","14":"pa_stone-color-white","16":"first","17":"instock","18":"taxable","19":"shipping-taxable","20":"purchasable","21":"product-type-simple"},"bundled_by":[],"bundle_stock_status":"instock","bundle_stock_quantity":1,"bundle_virtual":false,"bundle_layout":"","bundle_add_to_cart_form_location":"","bundle_editable_in_cart":false,"bundle_sold_individually_context":"","bundle_item_grouping":"","bundle_min_size":"","bundle_max_size":"","bundle_price":[],"bundled_items":[],"bundle_sell_ids":[],"etheme_brands":{"errors":{"invalid_taxonomy":["Lubamatu taksonoomia."]},"error_data":[]},"_links":{"self":[{"href":"https:\/\/glamuur.ee\/et\/wp-json\/wp\/v2\/product\/277912","targetHints":{"allow":["GET"]}}],"collection":[{"href":"https:\/\/glamuur.ee\/et\/wp-json\/wp\/v2\/product"}],"about":[{"href":"https:\/\/glamuur.ee\/et\/wp-json\/wp\/v2\/types\/product"}],"replies":[{"embeddable":true,"href":"https:\/\/glamuur.ee\/et\/wp-json\/wp\/v2\/comments?post=277912"}],"wp:featuredmedia":[{"embeddable":true,"href":"https:\/\/glamuur.ee\/et\/wp-json\/wp\/v2\/media\/277913"}],"wp:attachment":[{"href":"https:\/\/glamuur.ee\/et\/wp-json\/wp\/v2\/media?parent=277912"}],"wp:term":[{"taxonomy":"product_brand","embeddable":true,"href":"https:\/\/glamuur.ee\/et\/wp-json\/wp\/v2\/product_brand?post=277912"},{"taxonomy":"product_cat","embeddable":true,"href":"https:\/\/glamuur.ee\/et\/wp-json\/wp\/v2\/product_cat?post=277912"},{"taxonomy":"product_tag","embeddable":true,"href":"https:\/\/glamuur.ee\/et\/wp-json\/wp\/v2\/product_tag?post=277912"},{"taxonomy":"giftcard-category","embeddable":true,"href":"https:\/\/glamuur.ee\/et\/wp-json\/wp\/v2\/giftcard-category?post=277912"}],"curies":[{"name":"wp","href":"https:\/\/api.w.org\/{rel}","templated":true}]}}