{"id":277908,"date":"2025-06-05T17:23:29","date_gmt":"2025-06-05T14:23:29","guid":{"rendered":"https:\/\/glamuur.ee\/?post_type=product&#038;p=277908"},"modified":"2025-12-08T20:45:26","modified_gmt":"2025-12-08T18:45:26","slug":"kaevoru-bronzallure-2","status":"publish","type":"product","link":"https:\/\/glamuur.ee\/et\/product\/bracelet-bronzallure-2\/","title":{"rendered":"K\u00e4ev\u00f5ru Bronzallure"},"content":{"rendered":"<p>Bronzallure tennise k\u00e4ev\u00f5ru, mis on valmistatud kuldsest roosade sulamist, 18 kt roosakullaga kaetud ja kaunistatud kuubiliste tsirkooniatega, helendav kvaliteet. Praktiline kanda, homaariakinnitusega. Saadaval kolmes suuruses: Patenteeritud Golden Ros\u00e9 sulam Disainitud ja valmistatud Itaalias Niklivaba, kaadmiumivaba H\u00fcpoallergeenne. <\/p>","protected":false},"excerpt":{"rendered":"<p>Bronzallure tennis bracelet made of Golden Ros\u00e9 alloy, 18kt rose gold plated and embellished with cubic zirconia, luminous quality. Practical to wear, with lobster clasp. Available in three sizes: Small (17.4 cm) \/ Medium (17.8 cm) and Large (18.4 cm).Patented Golden Ros\u00e9 alloy Designed and&#8230;<\/p>","protected":false},"featured_media":277909,"comment_status":"open","ping_status":"closed","template":"","meta":{"jetpack_post_was_ever_published":false},"product_brand":[],"product_cat":[726,193,196,962,964],"product_tag":[],"giftcard-category":[],"class_list":{"0":"post-277908","1":"product","2":"type-product","3":"status-publish","4":"has-post-thumbnail","6":"product_cat-bracelets","7":"product_cat-bronzallure","8":"product_cat-bronzallure-bracelets","9":"product_cat-bronzallure-ss25","10":"product_cat-summer-sale-ti-sento","11":"pa_material-golden-rose","12":"pa_metal-color-rose-gold","13":"pa_product-brand-bronzallure","14":"pa_stone-color-white","16":"first","17":"outofstock","18":"taxable","19":"shipping-taxable","20":"purchasable","21":"product-type-simple"},"bundled_by":[],"bundle_stock_status":"outofstock","bundle_stock_quantity":0,"bundle_virtual":false,"bundle_layout":"","bundle_add_to_cart_form_location":"","bundle_editable_in_cart":false,"bundle_sold_individually_context":"","bundle_item_grouping":"","bundle_min_size":"","bundle_max_size":"","bundle_price":[],"bundled_items":[],"bundle_sell_ids":[],"etheme_brands":{"errors":{"invalid_taxonomy":["Lubamatu taksonoomia."]},"error_data":[]},"_links":{"self":[{"href":"https:\/\/glamuur.ee\/et\/wp-json\/wp\/v2\/product\/277908","targetHints":{"allow":["GET"]}}],"collection":[{"href":"https:\/\/glamuur.ee\/et\/wp-json\/wp\/v2\/product"}],"about":[{"href":"https:\/\/glamuur.ee\/et\/wp-json\/wp\/v2\/types\/product"}],"replies":[{"embeddable":true,"href":"https:\/\/glamuur.ee\/et\/wp-json\/wp\/v2\/comments?post=277908"}],"wp:featuredmedia":[{"embeddable":true,"href":"https:\/\/glamuur.ee\/et\/wp-json\/wp\/v2\/media\/277909"}],"wp:attachment":[{"href":"https:\/\/glamuur.ee\/et\/wp-json\/wp\/v2\/media?parent=277908"}],"wp:term":[{"taxonomy":"product_brand","embeddable":true,"href":"https:\/\/glamuur.ee\/et\/wp-json\/wp\/v2\/product_brand?post=277908"},{"taxonomy":"product_cat","embeddable":true,"href":"https:\/\/glamuur.ee\/et\/wp-json\/wp\/v2\/product_cat?post=277908"},{"taxonomy":"product_tag","embeddable":true,"href":"https:\/\/glamuur.ee\/et\/wp-json\/wp\/v2\/product_tag?post=277908"},{"taxonomy":"giftcard-category","embeddable":true,"href":"https:\/\/glamuur.ee\/et\/wp-json\/wp\/v2\/giftcard-category?post=277908"}],"curies":[{"name":"wp","href":"https:\/\/api.w.org\/{rel}","templated":true}]}}