{"id":277899,"date":"2025-06-05T17:23:26","date_gmt":"2025-06-05T14:23:26","guid":{"rendered":"https:\/\/glamuur.ee\/?post_type=product&#038;p=277899"},"modified":"2026-02-23T14:31:12","modified_gmt":"2026-02-23T12:31:12","slug":"rongas-pronkskorval","status":"publish","type":"product","link":"https:\/\/glamuur.ee\/et\/product\/ring-bronzallure\/","title":{"rendered":"R\u00f5ngas Bronzallure"},"content":{"rendered":"<p>Topelt Bronzallure s\u00f5rmus, mis on valmistatud 18 kt roosakullaga kaetud kuldsest kullasulamist, mis sisaldab lihvitud rihmar\u00f5ngast ja veretta s\u00f5rmust, mis on t\u00e4ielikult kaetud kuubilise tsirkooniumiga, helendava kvaliteediga.Patenteeritud kuldne roosade sulam Disainitud ja valmistatud Itaalias Nikli- ja kaadmiumivaba h\u00fcpoallergeeniline.<\/p>","protected":false},"excerpt":{"rendered":"<p>Topelt Bronzallure s\u00f5rmus, mis on valmistatud 18 kt roosakullaga kaetud kuldsest kullasulamist, mis sisaldab lihvitud rihmar\u00f5ngast ja veretta s\u00f5rmust, mis on t\u00e4ielikult kaetud kuubilise tsirkooniumiga, helendava kvaliteediga.Patenteeritud kuldne roosade sulam Disainitud ja valmistatud Itaalias Nikli- ja kaadmiumivaba h\u00fcpoallergeeniline.<\/p>","protected":false},"featured_media":277900,"comment_status":"open","ping_status":"closed","template":"","meta":{"jetpack_post_was_ever_published":false},"product_brand":[],"product_cat":[193,197,962,730,964],"product_tag":[],"giftcard-category":[],"class_list":{"0":"post-277899","1":"product","2":"type-product","3":"status-publish","4":"has-post-thumbnail","6":"product_cat-bronzallure","7":"product_cat-bronzallure-rings","8":"product_cat-bronzallure-ss25","9":"product_cat-rings","10":"product_cat-summer-sale-ti-sento","11":"pa_material-golden-rose","12":"pa_metal-color-rose-gold","13":"pa_product-brand-bronzallure","14":"pa_size-10-1600","15":"pa_size-12-1650","16":"pa_size-14-1700","17":"pa_size-16-1750","18":"pa_size-18-1800","19":"pa_size-20-1850","20":"pa_stone-color-white","21":"pa_type-category-rings","23":"first","24":"instock","25":"taxable","26":"shipping-taxable","27":"purchasable","28":"product-type-variable"},"bundled_by":[],"bundle_stock_status":"instock","bundle_stock_quantity":null,"bundle_virtual":false,"bundle_layout":"","bundle_add_to_cart_form_location":"","bundle_editable_in_cart":false,"bundle_sold_individually_context":"","bundle_item_grouping":"","bundle_min_size":"","bundle_max_size":"","bundle_price":[],"bundled_items":[],"bundle_sell_ids":[],"etheme_brands":{"errors":{"invalid_taxonomy":["Lubamatu taksonoomia."]},"error_data":[]},"_links":{"self":[{"href":"https:\/\/glamuur.ee\/et\/wp-json\/wp\/v2\/product\/277899","targetHints":{"allow":["GET"]}}],"collection":[{"href":"https:\/\/glamuur.ee\/et\/wp-json\/wp\/v2\/product"}],"about":[{"href":"https:\/\/glamuur.ee\/et\/wp-json\/wp\/v2\/types\/product"}],"replies":[{"embeddable":true,"href":"https:\/\/glamuur.ee\/et\/wp-json\/wp\/v2\/comments?post=277899"}],"wp:featuredmedia":[{"embeddable":true,"href":"https:\/\/glamuur.ee\/et\/wp-json\/wp\/v2\/media\/277900"}],"wp:attachment":[{"href":"https:\/\/glamuur.ee\/et\/wp-json\/wp\/v2\/media?parent=277899"}],"wp:term":[{"taxonomy":"product_brand","embeddable":true,"href":"https:\/\/glamuur.ee\/et\/wp-json\/wp\/v2\/product_brand?post=277899"},{"taxonomy":"product_cat","embeddable":true,"href":"https:\/\/glamuur.ee\/et\/wp-json\/wp\/v2\/product_cat?post=277899"},{"taxonomy":"product_tag","embeddable":true,"href":"https:\/\/glamuur.ee\/et\/wp-json\/wp\/v2\/product_tag?post=277899"},{"taxonomy":"giftcard-category","embeddable":true,"href":"https:\/\/glamuur.ee\/et\/wp-json\/wp\/v2\/giftcard-category?post=277899"}],"curies":[{"name":"wp","href":"https:\/\/api.w.org\/{rel}","templated":true}]}}