{"id":277886,"date":"2025-06-05T17:23:15","date_gmt":"2025-06-05T14:23:15","guid":{"rendered":"https:\/\/glamuur.ee\/?post_type=product&#038;p=277886"},"modified":"2026-04-20T12:05:14","modified_gmt":"2026-04-20T09:05:14","slug":"kaelakee-bronzallure","status":"publish","type":"product","link":"https:\/\/glamuur.ee\/et\/product\/necklace-bronzallure\/","title":{"rendered":"Kaelakee Bronzallure"},"content":{"rendered":"<p>Bronzallure kaelakee, mis on valmistatud 18 kt roosakullaga kaetud kuldkangast kuldkangaga, mida kaunistab ovaalse kujuga (12\u00d717 mm) ja lihvitud pinnaga looduslik kivi ripats. Homaarikinnitus ja pikkus 47 cm, 41 ja 44 cm pikkuste r\u00f5ngastega.Patenteeritud Golden Ros\u00e9 sulamKujundatud ja valmistatud Itaalias Valitud looduslikud kivid Niklivaba, kaadmiumivaba H\u00fcpoallergeenne<\/p>","protected":false},"excerpt":{"rendered":"<p>Bronzallure necklace made on a Golden Ros\u00e9 base, 18kt rose gold plated, with forzatine chain embellished with a natural stone pendant with an oval shape (12&#215;17 mm) and faceted surface. Lobster clasp and length 47 cm with rings interposed at 41 and 44 cm.Patented Golden&#8230;<\/p>","protected":false},"featured_media":277887,"comment_status":"open","ping_status":"closed","template":"","meta":{"jetpack_post_was_ever_published":false},"product_brand":[],"product_cat":[193,195,962,727,964],"product_tag":[],"giftcard-category":[],"class_list":{"0":"post-277886","1":"product","2":"type-product","3":"status-publish","4":"has-post-thumbnail","6":"product_cat-bronzallure","7":"product_cat-bronzallure-necklaces","8":"product_cat-bronzallure-ss25","9":"product_cat-necklaces","10":"product_cat-summer-sale-ti-sento","11":"pa_material-golden-rose","12":"pa_metal-color-rose-gold","13":"pa_product-brand-bronzallure","14":"pa_stone-color-pink","15":"pa_type-category-necklaces","17":"first","18":"outofstock","19":"taxable","20":"shipping-taxable","21":"purchasable","22":"product-type-simple"},"bundled_by":[],"bundle_stock_status":"outofstock","bundle_stock_quantity":0,"bundle_virtual":false,"bundle_layout":"","bundle_add_to_cart_form_location":"","bundle_editable_in_cart":false,"bundle_sold_individually_context":"","bundle_item_grouping":"","bundle_min_size":"","bundle_max_size":"","bundle_price":[],"bundled_items":[],"bundle_sell_ids":[],"etheme_brands":{"errors":{"invalid_taxonomy":["Lubamatu taksonoomia."]},"error_data":[]},"_links":{"self":[{"href":"https:\/\/glamuur.ee\/et\/wp-json\/wp\/v2\/product\/277886","targetHints":{"allow":["GET"]}}],"collection":[{"href":"https:\/\/glamuur.ee\/et\/wp-json\/wp\/v2\/product"}],"about":[{"href":"https:\/\/glamuur.ee\/et\/wp-json\/wp\/v2\/types\/product"}],"replies":[{"embeddable":true,"href":"https:\/\/glamuur.ee\/et\/wp-json\/wp\/v2\/comments?post=277886"}],"wp:featuredmedia":[{"embeddable":true,"href":"https:\/\/glamuur.ee\/et\/wp-json\/wp\/v2\/media\/277887"}],"wp:attachment":[{"href":"https:\/\/glamuur.ee\/et\/wp-json\/wp\/v2\/media?parent=277886"}],"wp:term":[{"taxonomy":"product_brand","embeddable":true,"href":"https:\/\/glamuur.ee\/et\/wp-json\/wp\/v2\/product_brand?post=277886"},{"taxonomy":"product_cat","embeddable":true,"href":"https:\/\/glamuur.ee\/et\/wp-json\/wp\/v2\/product_cat?post=277886"},{"taxonomy":"product_tag","embeddable":true,"href":"https:\/\/glamuur.ee\/et\/wp-json\/wp\/v2\/product_tag?post=277886"},{"taxonomy":"giftcard-category","embeddable":true,"href":"https:\/\/glamuur.ee\/et\/wp-json\/wp\/v2\/giftcard-category?post=277886"}],"curies":[{"name":"wp","href":"https:\/\/api.w.org\/{rel}","templated":true}]}}