{"id":277820,"date":"2025-05-27T16:51:39","date_gmt":"2025-05-27T13:51:39","guid":{"rendered":"https:\/\/glamuur.ee\/?post_type=product&#038;p=277820"},"modified":"2026-02-05T22:31:55","modified_gmt":"2026-02-05T20:31:55","slug":"ania-haie-kaelakee-34","status":"publish","type":"product","link":"https:\/\/glamuur.ee\/et\/product\/ania-haie-necklace-34\/","title":{"rendered":"Ania Haie Necklace N049-04T"},"content":{"rendered":"<p>Valige sel hooajal k\u00f5rgendatud riistvara, kasutades meie \u0161ikseid, j\u00e4medaid metallkettide kaelakeesid. Selles kahetoonilises kollektsioonis, mis \u00fchendab h\u00f5bedast ja kullatud h\u00f5bedat, on noolekujulisest kullast inspireeritud j\u00e4medad lingid, mis on asetatud h\u00f5bedase lingiketi k\u00fclge. See \u0161ikk kaelakee sobib nii lihtsa kui ka mitmekihilise v\u00e4limuse puhul maksimaalselt mitmek\u00fclgselt ja sobib k\u00f5igega.<br \/>\nKaelakee pikkus = 40cm<br \/>\nPikendusosa pikkus = 5cm<br \/>\nKogupikkus = 45cm<\/p>","protected":false},"excerpt":{"rendered":"<p>Opt for elevated hardware this season with our chic, chunky link chain necklace in mixed metals. Teaming sterling silver with gold-plated sterling silver, this two-tone piece features a chunky gold link inspired by an arrow shape, set on a statement silver link chain. Serving up&#8230;<\/p>","protected":false},"featured_media":277821,"comment_status":"open","ping_status":"closed","template":"","meta":{"jetpack_post_was_ever_published":false},"product_brand":[],"product_cat":[200,965,202,727],"product_tag":[],"giftcard-category":[],"class_list":{"0":"post-277820","1":"product","2":"type-product","3":"status-publish","4":"has-post-thumbnail","6":"product_cat-ania-haie","7":"product_cat-ania-haie-aw25","8":"product_cat-ania-haie-necklace","9":"product_cat-necklaces","10":"pa_material-silver","11":"pa_metal-color-multicolor","12":"pa_product-brand-ania-haie","13":"pa_stone-color-without-stones","14":"pa_type-category-necklaces","16":"first","17":"instock","18":"taxable","19":"shipping-taxable","20":"purchasable","21":"product-type-simple"},"bundled_by":[],"bundle_stock_status":"instock","bundle_stock_quantity":2,"bundle_virtual":false,"bundle_layout":"","bundle_add_to_cart_form_location":"","bundle_editable_in_cart":false,"bundle_sold_individually_context":"","bundle_item_grouping":"","bundle_min_size":"","bundle_max_size":"","bundle_price":[],"bundled_items":[],"bundle_sell_ids":[],"etheme_brands":{"errors":{"invalid_taxonomy":["Lubamatu taksonoomia."]},"error_data":[]},"_links":{"self":[{"href":"https:\/\/glamuur.ee\/et\/wp-json\/wp\/v2\/product\/277820","targetHints":{"allow":["GET"]}}],"collection":[{"href":"https:\/\/glamuur.ee\/et\/wp-json\/wp\/v2\/product"}],"about":[{"href":"https:\/\/glamuur.ee\/et\/wp-json\/wp\/v2\/types\/product"}],"replies":[{"embeddable":true,"href":"https:\/\/glamuur.ee\/et\/wp-json\/wp\/v2\/comments?post=277820"}],"wp:featuredmedia":[{"embeddable":true,"href":"https:\/\/glamuur.ee\/et\/wp-json\/wp\/v2\/media\/277821"}],"wp:attachment":[{"href":"https:\/\/glamuur.ee\/et\/wp-json\/wp\/v2\/media?parent=277820"}],"wp:term":[{"taxonomy":"product_brand","embeddable":true,"href":"https:\/\/glamuur.ee\/et\/wp-json\/wp\/v2\/product_brand?post=277820"},{"taxonomy":"product_cat","embeddable":true,"href":"https:\/\/glamuur.ee\/et\/wp-json\/wp\/v2\/product_cat?post=277820"},{"taxonomy":"product_tag","embeddable":true,"href":"https:\/\/glamuur.ee\/et\/wp-json\/wp\/v2\/product_tag?post=277820"},{"taxonomy":"giftcard-category","embeddable":true,"href":"https:\/\/glamuur.ee\/et\/wp-json\/wp\/v2\/giftcard-category?post=277820"}],"curies":[{"name":"wp","href":"https:\/\/api.w.org\/{rel}","templated":true}]}}