{"id":277816,"date":"2025-05-27T16:51:38","date_gmt":"2025-05-27T13:51:38","guid":{"rendered":"https:\/\/glamuur.ee\/?post_type=product&#038;p=277816"},"modified":"2026-02-05T22:31:55","modified_gmt":"2026-02-05T20:31:55","slug":"ania-haie-kaelakee-33","status":"publish","type":"product","link":"https:\/\/glamuur.ee\/et\/product\/ania-haie-necklace-33\/","title":{"rendered":"Ania Haie Necklace N049-02T"},"content":{"rendered":"<p>Selle lihtsa kahetoonilise keti kaelakee puhul on tegemist k\u00f5rgendatud minimalismiga. See h\u00e4mmastav kaelakee, mis \u00fchendab h\u00f5bedast ja kullatud h\u00f5bedat, on \u00f5rnas ketis, mille vormid on inspireeritud noolepunktidest. See on ideaalne segametallist ese, mis lisab s\u00fcgavust ja m\u00f5\u00f5det oma igap\u00e4evasele v\u00e4limusele. Stiilne kulla v\u00f5i h\u00f5bedaga, mis teeb sellest k\u00f5ige vaevata mitmek\u00fclgsema eseme teie ehtekollektsioonis.<br \/>\nKaelakee pikkus = 43cm<br \/>\nPikendusosa pikkus = 5cm<br \/>\nKogupikkus = 48cm<\/p>","protected":false},"excerpt":{"rendered":"<p>It&#8217;s all about elevated minimalism with this simple two-tone chain necklace. Pairing sterling silver with gold-plated sterling silver, this stuning necklace features shapes inspired by arrow points, on a delicate link chain. It&#8217;s the perfect mixed metal piece to add depth and dimension to your&#8230;<\/p>","protected":false},"featured_media":277817,"comment_status":"open","ping_status":"closed","template":"","meta":{"jetpack_post_was_ever_published":false},"product_brand":[],"product_cat":[200,965,202,727],"product_tag":[],"giftcard-category":[],"class_list":{"0":"post-277816","1":"product","2":"type-product","3":"status-publish","4":"has-post-thumbnail","6":"product_cat-ania-haie","7":"product_cat-ania-haie-aw25","8":"product_cat-ania-haie-necklace","9":"product_cat-necklaces","10":"pa_material-silver","11":"pa_metal-color-multicolor","12":"pa_product-brand-ania-haie","13":"pa_stone-color-without-stones","14":"pa_type-category-necklaces","16":"first","17":"instock","18":"taxable","19":"shipping-taxable","20":"purchasable","21":"product-type-simple"},"bundled_by":[],"bundle_stock_status":"instock","bundle_stock_quantity":2,"bundle_virtual":false,"bundle_layout":"","bundle_add_to_cart_form_location":"","bundle_editable_in_cart":false,"bundle_sold_individually_context":"","bundle_item_grouping":"","bundle_min_size":"","bundle_max_size":"","bundle_price":[],"bundled_items":[],"bundle_sell_ids":[],"etheme_brands":{"errors":{"invalid_taxonomy":["Lubamatu taksonoomia."]},"error_data":[]},"_links":{"self":[{"href":"https:\/\/glamuur.ee\/et\/wp-json\/wp\/v2\/product\/277816","targetHints":{"allow":["GET"]}}],"collection":[{"href":"https:\/\/glamuur.ee\/et\/wp-json\/wp\/v2\/product"}],"about":[{"href":"https:\/\/glamuur.ee\/et\/wp-json\/wp\/v2\/types\/product"}],"replies":[{"embeddable":true,"href":"https:\/\/glamuur.ee\/et\/wp-json\/wp\/v2\/comments?post=277816"}],"wp:featuredmedia":[{"embeddable":true,"href":"https:\/\/glamuur.ee\/et\/wp-json\/wp\/v2\/media\/277817"}],"wp:attachment":[{"href":"https:\/\/glamuur.ee\/et\/wp-json\/wp\/v2\/media?parent=277816"}],"wp:term":[{"taxonomy":"product_brand","embeddable":true,"href":"https:\/\/glamuur.ee\/et\/wp-json\/wp\/v2\/product_brand?post=277816"},{"taxonomy":"product_cat","embeddable":true,"href":"https:\/\/glamuur.ee\/et\/wp-json\/wp\/v2\/product_cat?post=277816"},{"taxonomy":"product_tag","embeddable":true,"href":"https:\/\/glamuur.ee\/et\/wp-json\/wp\/v2\/product_tag?post=277816"},{"taxonomy":"giftcard-category","embeddable":true,"href":"https:\/\/glamuur.ee\/et\/wp-json\/wp\/v2\/giftcard-category?post=277816"}],"curies":[{"name":"wp","href":"https:\/\/api.w.org\/{rel}","templated":true}]}}