{"id":277812,"date":"2025-05-27T16:51:37","date_gmt":"2025-05-27T13:51:37","guid":{"rendered":"https:\/\/glamuur.ee\/?post_type=product&#038;p=277812"},"modified":"2026-02-05T22:26:16","modified_gmt":"2026-02-05T20:26:16","slug":"ania-haie-kaevoru","status":"publish","type":"product","link":"https:\/\/glamuur.ee\/et\/product\/ania-haie-bracelet\/","title":{"rendered":"Ania Haie Bracelet B049-02T"},"content":{"rendered":"<p>Saage m\u00e4nguliseks selle kahetoonilise kopsaka linkkettiga h\u00f5bedast k\u00e4ev\u00f5ruga, millel on \u0161ikk kuldsed lingiaktsendid. Ideaalne tasakaal klassikalise stiili ja trendikate detailide vahel. Reguleeritav, et see sobiks ideaalselt, stiilne kobeda ketiga k\u00e4ev\u00f5ru koos oma lemmikute \u00f5rnade kettide v\u00f5i kellaga.<br \/>\nK\u00e4ev\u00f5ru pikkus = 16.5cm<br \/>\nPikendusosa pikkus = 2cm<br \/>\nKogupikkus =18,5 cm<\/p>","protected":false},"excerpt":{"rendered":"<p>Get playful with this two-tone chunky link chain sterling silver bracelet, complete with chic gold-plated link accents. The perfect balance of classic style and on-trend detailing. Adjustable for the perfect fit, style a chunky chain bracelet with your favourite delicate chains or watch. Bracelet Length&#8230;<\/p>","protected":false},"featured_media":277813,"comment_status":"open","ping_status":"closed","template":"","meta":{"jetpack_post_was_ever_published":false},"product_brand":[],"product_cat":[200,965,203,726],"product_tag":[],"giftcard-category":[],"class_list":{"0":"post-277812","1":"product","2":"type-product","3":"status-publish","4":"has-post-thumbnail","6":"product_cat-ania-haie","7":"product_cat-ania-haie-aw25","8":"product_cat-ania-haie-bracelet","9":"product_cat-bracelets","10":"pa_material-silver","11":"pa_metal-color-multicolor","12":"pa_product-brand-ania-haie","13":"pa_stone-color-without-stones","15":"first","16":"instock","17":"taxable","18":"shipping-taxable","19":"purchasable","20":"product-type-simple"},"bundled_by":[],"bundle_stock_status":"instock","bundle_stock_quantity":2,"bundle_virtual":false,"bundle_layout":"","bundle_add_to_cart_form_location":"","bundle_editable_in_cart":false,"bundle_sold_individually_context":"","bundle_item_grouping":"","bundle_min_size":"","bundle_max_size":"","bundle_price":[],"bundled_items":[],"bundle_sell_ids":[],"etheme_brands":{"errors":{"invalid_taxonomy":["Lubamatu taksonoomia."]},"error_data":[]},"_links":{"self":[{"href":"https:\/\/glamuur.ee\/et\/wp-json\/wp\/v2\/product\/277812","targetHints":{"allow":["GET"]}}],"collection":[{"href":"https:\/\/glamuur.ee\/et\/wp-json\/wp\/v2\/product"}],"about":[{"href":"https:\/\/glamuur.ee\/et\/wp-json\/wp\/v2\/types\/product"}],"replies":[{"embeddable":true,"href":"https:\/\/glamuur.ee\/et\/wp-json\/wp\/v2\/comments?post=277812"}],"wp:featuredmedia":[{"embeddable":true,"href":"https:\/\/glamuur.ee\/et\/wp-json\/wp\/v2\/media\/277813"}],"wp:attachment":[{"href":"https:\/\/glamuur.ee\/et\/wp-json\/wp\/v2\/media?parent=277812"}],"wp:term":[{"taxonomy":"product_brand","embeddable":true,"href":"https:\/\/glamuur.ee\/et\/wp-json\/wp\/v2\/product_brand?post=277812"},{"taxonomy":"product_cat","embeddable":true,"href":"https:\/\/glamuur.ee\/et\/wp-json\/wp\/v2\/product_cat?post=277812"},{"taxonomy":"product_tag","embeddable":true,"href":"https:\/\/glamuur.ee\/et\/wp-json\/wp\/v2\/product_tag?post=277812"},{"taxonomy":"giftcard-category","embeddable":true,"href":"https:\/\/glamuur.ee\/et\/wp-json\/wp\/v2\/giftcard-category?post=277812"}],"curies":[{"name":"wp","href":"https:\/\/api.w.org\/{rel}","templated":true}]}}