{"id":277808,"date":"2025-05-27T16:51:36","date_gmt":"2025-05-27T13:51:36","guid":{"rendered":"https:\/\/glamuur.ee\/?post_type=product&#038;p=277808"},"modified":"2026-04-17T13:40:03","modified_gmt":"2026-04-17T10:40:03","slug":"ania-haie-korvarongad-40","status":"publish","type":"product","link":"https:\/\/glamuur.ee\/et\/product\/ania-haie-earrings-39\/","title":{"rendered":"Ania Haie Earrings E053-07G"},"content":{"rendered":"<p>Me t\u00f5stame oma lemmikk\u00f5rvar\u00f5ngad uuele tasemele, lisades neile t\u00fckikese selle hooaja punk-trendi. Valige need elegantsed, nurgelised, 14 kt kullatud h\u00f5bedast valmistatud huggies, mis on viimistletud tipuga, millel on n\u00f6\u00f6pidega kaunistatud detailid m\u00f5lemal pool tippu. Elegantne punk t\u00e4iuslikkus. Kandke koos lihtsate kallistuste v\u00f5i n\u00f6\u00f6pidega ja kobeda keti kaelakeega.<br \/>\nR\u00f5nga l\u00e4bim\u00f5\u00f5t = 8.5mm<br \/>\nR\u00f5nga laius = 1.8mm<br \/>\nTetraeder = 16.3*3.6mm<\/p>","protected":false},"excerpt":{"rendered":"<p>Taking your huggie hoops to the next level, we&#8217;re elevating our fave sleek hoops with a slice of this season&#8217;s punk trend. Crafted in 14kt gold-plated sterling silver, opt for these sleek angular huggies, finished with a point drop which features stud detailing on either&#8230;<\/p>","protected":false},"featured_media":277809,"comment_status":"open","ping_status":"closed","template":"","meta":{"jetpack_post_was_ever_published":false},"product_brand":[],"product_cat":[200,965,201,725],"product_tag":[],"giftcard-category":[],"class_list":{"0":"post-277808","1":"product","2":"type-product","3":"status-publish","4":"has-post-thumbnail","6":"product_cat-ania-haie","7":"product_cat-ania-haie-aw25","8":"product_cat-ania-haie-earrings","9":"product_cat-earrings","10":"pa_material-silver","11":"pa_metal-color-yellow-gold","12":"pa_product-brand-ania-haie","13":"pa_stone-color-without-stones","14":"pa_type-category-earrings","16":"first","17":"instock","18":"taxable","19":"shipping-taxable","20":"purchasable","21":"product-type-simple"},"bundled_by":[],"bundle_stock_status":"instock","bundle_stock_quantity":1,"bundle_virtual":false,"bundle_layout":"","bundle_add_to_cart_form_location":"","bundle_editable_in_cart":false,"bundle_sold_individually_context":"","bundle_item_grouping":"","bundle_min_size":"","bundle_max_size":"","bundle_price":[],"bundled_items":[],"bundle_sell_ids":[],"etheme_brands":{"errors":{"invalid_taxonomy":["Lubamatu taksonoomia."]},"error_data":[]},"_links":{"self":[{"href":"https:\/\/glamuur.ee\/et\/wp-json\/wp\/v2\/product\/277808","targetHints":{"allow":["GET"]}}],"collection":[{"href":"https:\/\/glamuur.ee\/et\/wp-json\/wp\/v2\/product"}],"about":[{"href":"https:\/\/glamuur.ee\/et\/wp-json\/wp\/v2\/types\/product"}],"replies":[{"embeddable":true,"href":"https:\/\/glamuur.ee\/et\/wp-json\/wp\/v2\/comments?post=277808"}],"wp:featuredmedia":[{"embeddable":true,"href":"https:\/\/glamuur.ee\/et\/wp-json\/wp\/v2\/media\/277809"}],"wp:attachment":[{"href":"https:\/\/glamuur.ee\/et\/wp-json\/wp\/v2\/media?parent=277808"}],"wp:term":[{"taxonomy":"product_brand","embeddable":true,"href":"https:\/\/glamuur.ee\/et\/wp-json\/wp\/v2\/product_brand?post=277808"},{"taxonomy":"product_cat","embeddable":true,"href":"https:\/\/glamuur.ee\/et\/wp-json\/wp\/v2\/product_cat?post=277808"},{"taxonomy":"product_tag","embeddable":true,"href":"https:\/\/glamuur.ee\/et\/wp-json\/wp\/v2\/product_tag?post=277808"},{"taxonomy":"giftcard-category","embeddable":true,"href":"https:\/\/glamuur.ee\/et\/wp-json\/wp\/v2\/giftcard-category?post=277808"}],"curies":[{"name":"wp","href":"https:\/\/api.w.org\/{rel}","templated":true}]}}