{"id":277794,"date":"2025-05-27T16:51:31","date_gmt":"2025-05-27T13:51:31","guid":{"rendered":"https:\/\/glamuur.ee\/?post_type=product&#038;p=277794"},"modified":"2026-02-05T22:32:25","modified_gmt":"2026-02-05T20:32:25","slug":"ania-haie-kaelakee-32","status":"publish","type":"product","link":"https:\/\/glamuur.ee\/et\/product\/ania-haie-necklace-32\/","title":{"rendered":"Ania Haie Necklace N068-04G-TE"},"content":{"rendered":"<p>See tiigrisilmade kiviga kaelakee on hooaja uus neutraalne toon. See aegumatu investeeringuobjekt on tasakaalus emotsiooni ja elegantsi vahel, lisades teie garderoobile elegantsi ja rafineeritust. \u00dcksinda v\u00f5i mitmekihiliselt kandes toob see teie igap\u00e4evastesse stiilidesse vaevata \u0161iki ja hubasust.<br \/>\nKaelakee pikkus = 43m<br \/>\nPikendusosa pikkus = 5cm<br \/>\nKogupikkus = 48cm<br \/>\nRipatsi suurus = 8mm<br \/>\nTiigrisilm Suurus = 6mm, kogus = 1<br \/>\nKuubilise tsirkooniumi suurus = 0.9mm, kogus = 3<\/p>","protected":false},"excerpt":{"rendered":"<p>Lean into brown tones as the season&#8217;s new neutrals with this tiger&#8217;s eye stone necklace. Crafted as a timeless investment piece, this piece strikes a balance between emotion and elegance, adding a touch of sophistication to your wardrobe. Whether worn alone or layered, it brings&#8230;<\/p>","protected":false},"featured_media":277795,"comment_status":"open","ping_status":"closed","template":"","meta":{"jetpack_post_was_ever_published":false},"product_brand":[],"product_cat":[200,965,202,727],"product_tag":[],"giftcard-category":[],"class_list":{"0":"post-277794","1":"product","2":"type-product","3":"status-publish","4":"has-post-thumbnail","6":"product_cat-ania-haie","7":"product_cat-ania-haie-aw25","8":"product_cat-ania-haie-necklace","9":"product_cat-necklaces","10":"pa_material-silver","11":"pa_metal-color-yellow-gold","12":"pa_product-brand-ania-haie","13":"pa_stone-color-brown","14":"pa_type-category-necklaces","16":"first","17":"instock","18":"taxable","19":"shipping-taxable","20":"purchasable","21":"product-type-simple"},"bundled_by":[],"bundle_stock_status":"instock","bundle_stock_quantity":3,"bundle_virtual":false,"bundle_layout":"","bundle_add_to_cart_form_location":"","bundle_editable_in_cart":false,"bundle_sold_individually_context":"","bundle_item_grouping":"","bundle_min_size":"","bundle_max_size":"","bundle_price":[],"bundled_items":[],"bundle_sell_ids":[],"etheme_brands":{"errors":{"invalid_taxonomy":["Lubamatu taksonoomia."]},"error_data":[]},"_links":{"self":[{"href":"https:\/\/glamuur.ee\/et\/wp-json\/wp\/v2\/product\/277794","targetHints":{"allow":["GET"]}}],"collection":[{"href":"https:\/\/glamuur.ee\/et\/wp-json\/wp\/v2\/product"}],"about":[{"href":"https:\/\/glamuur.ee\/et\/wp-json\/wp\/v2\/types\/product"}],"replies":[{"embeddable":true,"href":"https:\/\/glamuur.ee\/et\/wp-json\/wp\/v2\/comments?post=277794"}],"wp:featuredmedia":[{"embeddable":true,"href":"https:\/\/glamuur.ee\/et\/wp-json\/wp\/v2\/media\/277795"}],"wp:attachment":[{"href":"https:\/\/glamuur.ee\/et\/wp-json\/wp\/v2\/media?parent=277794"}],"wp:term":[{"taxonomy":"product_brand","embeddable":true,"href":"https:\/\/glamuur.ee\/et\/wp-json\/wp\/v2\/product_brand?post=277794"},{"taxonomy":"product_cat","embeddable":true,"href":"https:\/\/glamuur.ee\/et\/wp-json\/wp\/v2\/product_cat?post=277794"},{"taxonomy":"product_tag","embeddable":true,"href":"https:\/\/glamuur.ee\/et\/wp-json\/wp\/v2\/product_tag?post=277794"},{"taxonomy":"giftcard-category","embeddable":true,"href":"https:\/\/glamuur.ee\/et\/wp-json\/wp\/v2\/giftcard-category?post=277794"}],"curies":[{"name":"wp","href":"https:\/\/api.w.org\/{rel}","templated":true}]}}