{"id":277787,"date":"2025-05-27T16:51:24","date_gmt":"2025-05-27T13:51:24","guid":{"rendered":"https:\/\/glamuur.ee\/?post_type=product&#038;p=277787"},"modified":"2026-02-05T22:29:54","modified_gmt":"2026-02-05T20:29:54","slug":"ania-haie-korvarongad-37","status":"publish","type":"product","link":"https:\/\/glamuur.ee\/et\/product\/ania-haie-earrings-37\/","title":{"rendered":"Ania Haie Earrings E068-01G-TE"},"content":{"rendered":"<p>Nendega rafineeritud kallistuste puhul on pruunid toonid hooaja uued neutraalsed toonid. Tiigrisilmakiviga kaunistatud kingitused annavad soojust ja stabiilsust, mist\u00f5ttu on need ideaalsed neile, kes hindavad tagasihoidlikku elegantsi. \u00dcksinda v\u00f5i koos teiste k\u00f5rvar\u00f5ngastega kandes lisavad need igale riietusele loomuliku rafineerituse.<br \/>\nK\u00f5rvar\u00f5nga pikkus = 16mm<br \/>\nK\u00f5rvar\u00f5nga laius = 4mm<br \/>\nTiigrisilm Suurus = 13.6*3mm<\/p>","protected":false},"excerpt":{"rendered":"<p>Lean into brown tones as the season&#8217;s new neutrals with these refined huggies. Featuring a tiger&#8217;s eye stone, they bring a sense of warmth and stability, making this piece ideal for those who value understated elegance. Whether worn alone or paired with other earrings, they&#8230;<\/p>","protected":false},"featured_media":277788,"comment_status":"open","ping_status":"closed","template":"","meta":{"jetpack_post_was_ever_published":false},"product_brand":[],"product_cat":[200,965,201,725],"product_tag":[],"giftcard-category":[],"class_list":{"0":"post-277787","1":"product","2":"type-product","3":"status-publish","4":"has-post-thumbnail","6":"product_cat-ania-haie","7":"product_cat-ania-haie-aw25","8":"product_cat-ania-haie-earrings","9":"product_cat-earrings","10":"pa_material-silver","11":"pa_metal-color-yellow-gold","12":"pa_product-brand-ania-haie","13":"pa_stone-color-brown","14":"pa_type-category-earrings","16":"first","17":"instock","18":"taxable","19":"shipping-taxable","20":"purchasable","21":"product-type-simple"},"bundled_by":[],"bundle_stock_status":"instock","bundle_stock_quantity":3,"bundle_virtual":false,"bundle_layout":"","bundle_add_to_cart_form_location":"","bundle_editable_in_cart":false,"bundle_sold_individually_context":"","bundle_item_grouping":"","bundle_min_size":"","bundle_max_size":"","bundle_price":[],"bundled_items":[],"bundle_sell_ids":[],"etheme_brands":{"errors":{"invalid_taxonomy":["Lubamatu taksonoomia."]},"error_data":[]},"_links":{"self":[{"href":"https:\/\/glamuur.ee\/et\/wp-json\/wp\/v2\/product\/277787","targetHints":{"allow":["GET"]}}],"collection":[{"href":"https:\/\/glamuur.ee\/et\/wp-json\/wp\/v2\/product"}],"about":[{"href":"https:\/\/glamuur.ee\/et\/wp-json\/wp\/v2\/types\/product"}],"replies":[{"embeddable":true,"href":"https:\/\/glamuur.ee\/et\/wp-json\/wp\/v2\/comments?post=277787"}],"wp:featuredmedia":[{"embeddable":true,"href":"https:\/\/glamuur.ee\/et\/wp-json\/wp\/v2\/media\/277788"}],"wp:attachment":[{"href":"https:\/\/glamuur.ee\/et\/wp-json\/wp\/v2\/media?parent=277787"}],"wp:term":[{"taxonomy":"product_brand","embeddable":true,"href":"https:\/\/glamuur.ee\/et\/wp-json\/wp\/v2\/product_brand?post=277787"},{"taxonomy":"product_cat","embeddable":true,"href":"https:\/\/glamuur.ee\/et\/wp-json\/wp\/v2\/product_cat?post=277787"},{"taxonomy":"product_tag","embeddable":true,"href":"https:\/\/glamuur.ee\/et\/wp-json\/wp\/v2\/product_tag?post=277787"},{"taxonomy":"giftcard-category","embeddable":true,"href":"https:\/\/glamuur.ee\/et\/wp-json\/wp\/v2\/giftcard-category?post=277787"}],"curies":[{"name":"wp","href":"https:\/\/api.w.org\/{rel}","templated":true}]}}