{"id":277781,"date":"2025-05-27T16:51:21","date_gmt":"2025-05-27T13:51:21","guid":{"rendered":"https:\/\/glamuur.ee\/?post_type=product&#038;p=277781"},"modified":"2026-02-05T22:32:27","modified_gmt":"2026-02-05T20:32:27","slug":"ania-haie-kaelakee-30","status":"publish","type":"product","link":"https:\/\/glamuur.ee\/et\/product\/ania-haie-necklace-30\/","title":{"rendered":"Ania Haie Necklace N069-06T"},"content":{"rendered":"<p>Avastage uus rafineerituse tase selle punutud p\u00e4rlmutterkaelakee abil. Trendikas dekonstrueeritud disain toob v\u00e4rske ja uuendusliku l\u00e4henemise p\u00e4rliehete juurde. Peened tekstuurid ja materjalid loovad tagasihoidliku luksuse tunde, mis sobib ideaalselt n\u00f5udliku maitsega inimestele. Kombineerige seda teiste kettidega, et luua klassikaline, kuid moodne v\u00e4limus, mis annab elegantse efekti.<br \/>\nKaelakee pikkus = 40.5cm<br \/>\nPikendusosa pikkus = 5cm<br \/>\nKogupikkus = 45.5cm<br \/>\nShell Pearl suurus = 5mm, kogus = 2<br \/>\nShell Pearl suurus = 6mm, kogus = 6<br \/>\nValge kuupmeetri tsirkooniumi suurus = 1mm, kogus = 88<br \/>\nMust kuupmeetri tsirkooniumi suurus = 1mm, kogus = 66<br \/>\nKuubilise tsirkooniumi suurus = 2.1mm, kogus = 4<\/p>","protected":false},"excerpt":{"rendered":"<p>Discover a new level of sophistication with this braided pearl necklace. The trending deconstructed design brings a fresh, innovative approach to pearl jewellery. Subtle textures and materials create a sense of understated luxury, perfect for those with discerning taste. Stack it with other chains to&#8230;<\/p>","protected":false},"featured_media":277782,"comment_status":"open","ping_status":"closed","template":"","meta":{"jetpack_post_was_ever_published":false},"product_brand":[],"product_cat":[200,965,202,727,945],"product_tag":[],"giftcard-category":[],"class_list":{"0":"post-277781","1":"product","2":"type-product","3":"status-publish","4":"has-post-thumbnail","6":"product_cat-ania-haie","7":"product_cat-ania-haie-aw25","8":"product_cat-ania-haie-necklace","9":"product_cat-necklaces","10":"product_cat-pearls","11":"pa_material-silver","12":"pa_metal-color-multicolor","13":"pa_product-brand-ania-haie","14":"pa_stone-color-pearl","15":"pa_type-category-necklaces","17":"first","18":"instock","19":"taxable","20":"shipping-taxable","21":"purchasable","22":"product-type-simple"},"bundled_by":[],"bundle_stock_status":"instock","bundle_stock_quantity":3,"bundle_virtual":false,"bundle_layout":"","bundle_add_to_cart_form_location":"","bundle_editable_in_cart":false,"bundle_sold_individually_context":"","bundle_item_grouping":"","bundle_min_size":"","bundle_max_size":"","bundle_price":[],"bundled_items":[],"bundle_sell_ids":[],"etheme_brands":{"errors":{"invalid_taxonomy":["Lubamatu taksonoomia."]},"error_data":[]},"_links":{"self":[{"href":"https:\/\/glamuur.ee\/et\/wp-json\/wp\/v2\/product\/277781","targetHints":{"allow":["GET"]}}],"collection":[{"href":"https:\/\/glamuur.ee\/et\/wp-json\/wp\/v2\/product"}],"about":[{"href":"https:\/\/glamuur.ee\/et\/wp-json\/wp\/v2\/types\/product"}],"replies":[{"embeddable":true,"href":"https:\/\/glamuur.ee\/et\/wp-json\/wp\/v2\/comments?post=277781"}],"wp:featuredmedia":[{"embeddable":true,"href":"https:\/\/glamuur.ee\/et\/wp-json\/wp\/v2\/media\/277782"}],"wp:attachment":[{"href":"https:\/\/glamuur.ee\/et\/wp-json\/wp\/v2\/media?parent=277781"}],"wp:term":[{"taxonomy":"product_brand","embeddable":true,"href":"https:\/\/glamuur.ee\/et\/wp-json\/wp\/v2\/product_brand?post=277781"},{"taxonomy":"product_cat","embeddable":true,"href":"https:\/\/glamuur.ee\/et\/wp-json\/wp\/v2\/product_cat?post=277781"},{"taxonomy":"product_tag","embeddable":true,"href":"https:\/\/glamuur.ee\/et\/wp-json\/wp\/v2\/product_tag?post=277781"},{"taxonomy":"giftcard-category","embeddable":true,"href":"https:\/\/glamuur.ee\/et\/wp-json\/wp\/v2\/giftcard-category?post=277781"}],"curies":[{"name":"wp","href":"https:\/\/api.w.org\/{rel}","templated":true}]}}