{"id":277777,"date":"2025-05-27T16:51:19","date_gmt":"2025-05-27T13:51:19","guid":{"rendered":"https:\/\/glamuur.ee\/?post_type=product&#038;p=277777"},"modified":"2026-02-05T22:29:58","modified_gmt":"2026-02-05T20:29:58","slug":"ania-haie-korvarongad-35","status":"publish","type":"product","link":"https:\/\/glamuur.ee\/et\/product\/ania-haie-earrings-35\/","title":{"rendered":"Ania Haie Earrings E069-07T"},"content":{"rendered":"<p>Avastage uus rafineerituse tase nende punutud p\u00e4rlitega kallistuste abil. Trendikas dekonstrueeritud disain toob v\u00e4rske ja uuendusliku l\u00e4henemise p\u00e4rliehete juurde. Peened tekstuurid ja materjalid loovad tagasihoidliku luksuse tunde, mis sobib ideaalselt n\u00f5udliku maitsega inimestele. \u00dchendage need teiste n\u00f6\u00f6pide ja huggies'idega, et luua klassikaline, kuid samas moodne v\u00e4limus, mis annab elegantse efekti.<br \/>\nR\u00f5nga l\u00e4bim\u00f5\u00f5t = 8.5mm<br \/>\nR\u00f5nga laius = 4.4mm<br \/>\nShell Pearl suurus = 7mm, kogus = 10<br \/>\nValge kuupmeetri tsirkooniumi suurus = 1mm, kogus = 12<br \/>\nMust kuupmeetri tsirkooniumi suurus = 1mm, kogus = 24<\/p>","protected":false},"excerpt":{"rendered":"<p>Discover a new level of sophistication with these braided pearl huggies. The trending deconstructed design brings a fresh, innovative approach to pearl jewellery. Subtle textures and materials create a sense of understated luxury, perfect for those with discerning taste. Pair them with other studs and&#8230;<\/p>","protected":false},"featured_media":277778,"comment_status":"open","ping_status":"closed","template":"","meta":{"jetpack_post_was_ever_published":false},"product_brand":[],"product_cat":[200,965,201,725,945],"product_tag":[],"giftcard-category":[],"class_list":{"0":"post-277777","1":"product","2":"type-product","3":"status-publish","4":"has-post-thumbnail","6":"product_cat-ania-haie","7":"product_cat-ania-haie-aw25","8":"product_cat-ania-haie-earrings","9":"product_cat-earrings","10":"product_cat-pearls","11":"pa_material-silver","12":"pa_metal-color-multicolor","13":"pa_product-brand-ania-haie","14":"pa_stone-color-pearl","15":"pa_type-category-earrings","17":"first","18":"instock","19":"taxable","20":"shipping-taxable","21":"purchasable","22":"product-type-simple"},"bundled_by":[],"bundle_stock_status":"instock","bundle_stock_quantity":8,"bundle_virtual":false,"bundle_layout":"","bundle_add_to_cart_form_location":"","bundle_editable_in_cart":false,"bundle_sold_individually_context":"","bundle_item_grouping":"","bundle_min_size":"","bundle_max_size":"","bundle_price":[],"bundled_items":[],"bundle_sell_ids":[],"etheme_brands":{"errors":{"invalid_taxonomy":["Lubamatu taksonoomia."]},"error_data":[]},"_links":{"self":[{"href":"https:\/\/glamuur.ee\/et\/wp-json\/wp\/v2\/product\/277777","targetHints":{"allow":["GET"]}}],"collection":[{"href":"https:\/\/glamuur.ee\/et\/wp-json\/wp\/v2\/product"}],"about":[{"href":"https:\/\/glamuur.ee\/et\/wp-json\/wp\/v2\/types\/product"}],"replies":[{"embeddable":true,"href":"https:\/\/glamuur.ee\/et\/wp-json\/wp\/v2\/comments?post=277777"}],"wp:featuredmedia":[{"embeddable":true,"href":"https:\/\/glamuur.ee\/et\/wp-json\/wp\/v2\/media\/277778"}],"wp:attachment":[{"href":"https:\/\/glamuur.ee\/et\/wp-json\/wp\/v2\/media?parent=277777"}],"wp:term":[{"taxonomy":"product_brand","embeddable":true,"href":"https:\/\/glamuur.ee\/et\/wp-json\/wp\/v2\/product_brand?post=277777"},{"taxonomy":"product_cat","embeddable":true,"href":"https:\/\/glamuur.ee\/et\/wp-json\/wp\/v2\/product_cat?post=277777"},{"taxonomy":"product_tag","embeddable":true,"href":"https:\/\/glamuur.ee\/et\/wp-json\/wp\/v2\/product_tag?post=277777"},{"taxonomy":"giftcard-category","embeddable":true,"href":"https:\/\/glamuur.ee\/et\/wp-json\/wp\/v2\/giftcard-category?post=277777"}],"curies":[{"name":"wp","href":"https:\/\/api.w.org\/{rel}","templated":true}]}}