{"id":277759,"date":"2025-05-27T16:51:10","date_gmt":"2025-05-27T13:51:10","guid":{"rendered":"https:\/\/glamuur.ee\/?post_type=product&#038;p=277759"},"modified":"2026-04-11T15:05:02","modified_gmt":"2026-04-11T12:05:02","slug":"ania-haie-korvarongad-33","status":"publish","type":"product","link":"https:\/\/glamuur.ee\/et\/product\/ania-haie-earrings-33\/","title":{"rendered":"Ania Haie Earrings E069-09G"},"content":{"rendered":"<p>V\u00f5tke omaks selle hooaja kuumim trend, kus elegantsus kohtub kaasaegse servaga, ja paistke silma selle silmatorkava tilgakallistusega. Karbip\u00e4rlite ja s\u00e4ravate topelt aasade kombinatsioon lisab moodsat v\u00e4\u00e4net, p\u00f6\u00f6rates pead nii voolava kleidi kui ka r\u00e4tsepa\u00fclikonnaga kombineerituna. Mitmek\u00fclgse ja pilkup\u00fc\u00fcdva v\u00e4limuse saavutamiseks kombineeri teiste k\u00f5rvar\u00f5ngastega.<br \/>\nR\u00f5nga l\u00e4bim\u00f5\u00f5t = 7.5mm<br \/>\nR\u00f5nga l\u00e4bim\u00f5\u00f5t = 9.3mm<br \/>\nR\u00f5nga laius = 3.5mm<br \/>\nR\u00f5nga laius = 3.7mm<br \/>\nShell Pearl suurus = 8*12mm, kogus = 2<br \/>\nKuubilise tsirkooniumi suurus = 0.8mm, kogus = 10<br \/>\nKuubilise tsirkooniumi suurus = 0.9mm, kogus = 4<br \/>\nKuubilise tsirkooniumi suurus = 1mm, kogus = 8<br \/>\nKuubilise tsirkooniumi suurus = 1.1mm, kogus = 6<br \/>\nKuubilise tsirkooniumi suurus = 1.2mm, kogus = 6<br \/>\nKuubilise tsirkooniumi suurus = 1.3mm, kogus = 8<br \/>\nKuubilise tsirkooniumi suurus = 1.4mm, kogus = 6<\/p>","protected":false},"excerpt":{"rendered":"<p>Embrace this season&#8217;s hottest trend where elegance meets contemporary edge and stand out with this striking drop huggies. The combination of shell pearls and sparkling double loops adds a modern twist, turning heads whether paired with a flowy dress or a tailored suit. Mix and&#8230;<\/p>","protected":false},"featured_media":277760,"comment_status":"open","ping_status":"closed","template":"","meta":{"jetpack_post_was_ever_published":false},"product_brand":[],"product_cat":[200,965,201,725,945],"product_tag":[],"giftcard-category":[],"class_list":{"0":"post-277759","1":"product","2":"type-product","3":"status-publish","4":"has-post-thumbnail","6":"product_cat-ania-haie","7":"product_cat-ania-haie-aw25","8":"product_cat-ania-haie-earrings","9":"product_cat-earrings","10":"product_cat-pearls","11":"pa_material-silver","12":"pa_metal-color-yellow-gold","13":"pa_product-brand-ania-haie","14":"pa_stone-color-pearl","15":"pa_type-category-earrings","17":"first","18":"instock","19":"taxable","20":"shipping-taxable","21":"purchasable","22":"product-type-simple"},"bundled_by":[],"bundle_stock_status":"instock","bundle_stock_quantity":6,"bundle_virtual":false,"bundle_layout":"","bundle_add_to_cart_form_location":"","bundle_editable_in_cart":false,"bundle_sold_individually_context":"","bundle_item_grouping":"","bundle_min_size":"","bundle_max_size":"","bundle_price":[],"bundled_items":[],"bundle_sell_ids":[],"etheme_brands":{"errors":{"invalid_taxonomy":["Lubamatu taksonoomia."]},"error_data":[]},"_links":{"self":[{"href":"https:\/\/glamuur.ee\/et\/wp-json\/wp\/v2\/product\/277759","targetHints":{"allow":["GET"]}}],"collection":[{"href":"https:\/\/glamuur.ee\/et\/wp-json\/wp\/v2\/product"}],"about":[{"href":"https:\/\/glamuur.ee\/et\/wp-json\/wp\/v2\/types\/product"}],"replies":[{"embeddable":true,"href":"https:\/\/glamuur.ee\/et\/wp-json\/wp\/v2\/comments?post=277759"}],"wp:featuredmedia":[{"embeddable":true,"href":"https:\/\/glamuur.ee\/et\/wp-json\/wp\/v2\/media\/277760"}],"wp:attachment":[{"href":"https:\/\/glamuur.ee\/et\/wp-json\/wp\/v2\/media?parent=277759"}],"wp:term":[{"taxonomy":"product_brand","embeddable":true,"href":"https:\/\/glamuur.ee\/et\/wp-json\/wp\/v2\/product_brand?post=277759"},{"taxonomy":"product_cat","embeddable":true,"href":"https:\/\/glamuur.ee\/et\/wp-json\/wp\/v2\/product_cat?post=277759"},{"taxonomy":"product_tag","embeddable":true,"href":"https:\/\/glamuur.ee\/et\/wp-json\/wp\/v2\/product_tag?post=277759"},{"taxonomy":"giftcard-category","embeddable":true,"href":"https:\/\/glamuur.ee\/et\/wp-json\/wp\/v2\/giftcard-category?post=277759"}],"curies":[{"name":"wp","href":"https:\/\/api.w.org\/{rel}","templated":true}]}}