{"id":277745,"date":"2025-05-27T16:51:00","date_gmt":"2025-05-27T13:51:00","guid":{"rendered":"https:\/\/glamuur.ee\/?post_type=product&#038;p=277745"},"modified":"2026-02-05T22:32:26","modified_gmt":"2026-02-05T20:32:26","slug":"ania-haie-kaelakee-25","status":"publish","type":"product","link":"https:\/\/glamuur.ee\/et\/product\/ania-haie-necklace-25\/","title":{"rendered":"Ania Haie Necklace N069-03H"},"content":{"rendered":"<p>V\u00f5tke omaks uusim m\u00e4nguline minimalismi trend. Kujutage p\u00e4rleid uues valguses selle silmatorkava kaelakee abil, mis \u00fchendab l\u00e4ikivad p\u00e4rlid ja elegantse homaarikinnituse. \u00dchendage see oma lemmik vabaaja riietega, et saada lahe ja kaasaegne twist ajatu disainiga.<br \/>\nKogupikkus = 42cm<br \/>\nShell Pearl suurus =7mm, kogus = 57<br \/>\nKuubilise tsirkooniumi suurus = 1.1mm, kogus = 24<\/p>","protected":false},"excerpt":{"rendered":"<p>Embrace the latest trend of playful minimalism. Imagine pearls in a new light with this striking necklace, combining lustrous pearls and a sleek lobster clasp. Pair it with your favorite casual wear for a cool, modern twist on timeless design. Total Length = 42cm Shell&#8230;<\/p>","protected":false},"featured_media":277746,"comment_status":"open","ping_status":"closed","template":"","meta":{"jetpack_post_was_ever_published":false},"product_brand":[],"product_cat":[200,965,202,727,945],"product_tag":[],"giftcard-category":[],"class_list":{"0":"post-277745","1":"product","2":"type-product","3":"status-publish","4":"has-post-thumbnail","6":"product_cat-ania-haie","7":"product_cat-ania-haie-aw25","8":"product_cat-ania-haie-necklace","9":"product_cat-necklaces","10":"product_cat-pearls","11":"pa_material-silver","12":"pa_metal-color-silver","13":"pa_product-brand-ania-haie","14":"pa_stone-color-pearl","15":"pa_type-category-necklaces","17":"first","18":"instock","19":"taxable","20":"shipping-taxable","21":"purchasable","22":"product-type-simple"},"bundled_by":[],"bundle_stock_status":"instock","bundle_stock_quantity":4,"bundle_virtual":false,"bundle_layout":"","bundle_add_to_cart_form_location":"","bundle_editable_in_cart":false,"bundle_sold_individually_context":"","bundle_item_grouping":"","bundle_min_size":"","bundle_max_size":"","bundle_price":[],"bundled_items":[],"bundle_sell_ids":[],"etheme_brands":{"errors":{"invalid_taxonomy":["Lubamatu taksonoomia."]},"error_data":[]},"_links":{"self":[{"href":"https:\/\/glamuur.ee\/et\/wp-json\/wp\/v2\/product\/277745","targetHints":{"allow":["GET"]}}],"collection":[{"href":"https:\/\/glamuur.ee\/et\/wp-json\/wp\/v2\/product"}],"about":[{"href":"https:\/\/glamuur.ee\/et\/wp-json\/wp\/v2\/types\/product"}],"replies":[{"embeddable":true,"href":"https:\/\/glamuur.ee\/et\/wp-json\/wp\/v2\/comments?post=277745"}],"wp:featuredmedia":[{"embeddable":true,"href":"https:\/\/glamuur.ee\/et\/wp-json\/wp\/v2\/media\/277746"}],"wp:attachment":[{"href":"https:\/\/glamuur.ee\/et\/wp-json\/wp\/v2\/media?parent=277745"}],"wp:term":[{"taxonomy":"product_brand","embeddable":true,"href":"https:\/\/glamuur.ee\/et\/wp-json\/wp\/v2\/product_brand?post=277745"},{"taxonomy":"product_cat","embeddable":true,"href":"https:\/\/glamuur.ee\/et\/wp-json\/wp\/v2\/product_cat?post=277745"},{"taxonomy":"product_tag","embeddable":true,"href":"https:\/\/glamuur.ee\/et\/wp-json\/wp\/v2\/product_tag?post=277745"},{"taxonomy":"giftcard-category","embeddable":true,"href":"https:\/\/glamuur.ee\/et\/wp-json\/wp\/v2\/giftcard-category?post=277745"}],"curies":[{"name":"wp","href":"https:\/\/api.w.org\/{rel}","templated":true}]}}