{"id":277733,"date":"2025-05-27T16:50:55","date_gmt":"2025-05-27T13:50:55","guid":{"rendered":"https:\/\/glamuur.ee\/?post_type=product&#038;p=277733"},"modified":"2026-04-13T21:05:31","modified_gmt":"2026-04-13T18:05:31","slug":"ania-haie-korvarongad-29","status":"publish","type":"product","link":"https:\/\/glamuur.ee\/et\/product\/ania-haie-earrings-29\/","title":{"rendered":"Ania Haie Earrings E069-01G"},"content":{"rendered":"<p>V\u00f5tke omaks selle hooaja kuumim trend, kus elegantsus kohtub kaasaegse servaga, ja paistke silma selle silmatorkava n\u00f6\u00f6pn\u00f5elaga. P\u00e4rlite ja k\u00fc\u00fcnepaelte kombinatsioon lisab moodsat v\u00e4\u00e4net, p\u00f6\u00f6rates pead nii voolava kleidi kui ka r\u00e4tsepakost\u00fc\u00fcmiga kombineerituna. Mitmek\u00fclgse ja pilkup\u00fc\u00fcdva v\u00e4limuse saavutamiseks kombineerige neid teiste k\u00f5rvar\u00f5ngastega.<br \/>\nHelme suurus = 7.5~8mm<\/p>","protected":false},"excerpt":{"rendered":"<p>Embrace this season&#8217;s hottest trend where elegance meets contemporary edge and stand out with this striking studs. The combination of pearls and a claw setting adds a modern twist, turning heads whether paired with a flowy dress or a tailored suit. Mix and match with&#8230;<\/p>","protected":false},"featured_media":277734,"comment_status":"open","ping_status":"closed","template":"","meta":{"jetpack_post_was_ever_published":false},"product_brand":[],"product_cat":[200,965,201,725,943,945],"product_tag":[],"giftcard-category":[],"class_list":{"0":"post-277733","1":"product","2":"type-product","3":"status-publish","4":"has-post-thumbnail","6":"product_cat-ania-haie","7":"product_cat-ania-haie-aw25","8":"product_cat-ania-haie-earrings","9":"product_cat-earrings","10":"product_cat-outlet-2","11":"product_cat-pearls","12":"pa_material-silver","13":"pa_metal-color-yellow-gold","14":"pa_product-brand-ania-haie","15":"pa_stone-color-pearl","16":"pa_type-category-earrings","18":"first","19":"instock","20":"taxable","21":"shipping-taxable","22":"purchasable","23":"product-type-simple"},"bundled_by":[],"bundle_stock_status":"instock","bundle_stock_quantity":5,"bundle_virtual":false,"bundle_layout":"","bundle_add_to_cart_form_location":"","bundle_editable_in_cart":false,"bundle_sold_individually_context":"","bundle_item_grouping":"","bundle_min_size":"","bundle_max_size":"","bundle_price":[],"bundled_items":[],"bundle_sell_ids":[],"etheme_brands":{"errors":{"invalid_taxonomy":["Lubamatu taksonoomia."]},"error_data":[]},"_links":{"self":[{"href":"https:\/\/glamuur.ee\/et\/wp-json\/wp\/v2\/product\/277733","targetHints":{"allow":["GET"]}}],"collection":[{"href":"https:\/\/glamuur.ee\/et\/wp-json\/wp\/v2\/product"}],"about":[{"href":"https:\/\/glamuur.ee\/et\/wp-json\/wp\/v2\/types\/product"}],"replies":[{"embeddable":true,"href":"https:\/\/glamuur.ee\/et\/wp-json\/wp\/v2\/comments?post=277733"}],"wp:featuredmedia":[{"embeddable":true,"href":"https:\/\/glamuur.ee\/et\/wp-json\/wp\/v2\/media\/277734"}],"wp:attachment":[{"href":"https:\/\/glamuur.ee\/et\/wp-json\/wp\/v2\/media?parent=277733"}],"wp:term":[{"taxonomy":"product_brand","embeddable":true,"href":"https:\/\/glamuur.ee\/et\/wp-json\/wp\/v2\/product_brand?post=277733"},{"taxonomy":"product_cat","embeddable":true,"href":"https:\/\/glamuur.ee\/et\/wp-json\/wp\/v2\/product_cat?post=277733"},{"taxonomy":"product_tag","embeddable":true,"href":"https:\/\/glamuur.ee\/et\/wp-json\/wp\/v2\/product_tag?post=277733"},{"taxonomy":"giftcard-category","embeddable":true,"href":"https:\/\/glamuur.ee\/et\/wp-json\/wp\/v2\/giftcard-category?post=277733"}],"curies":[{"name":"wp","href":"https:\/\/api.w.org\/{rel}","templated":true}]}}