{"id":277717,"date":"2025-05-27T16:50:45","date_gmt":"2025-05-27T13:50:45","guid":{"rendered":"https:\/\/glamuur.ee\/?post_type=product&#038;p=277717"},"modified":"2026-02-05T22:32:24","modified_gmt":"2026-02-05T20:32:24","slug":"ania-haie-kaelakee-22","status":"publish","type":"product","link":"https:\/\/glamuur.ee\/et\/product\/ania-haie-necklace-22\/","title":{"rendered":"Ania Haie Necklace N068-04G-MP"},"content":{"rendered":"<p>See aegumatu investeeringuobjektina valmistatud kaelakee on valmistatud p\u00e4rlmutterist ripatsiga, mis lisab teie garderoobile rafineeritust. \u00dcksinda v\u00f5i mitmekihiliselt kandes annab see teie igap\u00e4evaelu stiilile vaevata \u0161iki ja hubasust.<br \/>\nKaelakee pikkus = 43m<br \/>\nPikendusosa pikkus = 5cm<br \/>\nKogupikkus = 48cm<br \/>\nRipatsi suurus = 8mm<br \/>\nHelme ema suurus = 6mm, kogus = 1<br \/>\nKuubilise tsirkooniumi suurus = 0.9mm, kogus = 3<\/p>","protected":false},"excerpt":{"rendered":"<p>Crafted as a timeless investment piece, this necklace features a mother-of-pearl bezel pendant, adding a touch of sophistication to your wardrobe. Whether worn alone or layered, it brings a sense of effortless chic and coziness to your everyday style. Necklace Length = 43m Extender Length&#8230;<\/p>","protected":false},"featured_media":277718,"comment_status":"open","ping_status":"closed","template":"","meta":{"jetpack_post_was_ever_published":false},"product_brand":[],"product_cat":[200,965,202,727,945],"product_tag":[],"giftcard-category":[],"class_list":{"0":"post-277717","1":"product","2":"type-product","3":"status-publish","4":"has-post-thumbnail","6":"product_cat-ania-haie","7":"product_cat-ania-haie-aw25","8":"product_cat-ania-haie-necklace","9":"product_cat-necklaces","10":"product_cat-pearls","11":"pa_material-silver","12":"pa_metal-color-yellow-gold","13":"pa_product-brand-ania-haie","14":"pa_stone-color-pearl","15":"pa_type-category-necklaces","17":"first","18":"instock","19":"taxable","20":"shipping-taxable","21":"purchasable","22":"product-type-simple"},"bundled_by":[],"bundle_stock_status":"instock","bundle_stock_quantity":2,"bundle_virtual":false,"bundle_layout":"","bundle_add_to_cart_form_location":"","bundle_editable_in_cart":false,"bundle_sold_individually_context":"","bundle_item_grouping":"","bundle_min_size":"","bundle_max_size":"","bundle_price":[],"bundled_items":[],"bundle_sell_ids":[],"etheme_brands":{"errors":{"invalid_taxonomy":["Lubamatu taksonoomia."]},"error_data":[]},"_links":{"self":[{"href":"https:\/\/glamuur.ee\/et\/wp-json\/wp\/v2\/product\/277717","targetHints":{"allow":["GET"]}}],"collection":[{"href":"https:\/\/glamuur.ee\/et\/wp-json\/wp\/v2\/product"}],"about":[{"href":"https:\/\/glamuur.ee\/et\/wp-json\/wp\/v2\/types\/product"}],"replies":[{"embeddable":true,"href":"https:\/\/glamuur.ee\/et\/wp-json\/wp\/v2\/comments?post=277717"}],"wp:featuredmedia":[{"embeddable":true,"href":"https:\/\/glamuur.ee\/et\/wp-json\/wp\/v2\/media\/277718"}],"wp:attachment":[{"href":"https:\/\/glamuur.ee\/et\/wp-json\/wp\/v2\/media?parent=277717"}],"wp:term":[{"taxonomy":"product_brand","embeddable":true,"href":"https:\/\/glamuur.ee\/et\/wp-json\/wp\/v2\/product_brand?post=277717"},{"taxonomy":"product_cat","embeddable":true,"href":"https:\/\/glamuur.ee\/et\/wp-json\/wp\/v2\/product_cat?post=277717"},{"taxonomy":"product_tag","embeddable":true,"href":"https:\/\/glamuur.ee\/et\/wp-json\/wp\/v2\/product_tag?post=277717"},{"taxonomy":"giftcard-category","embeddable":true,"href":"https:\/\/glamuur.ee\/et\/wp-json\/wp\/v2\/giftcard-category?post=277717"}],"curies":[{"name":"wp","href":"https:\/\/api.w.org\/{rel}","templated":true}]}}